{"id":3079,"date":"2024-07-30T11:01:15","date_gmt":"2024-07-30T09:01:15","guid":{"rendered":"http:\/\/panettonevergani.com\/prodotti\/"},"modified":"2024-11-13T13:01:47","modified_gmt":"2024-11-13T12:01:47","slug":"produits","status":"publish","type":"page","link":"https:\/\/panettonevergani.com\/fr\/produits\/","title":{"rendered":"Produits"},"content":{"rendered":"<div>\n<p>    <?xml version=\"1.0\" encoding=\"UTF-8\"?><br \/>\n<svg id=\"Livello_1\" xmlns=\"http:\/\/www.w3.org\/2000\/svg\" version=\"1.1\" viewBox=\"0 0 1479.86 319.24\">\n  <!-- Generator: Adobe Illustrator 29.0.0, SVG Export Plug-In . SVG Version: 2.1.0 Build 186)  -->\n  <defs><\/p>\n<style>\n      .st0 {\n        fill: #2c7aa9;\n      }\n    <\/style>\n<p>  <\/defs>\n  <path class=\"st0\" d=\"M74.86,262.73v1.47H14.68v-1.47c6.24-4.77,10.27-12.11,10.27-20.18V28.99c0-8.44-4.04-15.41-10.27-20.18v-1.47h81.09c55.78,0,91.37,29.36,91.37,76.32s-35.96,77.06-88.8,77.06h-34.12v81.83c0,8.07,4.04,15.41,10.64,20.18ZM97.61,125.5c30.82,0,50.64-13.58,50.64-41.1s-18.71-41.83-51-41.83h-33.03v82.93h33.39Z\"\/>\n  <path class=\"st0\" d=\"M272.64,262.73v1.47h-60.18v-1.47c6.24-4.77,10.28-12.11,10.28-20.18V28.99c0-8.44-4.04-15.41-10.28-20.18v-1.47h80.36c54.67,0,91,29.72,91,73.76,0,33.76-21.28,57.24-55.41,66.05,34.49,27.15,49.9,91.74,103.48,91.74,24.22,0,37.8-13.21,41.83-13.21,1.47,0,4.04,2.2,4.04,6.97,0,13.94-22.38,38.9-58.34,38.9-73.76,0-96.87-115.59-141.64-115.59h-15.78v86.6c0,8.07,4.04,15.41,10.64,20.18ZM295.02,120.72c31.56,0,49.54-14.31,49.54-38.9s-17.98-39.26-48.07-39.26h-34.49v78.16h33.03Z\"\/>\n  <path class=\"st0\" d=\"M412.07,109.72c0-49.9,38.9-89.9,88.07-89.9s87.7,40,87.7,89.9-38.53,90.27-87.7,90.27-88.07-40-88.07-90.27ZM500.14,163.66c29.36,0,51-22.75,51-53.94s-21.65-53.57-51-53.57-51,22.75-51,53.57,21.28,53.94,51,53.94Z\"\/>\n  <path class=\"st0\" d=\"M617.56,262.73c6.24-4.77,10.27-12.11,10.27-20.18V28.99c0-8.44-4.04-15.41-10.27-20.18v-1.47h78.89c58.34,0,142.74,20.18,142.74,127.7,0,95.41-64.95,129.16-124.39,129.16h-97.24v-1.47ZM708.56,228.97c60.91,0,91.37-31.92,91.37-93.57s-33.76-92.84-102.01-92.84h-30.82v186.41h41.46Z\"\/>\n  <path class=\"st0\" d=\"M864.14,175.77V28.99c0-8.44-4.04-15.41-10.28-20.18v-1.47h60.91v1.47c-6.6,4.77-10.64,11.74-10.64,20.18v146.78c0,39.26,15.41,59.81,46.23,59.81s46.6-20.55,46.6-59.81V28.99c0-8.44-4.04-15.41-10.64-20.18v-1.47h60.91v1.47c-6.6,4.77-10.64,11.74-10.64,20.18v146.78c0,59.81-29.36,95.77-86.23,95.77s-86.23-35.96-86.23-95.77Z\"\/>\n  <path class=\"st0\" d=\"M1081.73,262.73c6.24-4.77,10.27-12.11,10.27-20.18V103.48c0-8.44-4.04-15.78-10.27-20.18v-1.47h60.18v1.47c-6.61,4.4-10.64,11.74-10.64,20.18v139.07c0,8.07,4.04,15.41,10.64,20.18v1.47h-60.18v-1.47Z\"\/>\n  <path class=\"st0\" d=\"M1194.75,262.73c6.61-4.77,10.28-12.11,10.28-20.18V42.57h-51.01c-8.81,0-16.14,3.67-19.08,9.54h-2.2l6.97-44.77h169.89l6.97,44.77h-1.84c-2.94-5.87-10.27-9.54-19.08-9.54h-51.37v199.98c0,8.07,4.04,15.41,10.64,20.18v1.47h-60.18v-1.47Z\"\/>\n  <path class=\"st0\" d=\"M1328.31,208.42c0-28.25,20.92-48.07,42.93-48.07,17.61,0,28.62,12.11,28.62,19.08,0,1.83-.73,2.57-1.84,2.57-1.83,0-5.14-1.83-11.01-1.83-12.11,0-21.28,10.27-21.28,24.59,0,19.81,16.51,31.56,34.86,31.56,20.55,0,36.33-15.04,36.33-38.53,0-60.54-99.81-73.76-99.81-140.17,0-35.96,29.72-57.61,60.18-57.61,27.52,0,42.2,17.25,49.9,17.25,2.57,0,5.14-1.47,6.97-4.4h2.2v54.31h-1.84c-11.38-15.04-31.19-31.56-52.11-31.56-16.88,0-26.05,10.27-26.05,22.38,0,40,99.44,62.38,99.44,137.97,0,38.9-27.15,75.59-74.86,75.59-41.83,0-72.65-28.62-72.65-63.11Z\"\/>\n  <path class=\"st0\" d=\"M0,319.24v-18.34h1479.86v18.34H0Z\"\/>\n<\/svg>\n<\/div>\n<ul>\n<li>\n<p><img decoding=\"async\" src=\"\/wp-content\/uploads\/2024\/07\/fette-panettone.jpg\" alt=\"\" title=\"\"><\/p>\n<h3>Panettoni<\/h3>\n<p><a href=\"\/prodotti\/panettone\/\"><\/a><\/p>\n<\/li>\n<li>\n<p><img decoding=\"async\" src=\"\/wp-content\/uploads\/2024\/07\/pandoro-fette.jpg\" alt=\"\" title=\"\"><\/p>\n<h3>Pandori<\/h3>\n<p><a href=\"\/prodotti\/pandoro\/\"><\/a><\/p>\n<\/li>\n<li>\n<p><img decoding=\"async\" src=\"\/wp-content\/uploads\/2024\/07\/shutterstock_2138798381.jpg\" alt=\"\" title=\"\"><\/p>\n<h3> Colombe<\/h3>\n<p><a href=\"\/prodotti\/colomba\/\"><\/a><\/p>\n<\/li>\n<li>\n<p><img decoding=\"async\" src=\"\/wp-content\/uploads\/2024\/07\/istockphoto-873548264-2048x2048-1.jpg\" alt=\"\" title=\"\"><\/p>\n<h3>Chiacchere<\/h3>\n<p><a href=\"\/prodotti\/chiacchere\/\"><\/a><\/p>\n<\/li>\n<\/ul>\n<ul>\n<li>\n<p><img decoding=\"async\" src=\"\/wp-content\/uploads\/2024\/08\/prodotti-grid-mobile-1.png\" alt=\"\" title=\"\"><\/p>\n<h3>Panettoni<\/h3>\n<p><a href=\"\/prodotti\/panettone\/\"><\/a><\/p>\n<\/li>\n<li>\n<p><img decoding=\"async\" src=\"\/wp-content\/uploads\/2024\/08\/prodotti-grid-mobile-2.png\" alt=\"\" title=\"\"><\/p>\n<h3>Pandori<\/h3>\n<p><a href=\"\/prodotti\/pandoro\/\"><\/a><\/p>\n<\/li>\n<li>\n<p><img decoding=\"async\" src=\"\/wp-content\/uploads\/2024\/08\/prodotti-grid-mobile-3.png\" alt=\"\" title=\"\"><\/p>\n<h3> Colombe<\/h3>\n<p><a href=\"\/prodotti\/colomba\/\"><\/a><\/p>\n<\/li>\n<li>\n<p><img decoding=\"async\" src=\"\/wp-content\/uploads\/2024\/08\/prodotti-grid-mobile-4.png\" alt=\"\" title=\"\"><\/p>\n<h3>Chiacchere<\/h3>\n<p><a href=\"\/prodotti\/chiacchere\/\"><\/a><\/p>\n<\/li>\n<\/ul>\n<div>\n<p>La p\u00e2tisserie est un art, et le Panettone en repr\u00e9sente la discipline la plus noble. <br \/>La texture, la l\u00e9g\u00e8ret\u00e9, le volume, la couleur, l&rsquo;ar\u00f4me : avant m\u00eame d&rsquo;\u00eatre go\u00fbt\u00e9, un Panettone refl\u00e8te la comp\u00e9tence et la passion de son cr\u00e9ateur. L&rsquo;expertise que Vergani met dans ses panettoni se refl\u00e8te in\u00e9vitablement dans tous les produits Vergani. Ils m\u00e9ritent tous d&rsquo;\u00eatre go\u00fbt\u00e9s.<\/p>\n<\/div>\n<p><!--more--><br \/>\n<!-- {\"type\":\"layout\",\"children\":[{\"type\":\"section\",\"props\":{\"image_position\":\"center-center\",\"padding_remove_bottom\":true,\"padding_remove_top\":true,\"style\":\"primary\",\"title_breakpoint\":\"xl\",\"title_position\":\"top-left\",\"title_rotation\":\"left\",\"vertical_align\":\"middle\",\"width\":\"default\"},\"children\":[{\"type\":\"row\",\"children\":[{\"type\":\"column\",\"props\":{\"image_position\":\"center-center\",\"padding\":\"xsmall\",\"position_sticky_breakpoint\":\"m\",\"style\":\"card-default\"},\"children\":[{\"type\":\"html\",\"props\":{\"content\":\"<?xml version=\\\"1.0\\\" encoding=\\\"UTF-8\\\"?>\\n<svg id=\\\"Livello_1\\\" xmlns=\\\"http:\\\/\\\/www.w3.org\\\/2000\\\/svg\\\" version=\\\"1.1\\\" viewBox=\\\"0 0 1479.86 319.24\\\">\\n  <!-- Generator: Adobe Illustrator 29.0.0, SVG Export Plug-In . SVG Version: 2.1.0 Build 186)  -->\\n  <defs>\\n    <\/p>\n<style>\\n      .st0 {\\n        fill: #2c7aa9;\\n      }\\n    <\\\/style>\\n  <\\\/defs>\\n  <path class=\\\"st0\\\" d=\\\"M74.86,262.73v1.47H14.68v-1.47c6.24-4.77,10.27-12.11,10.27-20.18V28.99c0-8.44-4.04-15.41-10.27-20.18v-1.47h81.09c55.78,0,91.37,29.36,91.37,76.32s-35.96,77.06-88.8,77.06h-34.12v81.83c0,8.07,4.04,15.41,10.64,20.18ZM97.61,125.5c30.82,0,50.64-13.58,50.64-41.1s-18.71-41.83-51-41.83h-33.03v82.93h33.39Z\\\"\\\/>\\n  <path class=\\\"st0\\\" d=\\\"M272.64,262.73v1.47h-60.18v-1.47c6.24-4.77,10.28-12.11,10.28-20.18V28.99c0-8.44-4.04-15.41-10.28-20.18v-1.47h80.36c54.67,0,91,29.72,91,73.76,0,33.76-21.28,57.24-55.41,66.05,34.49,27.15,49.9,91.74,103.48,91.74,24.22,0,37.8-13.21,41.83-13.21,1.47,0,4.04,2.2,4.04,6.97,0,13.94-22.38,38.9-58.34,38.9-73.76,0-96.87-115.59-141.64-115.59h-15.78v86.6c0,8.07,4.04,15.41,10.64,20.18ZM295.02,120.72c31.56,0,49.54-14.31,49.54-38.9s-17.98-39.26-48.07-39.26h-34.49v78.16h33.03Z\\\"\\\/>\\n  <path class=\\\"st0\\\" d=\\\"M412.07,109.72c0-49.9,38.9-89.9,88.07-89.9s87.7,40,87.7,89.9-38.53,90.27-87.7,90.27-88.07-40-88.07-90.27ZM500.14,163.66c29.36,0,51-22.75,51-53.94s-21.65-53.57-51-53.57-51,22.75-51,53.57,21.28,53.94,51,53.94Z\\\"\\\/>\\n  <path class=\\\"st0\\\" d=\\\"M617.56,262.73c6.24-4.77,10.27-12.11,10.27-20.18V28.99c0-8.44-4.04-15.41-10.27-20.18v-1.47h78.89c58.34,0,142.74,20.18,142.74,127.7,0,95.41-64.95,129.16-124.39,129.16h-97.24v-1.47ZM708.56,228.97c60.91,0,91.37-31.92,91.37-93.57s-33.76-92.84-102.01-92.84h-30.82v186.41h41.46Z\\\"\\\/>\\n  <path class=\\\"st0\\\" d=\\\"M864.14,175.77V28.99c0-8.44-4.04-15.41-10.28-20.18v-1.47h60.91v1.47c-6.6,4.77-10.64,11.74-10.64,20.18v146.78c0,39.26,15.41,59.81,46.23,59.81s46.6-20.55,46.6-59.81V28.99c0-8.44-4.04-15.41-10.64-20.18v-1.47h60.91v1.47c-6.6,4.77-10.64,11.74-10.64,20.18v146.78c0,59.81-29.36,95.77-86.23,95.77s-86.23-35.96-86.23-95.77Z\\\"\\\/>\\n  <path class=\\\"st0\\\" d=\\\"M1081.73,262.73c6.24-4.77,10.27-12.11,10.27-20.18V103.48c0-8.44-4.04-15.78-10.27-20.18v-1.47h60.18v1.47c-6.61,4.4-10.64,11.74-10.64,20.18v139.07c0,8.07,4.04,15.41,10.64,20.18v1.47h-60.18v-1.47Z\\\"\\\/>\\n  <path class=\\\"st0\\\" d=\\\"M1194.75,262.73c6.61-4.77,10.28-12.11,10.28-20.18V42.57h-51.01c-8.81,0-16.14,3.67-19.08,9.54h-2.2l6.97-44.77h169.89l6.97,44.77h-1.84c-2.94-5.87-10.27-9.54-19.08-9.54h-51.37v199.98c0,8.07,4.04,15.41,10.64,20.18v1.47h-60.18v-1.47Z\\\"\\\/>\\n  <path class=\\\"st0\\\" d=\\\"M1328.31,208.42c0-28.25,20.92-48.07,42.93-48.07,17.61,0,28.62,12.11,28.62,19.08,0,1.83-.73,2.57-1.84,2.57-1.83,0-5.14-1.83-11.01-1.83-12.11,0-21.28,10.27-21.28,24.59,0,19.81,16.51,31.56,34.86,31.56,20.55,0,36.33-15.04,36.33-38.53,0-60.54-99.81-73.76-99.81-140.17,0-35.96,29.72-57.61,60.18-57.61,27.52,0,42.2,17.25,49.9,17.25,2.57,0,5.14-1.47,6.97-4.4h2.2v54.31h-1.84c-11.38-15.04-31.19-31.56-52.11-31.56-16.88,0-26.05,10.27-26.05,22.38,0,40,99.44,62.38,99.44,137.97,0,38.9-27.15,75.59-74.86,75.59-41.83,0-72.65-28.62-72.65-63.11Z\\\"\\\/>\\n  <path class=\\\"st0\\\" d=\\\"M0,319.24v-18.34h1479.86v18.34H0Z\\\"\\\/>\\n<\\\/svg>\"}},{\"type\":\"grid\",\"props\":{\"content_column_breakpoint\":\"m\",\"filter_align\":\"left\",\"filter_all\":true,\"filter_grid_breakpoint\":\"m\",\"filter_grid_width\":\"auto\",\"filter_position\":\"top\",\"filter_style\":\"tab\",\"grid_column_gap\":\"small\",\"grid_default\":\"4\",\"grid_medium\":\"\",\"icon_width\":80,\"image_align\":\"top\",\"image_grid_breakpoint\":\"m\",\"image_grid_width\":\"1-2\",\"image_height\":\"1100\",\"image_link\":true,\"image_svg_color\":\"emphasis\",\"image_width\":\"600\",\"item_animation\":true,\"link_style\":\"default\",\"link_text\":\"\",\"margin\":\"medium\",\"meta_align\":\"below-title\",\"meta_element\":\"div\",\"meta_style\":\"text-meta\",\"show_content\":true,\"show_image\":true,\"show_link\":true,\"show_meta\":true,\"show_title\":false,\"text_align\":\"center\",\"title_align\":\"top\",\"title_color\":\"primary\",\"title_element\":\"h3\",\"title_grid_breakpoint\":\"m\",\"title_grid_width\":\"1-2\",\"title_hover_style\":\"reset\",\"visibility\":\"s\"},\"children\":[{\"type\":\"grid_item\",\"props\":{\"image\":\"wp-content\\\/uploads\\\/2024\\\/07\\\/fette-panettone.jpg\",\"link\":\"prodotti\\\/panettone\\\/\",\"title\":\"Panettoni\"}},{\"type\":\"grid_item\",\"props\":{\"image\":\"wp-content\\\/uploads\\\/2024\\\/07\\\/pandoro-fette.jpg\",\"link\":\"prodotti\\\/pandoro\\\/\",\"title\":\"Pandori\"}},{\"type\":\"grid_item\",\"props\":{\"image\":\"wp-content\\\/uploads\\\/2024\\\/07\\\/shutterstock_2138798381.jpg\",\"link\":\"prodotti\\\/colomba\\\/\",\"title\":\" Colombe\"}},{\"type\":\"grid_item\",\"props\":{\"image\":\"wp-content\\\/uploads\\\/2024\\\/07\\\/istockphoto-873548264-2048x2048-1.jpg\",\"link\":\"prodotti\\\/chiacchere\\\/\",\"title\":\"Chiacchere\"}}],\"name\":\"grid-prodotti-zoom\"},{\"type\":\"grid\",\"props\":{\"content_column_breakpoint\":\"m\",\"filter_align\":\"left\",\"filter_all\":true,\"filter_grid_breakpoint\":\"m\",\"filter_grid_width\":\"auto\",\"filter_position\":\"top\",\"filter_style\":\"tab\",\"grid_column_gap\":\"small\",\"grid_default\":\"4\",\"grid_medium\":\"\",\"icon_width\":80,\"image_align\":\"top\",\"image_grid_breakpoint\":\"m\",\"image_grid_width\":\"1-2\",\"image_link\":true,\"image_svg_color\":\"emphasis\",\"item_animation\":true,\"link_style\":\"default\",\"link_text\":\"\",\"margin\":\"medium\",\"meta_align\":\"below-title\",\"meta_element\":\"div\",\"meta_style\":\"text-meta\",\"show_content\":true,\"show_image\":true,\"show_link\":true,\"show_meta\":true,\"show_title\":false,\"text_align\":\"center\",\"title_align\":\"top\",\"title_color\":\"primary\",\"title_element\":\"h3\",\"title_grid_breakpoint\":\"m\",\"title_grid_width\":\"1-2\",\"title_hover_style\":\"reset\",\"visibility\":\"hidden-s\"},\"children\":[{\"type\":\"grid_item\",\"props\":{\"image\":\"wp-content\\\/uploads\\\/2024\\\/08\\\/prodotti-grid-mobile-1.png\",\"link\":\"prodotti\\\/panettone\\\/\",\"title\":\"Panettoni\"}},{\"type\":\"grid_item\",\"props\":{\"image\":\"wp-content\\\/uploads\\\/2024\\\/08\\\/prodotti-grid-mobile-2.png\",\"link\":\"prodotti\\\/pandoro\\\/\",\"title\":\"Pandori\"}},{\"type\":\"grid_item\",\"props\":{\"image\":\"wp-content\\\/uploads\\\/2024\\\/08\\\/prodotti-grid-mobile-3.png\",\"link\":\"prodotti\\\/colomba\\\/\",\"title\":\" Colombe\"}},{\"type\":\"grid_item\",\"props\":{\"image\":\"wp-content\\\/uploads\\\/2024\\\/08\\\/prodotti-grid-mobile-4.png\",\"link\":\"prodotti\\\/chiacchere\\\/\",\"title\":\"Chiacchere\"}}],\"name\":\"grid-prodotti-zoom\"},{\"type\":\"text\",\"props\":{\"column_breakpoint\":\"m\",\"content\":\"<\/p>\n<p>La p\\u00e2tisserie est un art, et le Panettone en repr\\u00e9sente la discipline la plus noble. <br \\\/>La texture, la l\\u00e9g\\u00e8ret\\u00e9, le volume, la couleur, l'ar\\u00f4me : avant m\\u00eame d'\\u00eatre go\\u00fbt\\u00e9, un Panettone refl\\u00e8te la comp\\u00e9tence et la passion de son cr\\u00e9ateur. L'expertise que Vergani met dans ses panettoni se refl\\u00e8te in\\u00e9vitablement dans tous les produits Vergani. Ils m\\u00e9ritent tous d'\\u00eatre go\\u00fbt\\u00e9s.<\\\/p>\",\"margin\":\"default\",\"text_color\":\"primary\"}}]}],\"props\":{\"class\":\"prima-sezione-titolo\",\"css\":\".el-row{\\n\\tposition: relative;\\n}\",\"height\":\"pixels\",\"height_viewport\":400}}]}],\"version\":\"4.4.8\"} --><\/p>\n","protected":false},"excerpt":{"rendered":"<p>Panettoni Pandori Colombe Chiacchere Panettoni Pandori Colombe Chiacchere La p\u00e2tisserie est un art, et le Panettone en repr\u00e9sente la discipline la plus noble. La texture, la l\u00e9g\u00e8ret\u00e9, le volume, la couleur, l&rsquo;ar\u00f4me : avant m\u00eame d&rsquo;\u00eatre go\u00fbt\u00e9, un Panettone refl\u00e8te la comp\u00e9tence et la passion de son cr\u00e9ateur. L&rsquo;expertise que Vergani met dans ses panettoni [&hellip;]<\/p>\n","protected":false},"author":2,"featured_media":0,"parent":0,"menu_order":0,"comment_status":"closed","ping_status":"closed","template":"","meta":{"footnotes":""},"class_list":["post-3079","page","type-page","status-publish","hentry"],"_links":{"self":[{"href":"https:\/\/panettonevergani.com\/fr\/wp-json\/wp\/v2\/pages\/3079","targetHints":{"allow":["GET"]}}],"collection":[{"href":"https:\/\/panettonevergani.com\/fr\/wp-json\/wp\/v2\/pages"}],"about":[{"href":"https:\/\/panettonevergani.com\/fr\/wp-json\/wp\/v2\/types\/page"}],"author":[{"embeddable":true,"href":"https:\/\/panettonevergani.com\/fr\/wp-json\/wp\/v2\/users\/2"}],"replies":[{"embeddable":true,"href":"https:\/\/panettonevergani.com\/fr\/wp-json\/wp\/v2\/comments?post=3079"}],"version-history":[{"count":4,"href":"https:\/\/panettonevergani.com\/fr\/wp-json\/wp\/v2\/pages\/3079\/revisions"}],"predecessor-version":[{"id":3773,"href":"https:\/\/panettonevergani.com\/fr\/wp-json\/wp\/v2\/pages\/3079\/revisions\/3773"}],"wp:attachment":[{"href":"https:\/\/panettonevergani.com\/fr\/wp-json\/wp\/v2\/media?parent=3079"}],"curies":[{"name":"wp","href":"https:\/\/api.w.org\/{rel}","templated":true}]}}