{"id":3081,"date":"2024-09-03T17:52:10","date_gmt":"2024-09-03T15:52:10","guid":{"rendered":"http:\/\/panettonevergani.com\/prodotti\/babbo-natale\/"},"modified":"2024-11-19T11:12:04","modified_gmt":"2024-11-19T10:12:04","slug":"pere-noel","status":"publish","type":"page","link":"https:\/\/panettonevergani.com\/fr\/produits\/pere-noel\/","title":{"rendered":"P\u00e8re No\u00ebl"},"content":{"rendered":"<div><?xml version=\"1.0\" encoding=\"UTF-8\"?><br \/>\n<svg id=\"Livello_1\" xmlns=\"http:\/\/www.w3.org\/2000\/svg\" version=\"1.1\" viewBox=\"0 0 1085.88 667.14\">\n  <!-- Generator: Adobe Illustrator 29.0.0, SVG Export Plug-In . SVG Version: 2.1.0 Build 186)  -->\n  <defs><\/p>\n<style>\n      .st0 {\n        fill: #2c7aa9;\n      }\n    <\/style>\n<p>  <\/defs>\n  <path class=\"st0\" d=\"M7.94,225.6c0-30.58,22.64-52.03,46.47-52.03,19.06,0,30.98,13.11,30.98,20.65,0,1.99-.79,2.78-1.99,2.78-1.99,0-5.56-1.99-11.92-1.99-13.11,0-23.04,11.12-23.04,26.61,0,21.45,17.87,34.16,37.73,34.16,22.24,0,39.32-16.28,39.32-41.7,0-65.54-108.03-79.83-108.03-151.73C17.48,23.43,49.65,0,82.62,0c29.79,0,45.68,18.67,54.02,18.67,2.78,0,5.56-1.59,7.55-4.77h2.38v58.78h-1.98c-12.31-16.29-33.76-34.16-56.4-34.16-18.27,0-28.2,11.12-28.2,24.23,0,43.29,107.64,67.52,107.64,149.34,0,42.1-29.39,81.82-81.03,81.82-45.28,0-78.64-30.98-78.64-68.32Z\"\/>\n  <path class=\"st0\" d=\"M200.58,261.35l51.24-228.78c1.98-9.53,0-17.48-9.53-23.04v-1.59h110.81v1.59c-9.93,5.96-11.52,13.5-9.53,23.04l51.24,228.78c2.78,11.92,9.13,18.67,15.49,23.04v1.59h-65.14v-1.59c9.13-5.16,12.31-12.71,9.93-23.04l-11.12-50.04h-92.54l-11.12,50.04c-1.99,9.53,0,17.48,9.93,23.04v1.59h-65.14v-1.59c6.75-4.37,12.71-11.52,15.49-23.04ZM335.22,173.17l-28.6-127.1h-17.87l-28.6,127.1h75.07Z\"\/>\n  <path class=\"st0\" d=\"M440.87,284.39c6.75-5.16,11.12-13.11,11.12-21.85V31.38c0-9.14-4.37-16.68-11.12-21.85v-1.59h65.14v1.59c-7.15,5.16-11.52,12.71-11.52,21.85v.4c0,59.18,78.64,100.49,95.72,147.36V31.38c0-9.14-4.37-16.68-11.52-21.85v-1.59h65.14v1.59c-7.15,5.16-11.52,12.71-11.52,21.85v231.16c0,8.74,4.37,16.68,11.52,21.85v1.59h-65.14v-1.59c7.15-5.16,11.52-13.11,11.52-21.85v-.4c0-59.98-79.83-103.67-95.72-148.95v149.34c0,8.74,4.37,16.68,11.52,21.85v1.59h-65.14v-1.59Z\"\/>\n  <path class=\"st0\" d=\"M739.54,284.39c7.15-5.16,11.12-13.11,11.12-21.85V46.07h-55.21c-9.53,0-17.48,3.97-20.65,10.33h-2.38l7.55-48.46h183.9l7.54,48.46h-1.98c-3.18-6.35-11.12-10.33-20.65-10.33h-55.61v216.47c0,8.74,4.37,16.68,11.52,21.85v1.59h-65.14v-1.59Z\"\/>\n  <path class=\"st0\" d=\"M876.17,261.35l51.24-228.78c1.98-9.53,0-17.48-9.53-23.04v-1.59h110.81v1.59c-9.93,5.96-11.52,13.5-9.53,23.04l51.24,228.78c2.78,11.92,9.13,18.67,15.49,23.04v1.59h-65.14v-1.59c9.13-5.16,12.31-12.71,9.93-23.04l-11.12-50.04h-92.54l-11.12,50.04c-1.99,9.53,0,17.48,9.93,23.04v1.59h-65.14v-1.59c6.75-4.37,12.71-11.52,15.49-23.04ZM1010.81,173.17l-28.6-127.1h-17.87l-28.6,127.1h75.07Z\"\/>\n  <path class=\"st0\" d=\"M7.94,468.55c0-85.39,63.95-146.96,142.99-146.96,43.29,0,65.54,18.67,79.04,18.67,3.97,0,6.75-1.19,8.74-4.37h2.78v58.78h-1.99c-13.9-16.28-48.06-34.95-85-34.95-55.61,0-104.06,41.31-104.06,106.84s44.49,110.81,109.62,110.81,89.37-38.92,95.72-38.92c1.59,0,2.38,1.59,2.38,4.77,0,20.65-32.57,72.29-106.05,72.29-79.04,0-144.18-61.96-144.18-146.96Z\"\/>\n  <path class=\"st0\" d=\"M289.54,605.98c6.75-5.16,11.12-13.11,11.12-21.85v-231.16c0-9.14-4.37-16.68-11.12-21.85v-1.59h65.14v1.59c-7.15,5.16-11.52,12.71-11.52,21.85v216.47h129.48c9.13,0,17.48-3.97,20.26-10.33h2.38l-6.75,48.46h-198.99v-1.59Z\"\/>\n  <path class=\"st0\" d=\"M422.99,512.24l35.35-158.08c1.99-8.74.4-17.48-9.53-23.04v-1.59h111.21v1.59c-8.74,5.16-12.31,12.71-9.93,23.04l51.63,228.78c2.38,10.72,8.74,19.07,15.09,23.04v1.59h-64.74v-1.59c9.93-5.96,11.52-13.5,9.53-23.04l-20.65-92.15h-73.08l-4.77,21.45c-2.38,10.33.4,17.87,9.53,23.04v1.59h-64.74v-1.59c6.36-4.37,12.71-12.31,15.09-23.04ZM533.01,455.05l-19.46-87.38h-18.27l-19.46,87.38h57.2Z\"\/>\n  <path class=\"st0\" d=\"M649.38,511.85v-158.88c0-9.14-4.37-16.68-11.12-21.85v-1.59h65.93v1.59c-7.15,5.16-11.52,12.71-11.52,21.85v158.88c0,42.5,16.68,64.74,50.05,64.74s50.44-22.24,50.44-64.74v-158.88c0-9.14-4.37-16.68-11.52-21.85v-1.59h65.93v1.59c-7.15,5.16-11.52,12.71-11.52,21.85v158.88c0,64.74-31.78,103.67-93.34,103.67s-93.34-38.92-93.34-103.67Z\"\/>\n  <path class=\"st0\" d=\"M887.29,547.19c0-30.58,22.64-52.03,46.47-52.03,19.07,0,30.98,13.11,30.98,20.65,0,1.99-.79,2.78-1.99,2.78-1.99,0-5.56-1.99-11.92-1.99-13.11,0-23.04,11.12-23.04,26.61,0,21.45,17.87,34.16,37.73,34.16,22.24,0,39.32-16.28,39.32-41.7,0-65.54-108.04-79.83-108.04-151.73,0-38.92,32.17-62.36,65.14-62.36,29.79,0,45.68,18.67,54.02,18.67,2.78,0,5.56-1.59,7.55-4.77h2.38v58.78h-1.99c-12.31-16.29-33.76-34.16-56.4-34.16-18.27,0-28.2,11.12-28.2,24.23,0,43.29,107.64,67.52,107.64,149.34,0,42.1-29.39,81.82-81.03,81.82-45.28,0-78.64-30.98-78.64-68.32Z\"\/>\n  <path class=\"st0\" d=\"M0,667.14v-19.85h1051.33v19.85H0Z\"\/>\n<\/svg><\/div>\n<p><img decoding=\"async\" src=\"\/wp-content\/uploads\/2024\/09\/panettone-babbo-natale.png\" alt=\"\" title=\"\"><\/p>\n<div>\n<p>Un incontournable de la tradition de No\u00ebl, la ligne P\u00e8re No\u00ebl convient aux adultes comme aux enfants. \u00c9l\u00e9gant et raffin\u00e9, il contient notre Panettone Milanais Classique et Pandoro Classique.<\/p>\n<\/div>\n<div>\n<p><b>Disponible dans les vari\u00e9t\u00e9s suivantes:\u00a0\u00a0<\/b><\/p>\n<ul>\n<li>Panettone Traditionnel 1000g<\/li>\n<li>Pandoro Traditionnel 1000g<\/li>\n<\/ul>\n<\/div>\n<p><!--more--><br \/>\n<!-- {\"type\":\"layout\",\"children\":[{\"type\":\"section\",\"props\":{\"image_position\":\"center-center\",\"padding_remove_bottom\":true,\"padding_remove_top\":true,\"preserve_color\":true,\"style\":\"primary\",\"title_breakpoint\":\"xl\",\"title_position\":\"top-left\",\"title_rotation\":\"left\",\"vertical_align\":\"middle\",\"width\":\"default\"},\"children\":[{\"type\":\"row\",\"children\":[{\"type\":\"column\",\"props\":{\"image_position\":\"center-center\",\"padding\":\"xsmall\",\"position_sticky_breakpoint\":\"m\",\"style\":\"card-default\"},\"children\":[{\"type\":\"fragment\",\"props\":{\"blend\":false,\"css\":\"@media (min-width: 960px) {\\n    .uk-width-2-5\\\\@m {\\n        width: 47%;\\n    }\\n    .uk-width-3-5\\\\@m {\\n        width: 53%;\\n    }\\n}\",\"margin\":\"remove-vertical\",\"margin_remove_bottom\":false,\"margin_remove_top\":false},\"children\":[{\"type\":\"row\",\"props\":{\"column_gap\":\"collapse\"},\"children\":[{\"type\":\"column\",\"props\":{\"image_position\":\"center-center\",\"position_sticky_breakpoint\":\"m\",\"vertical_align\":\"middle\"},\"children\":[{\"type\":\"text\",\"props\":{\"column_breakpoint\":\"m\",\"content\":\"<?xml version=\\\"1.0\\\" encoding=\\\"UTF-8\\\"?>\\n<svg id=\\\"Livello_1\\\" xmlns=\\\"http:\\\/\\\/www.w3.org\\\/2000\\\/svg\\\" version=\\\"1.1\\\" viewBox=\\\"0 0 1085.88 667.14\\\">\\n  <!-- Generator: Adobe Illustrator 29.0.0, SVG Export Plug-In . SVG Version: 2.1.0 Build 186)  -->\\n  <defs>\\n    <\/p>\n<style>\\n      .st0 {\\n        fill: #2c7aa9;\\n      }\\n    <\\\/style>\\n  <\\\/defs>\\n  <path class=\\\"st0\\\" d=\\\"M7.94,225.6c0-30.58,22.64-52.03,46.47-52.03,19.06,0,30.98,13.11,30.98,20.65,0,1.99-.79,2.78-1.99,2.78-1.99,0-5.56-1.99-11.92-1.99-13.11,0-23.04,11.12-23.04,26.61,0,21.45,17.87,34.16,37.73,34.16,22.24,0,39.32-16.28,39.32-41.7,0-65.54-108.03-79.83-108.03-151.73C17.48,23.43,49.65,0,82.62,0c29.79,0,45.68,18.67,54.02,18.67,2.78,0,5.56-1.59,7.55-4.77h2.38v58.78h-1.98c-12.31-16.29-33.76-34.16-56.4-34.16-18.27,0-28.2,11.12-28.2,24.23,0,43.29,107.64,67.52,107.64,149.34,0,42.1-29.39,81.82-81.03,81.82-45.28,0-78.64-30.98-78.64-68.32Z\\\"\\\/>\\n  <path class=\\\"st0\\\" d=\\\"M200.58,261.35l51.24-228.78c1.98-9.53,0-17.48-9.53-23.04v-1.59h110.81v1.59c-9.93,5.96-11.52,13.5-9.53,23.04l51.24,228.78c2.78,11.92,9.13,18.67,15.49,23.04v1.59h-65.14v-1.59c9.13-5.16,12.31-12.71,9.93-23.04l-11.12-50.04h-92.54l-11.12,50.04c-1.99,9.53,0,17.48,9.93,23.04v1.59h-65.14v-1.59c6.75-4.37,12.71-11.52,15.49-23.04ZM335.22,173.17l-28.6-127.1h-17.87l-28.6,127.1h75.07Z\\\"\\\/>\\n  <path class=\\\"st0\\\" d=\\\"M440.87,284.39c6.75-5.16,11.12-13.11,11.12-21.85V31.38c0-9.14-4.37-16.68-11.12-21.85v-1.59h65.14v1.59c-7.15,5.16-11.52,12.71-11.52,21.85v.4c0,59.18,78.64,100.49,95.72,147.36V31.38c0-9.14-4.37-16.68-11.52-21.85v-1.59h65.14v1.59c-7.15,5.16-11.52,12.71-11.52,21.85v231.16c0,8.74,4.37,16.68,11.52,21.85v1.59h-65.14v-1.59c7.15-5.16,11.52-13.11,11.52-21.85v-.4c0-59.98-79.83-103.67-95.72-148.95v149.34c0,8.74,4.37,16.68,11.52,21.85v1.59h-65.14v-1.59Z\\\"\\\/>\\n  <path class=\\\"st0\\\" d=\\\"M739.54,284.39c7.15-5.16,11.12-13.11,11.12-21.85V46.07h-55.21c-9.53,0-17.48,3.97-20.65,10.33h-2.38l7.55-48.46h183.9l7.54,48.46h-1.98c-3.18-6.35-11.12-10.33-20.65-10.33h-55.61v216.47c0,8.74,4.37,16.68,11.52,21.85v1.59h-65.14v-1.59Z\\\"\\\/>\\n  <path class=\\\"st0\\\" d=\\\"M876.17,261.35l51.24-228.78c1.98-9.53,0-17.48-9.53-23.04v-1.59h110.81v1.59c-9.93,5.96-11.52,13.5-9.53,23.04l51.24,228.78c2.78,11.92,9.13,18.67,15.49,23.04v1.59h-65.14v-1.59c9.13-5.16,12.31-12.71,9.93-23.04l-11.12-50.04h-92.54l-11.12,50.04c-1.99,9.53,0,17.48,9.93,23.04v1.59h-65.14v-1.59c6.75-4.37,12.71-11.52,15.49-23.04ZM1010.81,173.17l-28.6-127.1h-17.87l-28.6,127.1h75.07Z\\\"\\\/>\\n  <path class=\\\"st0\\\" d=\\\"M7.94,468.55c0-85.39,63.95-146.96,142.99-146.96,43.29,0,65.54,18.67,79.04,18.67,3.97,0,6.75-1.19,8.74-4.37h2.78v58.78h-1.99c-13.9-16.28-48.06-34.95-85-34.95-55.61,0-104.06,41.31-104.06,106.84s44.49,110.81,109.62,110.81,89.37-38.92,95.72-38.92c1.59,0,2.38,1.59,2.38,4.77,0,20.65-32.57,72.29-106.05,72.29-79.04,0-144.18-61.96-144.18-146.96Z\\\"\\\/>\\n  <path class=\\\"st0\\\" d=\\\"M289.54,605.98c6.75-5.16,11.12-13.11,11.12-21.85v-231.16c0-9.14-4.37-16.68-11.12-21.85v-1.59h65.14v1.59c-7.15,5.16-11.52,12.71-11.52,21.85v216.47h129.48c9.13,0,17.48-3.97,20.26-10.33h2.38l-6.75,48.46h-198.99v-1.59Z\\\"\\\/>\\n  <path class=\\\"st0\\\" d=\\\"M422.99,512.24l35.35-158.08c1.99-8.74.4-17.48-9.53-23.04v-1.59h111.21v1.59c-8.74,5.16-12.31,12.71-9.93,23.04l51.63,228.78c2.38,10.72,8.74,19.07,15.09,23.04v1.59h-64.74v-1.59c9.93-5.96,11.52-13.5,9.53-23.04l-20.65-92.15h-73.08l-4.77,21.45c-2.38,10.33.4,17.87,9.53,23.04v1.59h-64.74v-1.59c6.36-4.37,12.71-12.31,15.09-23.04ZM533.01,455.05l-19.46-87.38h-18.27l-19.46,87.38h57.2Z\\\"\\\/>\\n  <path class=\\\"st0\\\" d=\\\"M649.38,511.85v-158.88c0-9.14-4.37-16.68-11.12-21.85v-1.59h65.93v1.59c-7.15,5.16-11.52,12.71-11.52,21.85v158.88c0,42.5,16.68,64.74,50.05,64.74s50.44-22.24,50.44-64.74v-158.88c0-9.14-4.37-16.68-11.52-21.85v-1.59h65.93v1.59c-7.15,5.16-11.52,12.71-11.52,21.85v158.88c0,64.74-31.78,103.67-93.34,103.67s-93.34-38.92-93.34-103.67Z\\\"\\\/>\\n  <path class=\\\"st0\\\" d=\\\"M887.29,547.19c0-30.58,22.64-52.03,46.47-52.03,19.07,0,30.98,13.11,30.98,20.65,0,1.99-.79,2.78-1.99,2.78-1.99,0-5.56-1.99-11.92-1.99-13.11,0-23.04,11.12-23.04,26.61,0,21.45,17.87,34.16,37.73,34.16,22.24,0,39.32-16.28,39.32-41.7,0-65.54-108.04-79.83-108.04-151.73,0-38.92,32.17-62.36,65.14-62.36,29.79,0,45.68,18.67,54.02,18.67,2.78,0,5.56-1.59,7.55-4.77h2.38v58.78h-1.99c-12.31-16.29-33.76-34.16-56.4-34.16-18.27,0-28.2,11.12-28.2,24.23,0,43.29,107.64,67.52,107.64,149.34,0,42.1-29.39,81.82-81.03,81.82-45.28,0-78.64-30.98-78.64-68.32Z\\\"\\\/>\\n  <path class=\\\"st0\\\" d=\\\"M0,667.14v-19.85h1051.33v19.85H0Z\\\"\\\/>\\n<\\\/svg>\",\"margin\":\"default\"}},{\"type\":\"image\",\"props\":{\"css\":\".el-image{\\n\\ttransform: translatey(-25%);\\n}\\n\\n@media (max-width: 959px){\\n    .el-image{\\n    \\ttransform: none;\\n    }\\n}\",\"height_expand\":false,\"image\":\"wp-content\\\/uploads\\\/2024\\\/09\\\/panettone-babbo-natale.png\",\"image_svg_color\":\"emphasis\",\"image_viewport_height\":false,\"margin\":\"remove-vertical\",\"margin_remove_bottom\":false,\"text_align\":\"center\"}}]}]}]},{\"type\":\"fragment\",\"props\":{\"css\":\".el-element{\\n\\tmargin-top: calc(-25vh)!important;\\n}\\n\\n@media (max-width: 959px){\\n    .el-element{\\n    \\tmargin-top: calc(-2vh)!important;\\n    }\\n}\",\"margin\":\"default\",\"margin_remove_bottom\":false,\"margin_remove_top\":false},\"children\":[{\"type\":\"row\",\"props\":{\"layout\":\"2-3,1-3\"},\"children\":[{\"type\":\"column\",\"props\":{\"image_position\":\"center-center\",\"position_sticky_breakpoint\":\"m\",\"width_medium\":\"2-3\"},\"children\":[{\"type\":\"text\",\"props\":{\"column_breakpoint\":\"m\",\"content\":\"<\/p>\n<p>Un incontournable de la tradition de No\\u00ebl, la ligne P\\u00e8re No\\u00ebl convient aux adultes comme aux enfants. \\u00c9l\\u00e9gant et raffin\\u00e9, il contient notre Panettone Milanais Classique et Pandoro Classique.<\\\/p>\",\"margin\":\"default\",\"text_color\":\"primary\"}}]},{\"type\":\"column\",\"props\":{\"image_position\":\"center-center\",\"position_sticky_breakpoint\":\"m\",\"width_medium\":\"1-3\"},\"children\":[{\"type\":\"text\",\"props\":{\"column_breakpoint\":\"m\",\"content\":\"<\/p>\n<p><b>Disponible dans les vari\\u00e9t\\u00e9s suivantes:\\u00a0\\u00a0<\\\/b><\\\/p>\\n<\/p>\n<ul>\\n<\/p>\n<li>Panettone Traditionnel 1000g<\\\/li>\\n\n<li>Pandoro Traditionnel 1000g<\\\/li>\\n<\\\/ul>\",\"margin\":\"default\",\"text_color\":\"primary\"}}]}]}]}]}],\"props\":{\"class\":\"prima-sezione-titolo\",\"css\":\".el-row{\\n\\tposition: relative;\\n}\",\"height\":\"pixels\",\"height_viewport\":400}}]}],\"version\":\"4.4.8\"} --><br \/>\n","protected":false},"excerpt":{"rendered":"<p>Un incontournable de la tradition de No\u00ebl, la ligne P\u00e8re No\u00ebl convient aux adultes comme aux enfants. \u00c9l\u00e9gant et raffin\u00e9, il contient notre Panettone Milanais Classique et Pandoro Classique. Disponible dans les vari\u00e9t\u00e9s suivantes:\u00a0\u00a0 Panettone Traditionnel 1000g Pandoro Traditionnel 1000g<\/p>\n","protected":false},"author":2,"featured_media":0,"parent":3079,"menu_order":0,"comment_status":"closed","ping_status":"closed","template":"","meta":{"footnotes":""},"class_list":["post-3081","page","type-page","status-publish","hentry"],"_links":{"self":[{"href":"https:\/\/panettonevergani.com\/fr\/wp-json\/wp\/v2\/pages\/3081","targetHints":{"allow":["GET"]}}],"collection":[{"href":"https:\/\/panettonevergani.com\/fr\/wp-json\/wp\/v2\/pages"}],"about":[{"href":"https:\/\/panettonevergani.com\/fr\/wp-json\/wp\/v2\/types\/page"}],"author":[{"embeddable":true,"href":"https:\/\/panettonevergani.com\/fr\/wp-json\/wp\/v2\/users\/2"}],"replies":[{"embeddable":true,"href":"https:\/\/panettonevergani.com\/fr\/wp-json\/wp\/v2\/comments?post=3081"}],"version-history":[{"count":6,"href":"https:\/\/panettonevergani.com\/fr\/wp-json\/wp\/v2\/pages\/3081\/revisions"}],"predecessor-version":[{"id":4320,"href":"https:\/\/panettonevergani.com\/fr\/wp-json\/wp\/v2\/pages\/3081\/revisions\/4320"}],"up":[{"embeddable":true,"href":"https:\/\/panettonevergani.com\/fr\/wp-json\/wp\/v2\/pages\/3079"}],"wp:attachment":[{"href":"https:\/\/panettonevergani.com\/fr\/wp-json\/wp\/v2\/media?parent=3081"}],"curies":[{"name":"wp","href":"https:\/\/api.w.org\/{rel}","templated":true}]}}