{"id":3085,"date":"2024-09-03T18:11:35","date_gmt":"2024-09-03T16:11:35","guid":{"rendered":"http:\/\/panettonevergani.com\/classici\/"},"modified":"2024-11-19T11:30:26","modified_gmt":"2024-11-19T10:30:26","slug":"les-classiques","status":"publish","type":"page","link":"https:\/\/panettonevergani.com\/fr\/produits\/panettone\/les-classiques\/","title":{"rendered":"Les Classiques"},"content":{"rendered":"<div><?xml version=\"1.0\" encoding=\"UTF-8\"?><br \/>\n<svg id=\"Livello_1\" xmlns=\"http:\/\/www.w3.org\/2000\/svg\" version=\"1.1\" viewBox=\"0 0 1742.14 304.31\">\n  <!-- Generator: Adobe Illustrator 29.0.0, SVG Export Plug-In . SVG Version: 2.1.0 Build 186)  -->\n  <defs><\/p>\n<style>\n      .st0 {\n        fill: #2c7aa9;\n      }\n    <\/style>\n<p>  <\/defs>\n  <g>\n    <path class=\"st0\" d=\"M4361.53-2270.91c0-74.1,55.49-127.52,124.07-127.52,37.57,0,56.87,16.2,68.58,16.2,3.45,0,5.86-1.03,7.58-3.79h2.41v51.01h-1.72c-12.06-14.13-41.7-30.33-73.75-30.33-48.25,0-90.29,35.84-90.29,92.71s38.6,96.15,95.12,96.15,77.54-33.77,83.06-33.77c1.38,0,2.07,1.38,2.07,4.14,0,17.92-28.26,62.72-92.02,62.72-68.58,0-125.1-53.76-125.1-127.51Z\"\/>\n    <path class=\"st0\" d=\"M4605.87-2151.67c5.86-4.48,9.65-11.37,9.65-18.95v-200.58c0-7.93-3.79-14.47-9.65-18.96v-1.38h56.52v1.38c-6.2,4.48-9.99,11.03-9.99,18.96v187.83h112.35c7.93,0,15.16-3.45,17.58-8.96h2.07l-5.86,42.05h-172.66v-1.38Z\"\/>\n    <path class=\"st0\" d=\"M4721.67-2233l30.67-137.17c1.72-7.58.34-15.16-8.27-19.99v-1.38h96.5v1.38c-7.58,4.48-10.68,11.03-8.62,19.99l44.8,198.51c2.07,9.3,7.58,16.54,13.1,19.99v1.38h-56.18v-1.38c8.62-5.17,9.99-11.72,8.27-19.99l-17.92-79.96h-63.41l-4.14,18.61c-2.07,8.96.34,15.51,8.27,19.99v1.38h-56.18v-1.38c5.51-3.79,11.03-10.68,13.1-19.99ZM4817.13-2282.63l-16.89-75.82h-15.85l-16.89,75.82h49.63Z\"\/>\n    <path class=\"st0\" d=\"M4906.05-2202.68c0-26.54,19.64-45.15,40.32-45.15,16.54,0,26.88,11.37,26.88,17.92,0,1.72-.69,2.41-1.72,2.41-1.72,0-4.82-1.72-10.34-1.72-11.37,0-19.99,9.65-19.99,23.09,0,18.61,15.16,29.64,33.08,29.64,20.33,0,35.84-14.13,35.84-36.53,0-53.76-97.53-66.17-97.53-130.96,0-33.77,27.23-54.45,57.9-54.45,23.43,0,47.21,12.06,59.62,24.12l-12.41,29.29c-12.41-12.06-27.57-20.33-43.08-20.33-16.89,0-25.16,9.99-25.16,21.37,0,39.63,96.15,61,96.15,129.58,0,37.91-27.23,71-71,71-39.63,0-68.58-26.88-68.58-59.28Z\"\/>\n    <path class=\"st0\" d=\"M5081.12-2176.48c23.09,0,37.91-14.13,37.91-36.19,0-57.21-96.84-71-96.84-132.34,0-33.08,27.23-53.42,56.18-53.42,25.85,0,41.01,16.2,48.59,16.2,2.07,0,4.83-1.38,6.55-4.14h2.07v51.01h-1.72c-11.37-14.13-30.67-29.64-51.01-29.64-16.2,0-24.81,9.65-24.81,20.33,0,36.53,97.53,59.28,97.53,130.27,0,36.53-25.85,71-73.75,71-23.44,0-44.11-8.62-56.52-22.4l23.78-25.85c5.51,8.96,16.89,15.16,32.05,15.16Z\"\/>\n    <path class=\"st0\" d=\"M5186.93-2151.67c5.86-4.48,9.65-11.37,9.65-18.95v-200.58c0-7.93-3.79-14.47-9.65-18.96v-1.38h56.52v1.38c-6.2,4.48-9.99,11.03-9.99,18.96v200.58c0,7.58,3.79,14.47,9.99,18.95v1.38h-56.52v-1.38Z\"\/>\n    <path class=\"st0\" d=\"M5399.91-2143.4c19.64,8.27,39.29,19.64,59.28,19.64,26.88,0,33.77-20.68,37.57-20.68,1.38,0,2.07,1.72,2.07,5.17,0,16.2-16.89,45.15-55.49,45.15s-68.24-29.64-93.74-29.64c-16.89,0-20.33,13.44-24.12,13.44-1.38,0-3.45-1.72-3.45-7.24,0-15.85,14.13-31.36,35.15-34.12-48.25-18.27-80.99-64.1-80.99-118.9,0-71.68,55.14-127.86,127.86-127.86s128.55,56.18,128.55,127.86-55.14,127.17-128.55,127.17h-4.14ZM5404.05-2176.48c53.42,0,91.67-38.94,91.67-94.08s-37.91-94.77-91.67-94.77-90.98,39.63-90.98,94.77,37.91,94.08,90.98,94.08Z\"\/>\n    <path class=\"st0\" d=\"M5576.71-2233.35v-137.85c0-7.93-3.79-14.47-9.65-18.96v-1.38h57.21v1.38c-6.2,4.48-10,11.03-10,18.96v137.85c0,36.88,14.47,56.17,43.42,56.17s43.77-19.3,43.77-56.17v-137.85c0-7.93-3.79-14.47-10-18.96v-1.38h57.21v1.38c-6.2,4.48-9.99,11.03-9.99,18.96v137.85c0,56.17-27.57,89.95-80.99,89.95s-80.99-33.77-80.99-89.95Z\"\/>\n    <path class=\"st0\" d=\"M5904.46-2265.06c-4.48-5.51-11.37-8.96-19.3-8.96h-48.59v90.64h74.1c7.93,0,15.16-3.45,17.92-8.96h1.72l-6.55,42.05h-133.72v-1.38c5.86-4.48,9.65-11.37,9.65-18.95v-200.58c0-7.93-3.79-14.47-9.65-18.96v-1.38h124.07l6.55,42.04h-2.07c-2.76-5.51-9.65-8.96-17.92-8.96h-64.1v51.35h48.59c7.93,0,14.82-3.45,19.3-8.96h1.38v51.01h-1.38Z\"\/>\n    <path class=\"st0\" d=\"M5954.43-2202.68c0-26.54,19.64-45.15,40.32-45.15,16.54,0,26.88,11.37,26.88,17.92,0,1.72-.69,2.41-1.72,2.41-1.72,0-4.82-1.72-10.34-1.72-11.37,0-19.99,9.65-19.99,23.09,0,18.61,15.51,29.64,32.74,29.64,19.3,0,34.12-14.13,34.12-36.19,0-56.87-93.74-69.27-93.74-131.65,0-33.77,27.92-54.11,56.52-54.11,25.85,0,39.63,16.2,46.87,16.2,2.41,0,4.82-1.38,6.55-4.14h2.07v51.01h-1.72c-10.68-14.13-29.29-29.64-48.94-29.64-15.85,0-24.47,9.65-24.47,21.02,0,37.56,93.4,58.59,93.4,129.58,0,36.53-25.5,71-70.3,71-39.29,0-68.24-26.88-68.24-59.28Z\"\/>\n    <path class=\"st0\" d=\"M4354.63-2098.6v-17.23h1742.14v17.23h-1742.14Z\"\/>\n  <\/g>\n  <g>\n    <path class=\"st0\" d=\"M6.89,127.52C6.89,53.42,62.38,0,130.96,0c37.57,0,56.87,16.2,68.58,16.2,3.45,0,5.86-1.03,7.58-3.79h2.41v51.01h-1.72c-12.06-14.13-41.7-30.33-73.75-30.33-48.25,0-90.29,35.84-90.29,92.71s38.6,96.15,95.12,96.15,77.54-33.77,83.06-33.77c1.38,0,2.07,1.38,2.07,4.14,0,17.92-28.26,62.72-92.02,62.72-68.58,0-125.1-53.76-125.1-127.51Z\"\/>\n    <path class=\"st0\" d=\"M251.24,246.76c5.86-4.48,9.65-11.37,9.65-18.95V27.23c0-7.93-3.79-14.47-9.65-18.96v-1.38h56.52v1.38c-6.2,4.48-9.99,11.03-9.99,18.96v187.83h112.35c7.93,0,15.16-3.45,17.58-8.96h2.07l-5.86,42.05h-172.66v-1.38Z\"\/>\n    <path class=\"st0\" d=\"M367.03,165.43l30.67-137.17c1.72-7.58.34-15.16-8.27-19.99v-1.38h96.5v1.38c-7.58,4.48-10.68,11.03-8.62,19.99l44.8,198.51c2.07,9.3,7.58,16.54,13.1,19.99v1.38h-56.18v-1.38c8.62-5.17,9.99-11.72,8.27-19.99l-17.92-79.96h-63.41l-4.14,18.61c-2.07,8.96.34,15.51,8.27,19.99v1.38h-56.18v-1.38c5.51-3.79,11.03-10.68,13.1-19.99ZM462.5,115.8l-16.89-75.82h-15.85l-16.89,75.82h49.63Z\"\/>\n    <path class=\"st0\" d=\"M551.42,195.75c0-26.54,19.64-45.15,40.32-45.15,16.54,0,26.88,11.37,26.88,17.92,0,1.72-.69,2.41-1.72,2.41-1.72,0-4.82-1.72-10.34-1.72-11.37,0-19.99,9.65-19.99,23.09,0,18.61,15.16,29.64,33.08,29.64,20.33,0,35.84-14.13,35.84-36.53,0-53.76-97.53-66.17-97.53-130.96,0-33.77,27.23-54.45,57.9-54.45,23.43,0,47.21,12.06,59.62,24.12l-12.41,29.29c-12.41-12.06-27.57-20.33-43.08-20.33-16.89,0-25.16,9.99-25.16,21.37,0,39.63,96.15,61,96.15,129.58,0,37.91-27.23,71-71,71-39.63,0-68.58-26.88-68.58-59.28Z\"\/>\n    <path class=\"st0\" d=\"M726.49,221.95c23.09,0,37.91-14.13,37.91-36.19,0-57.21-96.84-71-96.84-132.34,0-33.08,27.23-53.42,56.18-53.42,25.85,0,41.01,16.2,48.59,16.2,2.07,0,4.83-1.38,6.55-4.14h2.07v51.01h-1.72c-11.37-14.13-30.67-29.64-51.01-29.64-16.2,0-24.81,9.65-24.81,20.33,0,36.53,97.53,59.28,97.53,130.27,0,36.53-25.85,71-73.75,71-23.44,0-44.11-8.62-56.52-22.4l23.78-25.85c5.51,8.96,16.89,15.16,32.05,15.16Z\"\/>\n    <path class=\"st0\" d=\"M832.29,246.76c5.86-4.48,9.65-11.37,9.65-18.95V27.23c0-7.93-3.79-14.47-9.65-18.96v-1.38h56.52v1.38c-6.2,4.48-9.99,11.03-9.99,18.96v200.58c0,7.58,3.79,14.47,9.99,18.95v1.38h-56.52v-1.38Z\"\/>\n    <path class=\"st0\" d=\"M1045.28,255.03c19.64,8.27,39.29,19.64,59.28,19.64,26.88,0,33.77-20.68,37.57-20.68,1.38,0,2.07,1.72,2.07,5.17,0,16.2-16.89,45.15-55.49,45.15s-68.24-29.64-93.74-29.64c-16.89,0-20.33,13.44-24.12,13.44-1.38,0-3.45-1.72-3.45-7.24,0-15.85,14.13-31.36,35.15-34.12-48.25-18.27-80.99-64.1-80.99-118.9,0-71.68,55.14-127.86,127.86-127.86s128.55,56.18,128.55,127.86-55.14,127.17-128.55,127.17h-4.14ZM1049.42,221.95c53.42,0,91.67-38.94,91.67-94.08s-37.91-94.77-91.67-94.77-90.98,39.63-90.98,94.77,37.91,94.08,90.98,94.08Z\"\/>\n    <path class=\"st0\" d=\"M1222.08,165.08V27.23c0-7.93-3.79-14.47-9.65-18.96v-1.38h57.21v1.38c-6.2,4.48-10,11.03-10,18.96v137.85c0,36.88,14.47,56.17,43.42,56.17s43.77-19.3,43.77-56.17V27.23c0-7.93-3.79-14.47-10-18.96v-1.38h57.21v1.38c-6.2,4.48-9.99,11.03-9.99,18.96v137.85c0,56.17-27.57,89.95-80.99,89.95s-80.99-33.77-80.99-89.95Z\"\/>\n    <path class=\"st0\" d=\"M1549.83,133.37c-4.48-5.51-11.37-8.96-19.3-8.96h-48.59v90.64h74.1c7.93,0,15.16-3.45,17.92-8.96h1.72l-6.55,42.05h-133.72v-1.38c5.86-4.48,9.65-11.37,9.65-18.95V27.23c0-7.93-3.79-14.47-9.65-18.96v-1.38h124.07l6.55,42.04h-2.07c-2.76-5.51-9.65-8.96-17.92-8.96h-64.1v51.35h48.59c7.93,0,14.82-3.45,19.3-8.96h1.38v51.01h-1.38Z\"\/>\n    <path class=\"st0\" d=\"M1599.8,195.75c0-26.54,19.64-45.15,40.32-45.15,16.54,0,26.88,11.37,26.88,17.92,0,1.72-.69,2.41-1.72,2.41-1.72,0-4.82-1.72-10.34-1.72-11.37,0-19.99,9.65-19.99,23.09,0,18.61,15.51,29.64,32.74,29.64,19.3,0,34.12-14.13,34.12-36.19,0-56.87-93.74-69.27-93.74-131.65,0-33.77,27.92-54.11,56.52-54.11,25.85,0,39.63,16.2,46.87,16.2,2.41,0,4.82-1.38,6.55-4.14h2.07v51.01h-1.72c-10.68-14.13-29.29-29.64-48.94-29.64-15.85,0-24.47,9.65-24.47,21.02,0,37.56,93.4,58.59,93.4,129.58,0,36.53-25.5,71-70.3,71-39.29,0-68.24-26.88-68.24-59.28Z\"\/>\n    <path class=\"st0\" d=\"M0,299.83v-17.23h1742.14v17.23H0Z\"\/>\n  <\/g>\n<\/svg><\/div>\n<p><img decoding=\"async\" src=\"\/wp-content\/uploads\/2024\/09\/panettone_i-classici.png\" alt=\"\" title=\"\"><\/p>\n<div>\n<p>Des incontournables de la tradition de No\u00ebl, la collection en coffrets classiques propose notre Panettone et Pandoro Classiques, pr\u00e9sent\u00e9s sous diverses formes \u00e9l\u00e9gantes et discr\u00e8tes.<\/p>\n<\/div>\n<h2><strong>Disponible dans les options suivantes:<\/strong><\/h2>\n<div>\n<ul>\n<li>Panettone Classique 500g<\/li>\n<li>Panettone Classique 750g<\/li>\n<li>Panettone Classique 1000g<\/li>\n<li>Pandoro Classique 750g<\/li>\n<li>Pandoro Classique 1000g<\/li>\n<\/ul>\n<\/div>\n<p><!--more--><br \/>\n<!-- {\"type\":\"layout\",\"children\":[{\"type\":\"section\",\"props\":{\"image_position\":\"center-center\",\"padding_remove_bottom\":true,\"padding_remove_top\":true,\"preserve_color\":true,\"style\":\"primary\",\"title_breakpoint\":\"xl\",\"title_position\":\"top-left\",\"title_rotation\":\"left\",\"vertical_align\":\"middle\",\"width\":\"default\"},\"children\":[{\"type\":\"row\",\"children\":[{\"type\":\"column\",\"props\":{\"image_position\":\"center-center\",\"padding\":\"xsmall\",\"position_sticky_breakpoint\":\"m\",\"style\":\"card-default\"},\"children\":[{\"type\":\"fragment\",\"props\":{\"css\":\"@media (min-width: 960px) {\\n    .uk-width-2-5\\\\@m {\\n        width: 47%;\\n    }\\n    .uk-width-3-5\\\\@m {\\n        width: 53%;\\n    }\\n}\",\"margin\":\"default\"},\"children\":[{\"type\":\"row\",\"props\":{\"column_gap\":\"collapse\"},\"children\":[{\"type\":\"column\",\"props\":{\"image_position\":\"center-center\",\"position_sticky_breakpoint\":\"m\",\"vertical_align\":\"middle\"},\"children\":[{\"type\":\"text\",\"props\":{\"column_breakpoint\":\"m\",\"content\":\"<?xml version=\\\"1.0\\\" encoding=\\\"UTF-8\\\"?>\\n<svg id=\\\"Livello_1\\\" xmlns=\\\"http:\\\/\\\/www.w3.org\\\/2000\\\/svg\\\" version=\\\"1.1\\\" viewBox=\\\"0 0 1742.14 304.31\\\">\\n  <!-- Generator: Adobe Illustrator 29.0.0, SVG Export Plug-In . SVG Version: 2.1.0 Build 186)  -->\\n  <defs>\\n    <\/p>\n<style>\\n      .st0 {\\n        fill: #2c7aa9;\\n      }\\n    <\\\/style>\\n  <\\\/defs>\\n  <g>\\n    <path class=\\\"st0\\\" d=\\\"M4361.53-2270.91c0-74.1,55.49-127.52,124.07-127.52,37.57,0,56.87,16.2,68.58,16.2,3.45,0,5.86-1.03,7.58-3.79h2.41v51.01h-1.72c-12.06-14.13-41.7-30.33-73.75-30.33-48.25,0-90.29,35.84-90.29,92.71s38.6,96.15,95.12,96.15,77.54-33.77,83.06-33.77c1.38,0,2.07,1.38,2.07,4.14,0,17.92-28.26,62.72-92.02,62.72-68.58,0-125.1-53.76-125.1-127.51Z\\\"\\\/>\\n    <path class=\\\"st0\\\" d=\\\"M4605.87-2151.67c5.86-4.48,9.65-11.37,9.65-18.95v-200.58c0-7.93-3.79-14.47-9.65-18.96v-1.38h56.52v1.38c-6.2,4.48-9.99,11.03-9.99,18.96v187.83h112.35c7.93,0,15.16-3.45,17.58-8.96h2.07l-5.86,42.05h-172.66v-1.38Z\\\"\\\/>\\n    <path class=\\\"st0\\\" d=\\\"M4721.67-2233l30.67-137.17c1.72-7.58.34-15.16-8.27-19.99v-1.38h96.5v1.38c-7.58,4.48-10.68,11.03-8.62,19.99l44.8,198.51c2.07,9.3,7.58,16.54,13.1,19.99v1.38h-56.18v-1.38c8.62-5.17,9.99-11.72,8.27-19.99l-17.92-79.96h-63.41l-4.14,18.61c-2.07,8.96.34,15.51,8.27,19.99v1.38h-56.18v-1.38c5.51-3.79,11.03-10.68,13.1-19.99ZM4817.13-2282.63l-16.89-75.82h-15.85l-16.89,75.82h49.63Z\\\"\\\/>\\n    <path class=\\\"st0\\\" d=\\\"M4906.05-2202.68c0-26.54,19.64-45.15,40.32-45.15,16.54,0,26.88,11.37,26.88,17.92,0,1.72-.69,2.41-1.72,2.41-1.72,0-4.82-1.72-10.34-1.72-11.37,0-19.99,9.65-19.99,23.09,0,18.61,15.16,29.64,33.08,29.64,20.33,0,35.84-14.13,35.84-36.53,0-53.76-97.53-66.17-97.53-130.96,0-33.77,27.23-54.45,57.9-54.45,23.43,0,47.21,12.06,59.62,24.12l-12.41,29.29c-12.41-12.06-27.57-20.33-43.08-20.33-16.89,0-25.16,9.99-25.16,21.37,0,39.63,96.15,61,96.15,129.58,0,37.91-27.23,71-71,71-39.63,0-68.58-26.88-68.58-59.28Z\\\"\\\/>\\n    <path class=\\\"st0\\\" d=\\\"M5081.12-2176.48c23.09,0,37.91-14.13,37.91-36.19,0-57.21-96.84-71-96.84-132.34,0-33.08,27.23-53.42,56.18-53.42,25.85,0,41.01,16.2,48.59,16.2,2.07,0,4.83-1.38,6.55-4.14h2.07v51.01h-1.72c-11.37-14.13-30.67-29.64-51.01-29.64-16.2,0-24.81,9.65-24.81,20.33,0,36.53,97.53,59.28,97.53,130.27,0,36.53-25.85,71-73.75,71-23.44,0-44.11-8.62-56.52-22.4l23.78-25.85c5.51,8.96,16.89,15.16,32.05,15.16Z\\\"\\\/>\\n    <path class=\\\"st0\\\" d=\\\"M5186.93-2151.67c5.86-4.48,9.65-11.37,9.65-18.95v-200.58c0-7.93-3.79-14.47-9.65-18.96v-1.38h56.52v1.38c-6.2,4.48-9.99,11.03-9.99,18.96v200.58c0,7.58,3.79,14.47,9.99,18.95v1.38h-56.52v-1.38Z\\\"\\\/>\\n    <path class=\\\"st0\\\" d=\\\"M5399.91-2143.4c19.64,8.27,39.29,19.64,59.28,19.64,26.88,0,33.77-20.68,37.57-20.68,1.38,0,2.07,1.72,2.07,5.17,0,16.2-16.89,45.15-55.49,45.15s-68.24-29.64-93.74-29.64c-16.89,0-20.33,13.44-24.12,13.44-1.38,0-3.45-1.72-3.45-7.24,0-15.85,14.13-31.36,35.15-34.12-48.25-18.27-80.99-64.1-80.99-118.9,0-71.68,55.14-127.86,127.86-127.86s128.55,56.18,128.55,127.86-55.14,127.17-128.55,127.17h-4.14ZM5404.05-2176.48c53.42,0,91.67-38.94,91.67-94.08s-37.91-94.77-91.67-94.77-90.98,39.63-90.98,94.77,37.91,94.08,90.98,94.08Z\\\"\\\/>\\n    <path class=\\\"st0\\\" d=\\\"M5576.71-2233.35v-137.85c0-7.93-3.79-14.47-9.65-18.96v-1.38h57.21v1.38c-6.2,4.48-10,11.03-10,18.96v137.85c0,36.88,14.47,56.17,43.42,56.17s43.77-19.3,43.77-56.17v-137.85c0-7.93-3.79-14.47-10-18.96v-1.38h57.21v1.38c-6.2,4.48-9.99,11.03-9.99,18.96v137.85c0,56.17-27.57,89.95-80.99,89.95s-80.99-33.77-80.99-89.95Z\\\"\\\/>\\n    <path class=\\\"st0\\\" d=\\\"M5904.46-2265.06c-4.48-5.51-11.37-8.96-19.3-8.96h-48.59v90.64h74.1c7.93,0,15.16-3.45,17.92-8.96h1.72l-6.55,42.05h-133.72v-1.38c5.86-4.48,9.65-11.37,9.65-18.95v-200.58c0-7.93-3.79-14.47-9.65-18.96v-1.38h124.07l6.55,42.04h-2.07c-2.76-5.51-9.65-8.96-17.92-8.96h-64.1v51.35h48.59c7.93,0,14.82-3.45,19.3-8.96h1.38v51.01h-1.38Z\\\"\\\/>\\n    <path class=\\\"st0\\\" d=\\\"M5954.43-2202.68c0-26.54,19.64-45.15,40.32-45.15,16.54,0,26.88,11.37,26.88,17.92,0,1.72-.69,2.41-1.72,2.41-1.72,0-4.82-1.72-10.34-1.72-11.37,0-19.99,9.65-19.99,23.09,0,18.61,15.51,29.64,32.74,29.64,19.3,0,34.12-14.13,34.12-36.19,0-56.87-93.74-69.27-93.74-131.65,0-33.77,27.92-54.11,56.52-54.11,25.85,0,39.63,16.2,46.87,16.2,2.41,0,4.82-1.38,6.55-4.14h2.07v51.01h-1.72c-10.68-14.13-29.29-29.64-48.94-29.64-15.85,0-24.47,9.65-24.47,21.02,0,37.56,93.4,58.59,93.4,129.58,0,36.53-25.5,71-70.3,71-39.29,0-68.24-26.88-68.24-59.28Z\\\"\\\/>\\n    <path class=\\\"st0\\\" d=\\\"M4354.63-2098.6v-17.23h1742.14v17.23h-1742.14Z\\\"\\\/>\\n  <\\\/g>\\n  <g>\\n    <path class=\\\"st0\\\" d=\\\"M6.89,127.52C6.89,53.42,62.38,0,130.96,0c37.57,0,56.87,16.2,68.58,16.2,3.45,0,5.86-1.03,7.58-3.79h2.41v51.01h-1.72c-12.06-14.13-41.7-30.33-73.75-30.33-48.25,0-90.29,35.84-90.29,92.71s38.6,96.15,95.12,96.15,77.54-33.77,83.06-33.77c1.38,0,2.07,1.38,2.07,4.14,0,17.92-28.26,62.72-92.02,62.72-68.58,0-125.1-53.76-125.1-127.51Z\\\"\\\/>\\n    <path class=\\\"st0\\\" d=\\\"M251.24,246.76c5.86-4.48,9.65-11.37,9.65-18.95V27.23c0-7.93-3.79-14.47-9.65-18.96v-1.38h56.52v1.38c-6.2,4.48-9.99,11.03-9.99,18.96v187.83h112.35c7.93,0,15.16-3.45,17.58-8.96h2.07l-5.86,42.05h-172.66v-1.38Z\\\"\\\/>\\n    <path class=\\\"st0\\\" d=\\\"M367.03,165.43l30.67-137.17c1.72-7.58.34-15.16-8.27-19.99v-1.38h96.5v1.38c-7.58,4.48-10.68,11.03-8.62,19.99l44.8,198.51c2.07,9.3,7.58,16.54,13.1,19.99v1.38h-56.18v-1.38c8.62-5.17,9.99-11.72,8.27-19.99l-17.92-79.96h-63.41l-4.14,18.61c-2.07,8.96.34,15.51,8.27,19.99v1.38h-56.18v-1.38c5.51-3.79,11.03-10.68,13.1-19.99ZM462.5,115.8l-16.89-75.82h-15.85l-16.89,75.82h49.63Z\\\"\\\/>\\n    <path class=\\\"st0\\\" d=\\\"M551.42,195.75c0-26.54,19.64-45.15,40.32-45.15,16.54,0,26.88,11.37,26.88,17.92,0,1.72-.69,2.41-1.72,2.41-1.72,0-4.82-1.72-10.34-1.72-11.37,0-19.99,9.65-19.99,23.09,0,18.61,15.16,29.64,33.08,29.64,20.33,0,35.84-14.13,35.84-36.53,0-53.76-97.53-66.17-97.53-130.96,0-33.77,27.23-54.45,57.9-54.45,23.43,0,47.21,12.06,59.62,24.12l-12.41,29.29c-12.41-12.06-27.57-20.33-43.08-20.33-16.89,0-25.16,9.99-25.16,21.37,0,39.63,96.15,61,96.15,129.58,0,37.91-27.23,71-71,71-39.63,0-68.58-26.88-68.58-59.28Z\\\"\\\/>\\n    <path class=\\\"st0\\\" d=\\\"M726.49,221.95c23.09,0,37.91-14.13,37.91-36.19,0-57.21-96.84-71-96.84-132.34,0-33.08,27.23-53.42,56.18-53.42,25.85,0,41.01,16.2,48.59,16.2,2.07,0,4.83-1.38,6.55-4.14h2.07v51.01h-1.72c-11.37-14.13-30.67-29.64-51.01-29.64-16.2,0-24.81,9.65-24.81,20.33,0,36.53,97.53,59.28,97.53,130.27,0,36.53-25.85,71-73.75,71-23.44,0-44.11-8.62-56.52-22.4l23.78-25.85c5.51,8.96,16.89,15.16,32.05,15.16Z\\\"\\\/>\\n    <path class=\\\"st0\\\" d=\\\"M832.29,246.76c5.86-4.48,9.65-11.37,9.65-18.95V27.23c0-7.93-3.79-14.47-9.65-18.96v-1.38h56.52v1.38c-6.2,4.48-9.99,11.03-9.99,18.96v200.58c0,7.58,3.79,14.47,9.99,18.95v1.38h-56.52v-1.38Z\\\"\\\/>\\n    <path class=\\\"st0\\\" d=\\\"M1045.28,255.03c19.64,8.27,39.29,19.64,59.28,19.64,26.88,0,33.77-20.68,37.57-20.68,1.38,0,2.07,1.72,2.07,5.17,0,16.2-16.89,45.15-55.49,45.15s-68.24-29.64-93.74-29.64c-16.89,0-20.33,13.44-24.12,13.44-1.38,0-3.45-1.72-3.45-7.24,0-15.85,14.13-31.36,35.15-34.12-48.25-18.27-80.99-64.1-80.99-118.9,0-71.68,55.14-127.86,127.86-127.86s128.55,56.18,128.55,127.86-55.14,127.17-128.55,127.17h-4.14ZM1049.42,221.95c53.42,0,91.67-38.94,91.67-94.08s-37.91-94.77-91.67-94.77-90.98,39.63-90.98,94.77,37.91,94.08,90.98,94.08Z\\\"\\\/>\\n    <path class=\\\"st0\\\" d=\\\"M1222.08,165.08V27.23c0-7.93-3.79-14.47-9.65-18.96v-1.38h57.21v1.38c-6.2,4.48-10,11.03-10,18.96v137.85c0,36.88,14.47,56.17,43.42,56.17s43.77-19.3,43.77-56.17V27.23c0-7.93-3.79-14.47-10-18.96v-1.38h57.21v1.38c-6.2,4.48-9.99,11.03-9.99,18.96v137.85c0,56.17-27.57,89.95-80.99,89.95s-80.99-33.77-80.99-89.95Z\\\"\\\/>\\n    <path class=\\\"st0\\\" d=\\\"M1549.83,133.37c-4.48-5.51-11.37-8.96-19.3-8.96h-48.59v90.64h74.1c7.93,0,15.16-3.45,17.92-8.96h1.72l-6.55,42.05h-133.72v-1.38c5.86-4.48,9.65-11.37,9.65-18.95V27.23c0-7.93-3.79-14.47-9.65-18.96v-1.38h124.07l6.55,42.04h-2.07c-2.76-5.51-9.65-8.96-17.92-8.96h-64.1v51.35h48.59c7.93,0,14.82-3.45,19.3-8.96h1.38v51.01h-1.38Z\\\"\\\/>\\n    <path class=\\\"st0\\\" d=\\\"M1599.8,195.75c0-26.54,19.64-45.15,40.32-45.15,16.54,0,26.88,11.37,26.88,17.92,0,1.72-.69,2.41-1.72,2.41-1.72,0-4.82-1.72-10.34-1.72-11.37,0-19.99,9.65-19.99,23.09,0,18.61,15.51,29.64,32.74,29.64,19.3,0,34.12-14.13,34.12-36.19,0-56.87-93.74-69.27-93.74-131.65,0-33.77,27.92-54.11,56.52-54.11,25.85,0,39.63,16.2,46.87,16.2,2.41,0,4.82-1.38,6.55-4.14h2.07v51.01h-1.72c-10.68-14.13-29.29-29.64-48.94-29.64-15.85,0-24.47,9.65-24.47,21.02,0,37.56,93.4,58.59,93.4,129.58,0,36.53-25.5,71-70.3,71-39.29,0-68.24-26.88-68.24-59.28Z\\\"\\\/>\\n    <path class=\\\"st0\\\" d=\\\"M0,299.83v-17.23h1742.14v17.23H0Z\\\"\\\/>\\n  <\\\/g>\\n<\\\/svg>\",\"margin\":\"default\"}},{\"type\":\"image\",\"props\":{\"css\":\".el-image{\\n\\ttransform: translatey(-25%);\\n}\\n\\n@media (max-width: 959px){\\n    .el-image{\\n    \\ttransform: none;\\n    }\\n}\",\"image\":\"wp-content\\\/uploads\\\/2024\\\/09\\\/panettone_i-classici.png\",\"image_svg_color\":\"emphasis\",\"margin\":\"default\",\"text_align\":\"center\"}}]}]}]},{\"type\":\"fragment\",\"props\":{\"css\":\".el-element{\\n\\tmargin-top: calc(-20vh)!important;\\n}\\n\\n@media (max-width: 959px){\\n    .el-element{\\n    \\tmargin-top: calc(-2vh)!important;\\n    }\\n}\",\"margin\":\"default\",\"margin_remove_top\":false},\"children\":[{\"type\":\"row\",\"props\":{\"layout\":\"2-3,1-3\",\"width\":\"large\"},\"children\":[{\"type\":\"column\",\"props\":{\"image_position\":\"center-center\",\"position_sticky_breakpoint\":\"m\",\"vertical_align\":\"middle\",\"width_medium\":\"2-3\"},\"children\":[{\"type\":\"text\",\"props\":{\"column_breakpoint\":\"m\",\"content\":\"<\/p>\n<p>Des incontournables de la tradition de No\\u00ebl, la collection en coffrets classiques propose notre Panettone et Pandoro Classiques, pr\\u00e9sent\\u00e9s sous diverses formes \\u00e9l\\u00e9gantes et discr\\u00e8tes.<\\\/p>\",\"margin\":\"default\",\"text_color\":\"primary\"}}]},{\"type\":\"column\",\"props\":{\"image_position\":\"center-center\",\"position_sticky_breakpoint\":\"m\",\"vertical_align\":\"middle\",\"width_medium\":\"1-3\"},\"children\":[{\"type\":\"headline\",\"props\":{\"content\":\"<strong>Disponible dans les options suivantes:<\\\/strong>\",\"css\":\".el-element{\\n\\ttext-transform: none;\\n}\\nstrong{\\n\\tfont-weight: 700;\\n}\",\"title_color\":\"primary\",\"title_element\":\"h2\",\"title_font_family\":\"primary\",\"title_style\":\"h4\"}},{\"type\":\"text\",\"props\":{\"column_breakpoint\":\"m\",\"content\":\"<\/p>\n<ul>\\n<\/p>\n<li>Panettone Classique 500g<\\\/li>\\n\n<li>Panettone Classique 750g<\\\/li>\\n\n<li>Panettone Classique 1000g<\\\/li>\\n\n<li>Pandoro Classique 750g<\\\/li>\\n\n<li>Pandoro Classique 1000g<\\\/li>\\n<\\\/ul>\",\"margin\":\"default\",\"text_color\":\"primary\"}}]}]}]}]}],\"props\":{\"class\":\"prima-sezione-titolo\",\"css\":\".el-row{\\n\\tposition: relative;\\n}\",\"height\":\"pixels\",\"height_viewport\":400}}]}],\"version\":\"4.4.8\"} --><br \/>\n","protected":false},"excerpt":{"rendered":"<p>Des incontournables de la tradition de No\u00ebl, la collection en coffrets classiques propose notre Panettone et Pandoro Classiques, pr\u00e9sent\u00e9s sous diverses formes \u00e9l\u00e9gantes et discr\u00e8tes. Disponible dans les options suivantes: Panettone Classique 500g Panettone Classique 750g Panettone Classique 1000g Pandoro Classique 750g Pandoro Classique 1000g<\/p>\n","protected":false},"author":2,"featured_media":0,"parent":3095,"menu_order":0,"comment_status":"closed","ping_status":"closed","template":"","meta":{"footnotes":""},"class_list":["post-3085","page","type-page","status-publish","hentry"],"_links":{"self":[{"href":"https:\/\/panettonevergani.com\/fr\/wp-json\/wp\/v2\/pages\/3085","targetHints":{"allow":["GET"]}}],"collection":[{"href":"https:\/\/panettonevergani.com\/fr\/wp-json\/wp\/v2\/pages"}],"about":[{"href":"https:\/\/panettonevergani.com\/fr\/wp-json\/wp\/v2\/types\/page"}],"author":[{"embeddable":true,"href":"https:\/\/panettonevergani.com\/fr\/wp-json\/wp\/v2\/users\/2"}],"replies":[{"embeddable":true,"href":"https:\/\/panettonevergani.com\/fr\/wp-json\/wp\/v2\/comments?post=3085"}],"version-history":[{"count":5,"href":"https:\/\/panettonevergani.com\/fr\/wp-json\/wp\/v2\/pages\/3085\/revisions"}],"predecessor-version":[{"id":4355,"href":"https:\/\/panettonevergani.com\/fr\/wp-json\/wp\/v2\/pages\/3085\/revisions\/4355"}],"up":[{"embeddable":true,"href":"https:\/\/panettonevergani.com\/fr\/wp-json\/wp\/v2\/pages\/3095"}],"wp:attachment":[{"href":"https:\/\/panettonevergani.com\/fr\/wp-json\/wp\/v2\/media?parent=3085"}],"curies":[{"name":"wp","href":"https:\/\/api.w.org\/{rel}","templated":true}]}}