{"id":3089,"date":"2024-10-29T11:30:31","date_gmt":"2024-10-29T10:30:31","guid":{"rendered":"http:\/\/panettonevergani.com\/biologico\/"},"modified":"2024-11-19T18:16:09","modified_gmt":"2024-11-19T17:16:09","slug":"le-biologique","status":"publish","type":"page","link":"https:\/\/panettonevergani.com\/fr\/produits\/panettone\/le-biologique\/","title":{"rendered":"Le Biologique"},"content":{"rendered":"<div><svg width=\"1400\" height=\"auto\" viewBox=\"0 0 963 325\" fill=\"none\" xmlns=\"http:\/\/www.w3.org\/2000\/svg\">\n<g clip-path=\"url(#clip0_27_58)\">\n<path d=\"M39.22 147.56V148.41H8.47998V147.56C11.87 145.23 14.2 141.2 14.2 136.96V11.45C14.2 7 11.87 3.18 8.47998 0.85V0H52.58C84.38 0 104.1 16.96 104.1 43.67C104.1 70.38 83.54 87.34 53.85 87.34H33.71V136.95C33.71 141.19 35.83 145.22 39.22 147.55V147.56ZM53.43 69.75C72.51 69.75 84.59 61.27 84.59 43.89C84.59 26.51 73.35 17.6 53.21 17.6H33.71V69.75H53.43Z\" fill=\"#2C7AA9\"\/>\n<path d=\"M111.09 136.53L138.65 11.87C139.71 7.21 138.23 3.18 133.99 0.85V0H187.42V0.85C182.97 3.39 181.7 7.42 182.76 11.87L210.32 136.53C211.59 141.83 214.77 145.43 217.74 147.55V148.4H187V147.55C191.66 145.01 192.72 140.98 191.66 136.53L185.3 107.27H136.33L129.76 136.53C128.7 141.19 129.76 145.01 134.42 147.55V148.4H103.68V147.55C106.86 145.43 110.04 141.61 111.1 136.53H111.09ZM181.48 89.68L165.58 17.81H156.04L140.14 89.68H181.48Z\" fill=\"#2C7AA9\"\/>\n<path d=\"M234.06 147.56C237.45 145.23 239.78 141.2 239.78 136.96V11.45C239.78 7 237.45 3.18 234.06 0.85V0H264.8V0.85C261.41 3.18 259.29 7 259.29 11.45V11.66C259.29 44.94 302.96 70.17 311.87 95.4V11.45C311.87 7 309.75 3.18 306.15 0.85V0H337.1V0.85C333.71 3.18 331.38 7 331.38 11.45V136.96C331.38 141.2 333.71 145.23 337.1 147.56V148.41H306.15V147.56C309.75 145.23 311.87 141.2 311.87 136.96V136.75C311.87 103.46 267.77 76.75 259.29 52.37V136.96C259.29 141.2 261.41 145.23 264.8 147.56V148.41H234.06V147.56Z\" fill=\"#2C7AA9\"\/>\n<path d=\"M362.53 147.56C365.92 145.23 368.25 141.2 368.25 136.96V11.45C368.25 7 365.92 3.18 362.53 0.85V0H428.68L432.28 22.9H431.01C429.31 19.51 425.5 17.6 420.83 17.6H387.76V49.83H424.86C429.1 49.83 432.92 47.71 435.46 44.74H436.31V72.51H435.46C432.92 69.54 429.1 67.42 424.86 67.42H387.76V130.81H449.45C453.9 130.81 457.93 128.69 459.63 125.51H460.69L457.09 148.41H362.54V147.56H362.53Z\" fill=\"#2C7AA9\"\/>\n<path d=\"M516.24 147.56V148.41H485.29V147.56C488.89 145.23 491.01 141.2 491.01 136.96V17.6H462.6C458.15 17.6 454.12 19.72 452.64 22.9H451.37L454.97 0H535.32L537.44 8.69L535.32 17.59H510.52V136.95C510.52 141.19 512.85 145.22 516.24 147.55V147.56Z\" fill=\"#2C7AA9\"\/>\n<path d=\"M543.79 0H617.78L621.6 22.9H620.33C618.85 19.72 614.82 17.6 610.37 17.6H581.96V136.96C581.96 141.2 584.29 145.23 587.68 147.56V148.41H556.94V147.56C560.33 145.23 562.45 141.2 562.45 136.96V17.6H543.79L541.67 8.7L543.79 0.01V0Z\" fill=\"#2C7AA9\"\/>\n<path d=\"M611.64 92.65C611.64 59.58 637.29 33.29 669.52 33.29C701.75 33.29 727.19 59.58 727.19 92.65C727.19 125.72 701.54 152.01 669.52 152.01C637.5 152.01 611.64 125.72 611.64 92.65ZM669.51 134.2C691.77 134.2 708.94 116.18 708.94 92.65C708.94 69.12 691.77 51.1 669.51 51.1C647.25 51.1 630.29 69.33 630.29 92.65C630.29 115.97 647.25 134.2 669.51 134.2Z\" fill=\"#2C7AA9\"\/>\n<path d=\"M745.2 147.56C748.59 145.23 750.92 141.2 750.92 136.96V11.45C750.92 7 748.59 3.18 745.2 0.85V0H775.94V0.85C772.55 3.18 770.43 7 770.43 11.45V11.66C770.43 44.94 814.1 70.17 823.01 95.4V11.45C823.01 7 820.89 3.18 817.29 0.85V0H848.24V0.85C844.85 3.18 842.52 7 842.52 11.45V136.96C842.52 141.2 844.85 145.23 848.24 147.56V148.41H817.29V147.56C820.89 145.23 823.01 141.2 823.01 136.96V136.75C823.01 103.46 778.91 76.75 770.43 52.37V136.96C770.43 141.2 772.55 145.23 775.94 147.56V148.41H745.2V147.56Z\" fill=\"#2C7AA9\"\/>\n<path d=\"M941.3 72.51C938.97 69.54 935.15 67.42 930.7 67.42H898.9V130.81H944.9C949.35 130.81 953.17 128.69 954.86 125.51H955.92L952.32 148.41H873.67V147.56C877.06 145.23 879.39 141.2 879.39 136.96V11.45C879.39 7 877.06 3.18 873.67 0.85V0H946.39L949.99 22.9H948.72C947.02 19.51 943.21 17.6 938.54 17.6H898.9V49.83H930.7C935.15 49.83 938.97 47.71 941.3 44.74H942.15V72.51H941.3Z\" fill=\"#2C7AA9\"\/>\n<path d=\"M7.08997 296.53C9.91997 294.58 11.87 291.21 11.87 287.67V182.79C11.87 179.07 9.91997 175.88 7.08997 173.93V173.22H42.35C69.1 173.22 79.56 186.15 79.56 201.74C79.56 214.14 72.12 223.18 63.26 227.08C75.84 230.45 89.13 241.43 89.13 261.1C89.13 283.25 73.36 297.24 47.5 297.24H7.08997V296.53ZM41.99 221.05C56.7 221.05 63.25 213.96 63.25 204.04C63.25 193.59 55.99 187.92 43.23 187.92H28.17V221.05H41.99ZM44.82 282.53C62.36 282.53 72.81 274.03 72.81 259.32C72.81 242.84 59.35 235.76 45.17 235.76H28.16V282.53H44.81H44.82Z\" fill=\"#2C7AA9\"\/>\n<path d=\"M99.04 296.53C101.87 294.58 103.82 291.21 103.82 287.67V182.79C103.82 179.07 101.87 175.88 99.04 173.93V173.22H124.73V173.93C121.9 175.88 120.12 179.07 120.12 182.79V287.67C120.12 291.21 121.89 294.58 124.73 296.53V297.24H99.04V296.53Z\" fill=\"#2C7AA9\"\/>\n<path d=\"M131.1 235.4C131.1 198.73 158.74 170.02 195.94 170.02C233.14 170.02 260.96 198.72 260.96 235.4C260.96 272.08 233.32 300.42 195.94 300.42C158.56 300.42 131.1 271.72 131.1 235.4ZM195.95 285.72C224.3 285.72 244.67 264.81 244.67 235.4C244.67 205.99 224.47 184.91 195.95 184.91C167.43 184.91 147.41 206.17 147.41 235.4C147.41 264.63 167.79 285.72 195.95 285.72Z\" fill=\"#2C7AA9\"\/>\n<path d=\"M267.17 296.53C270 294.58 271.95 291.21 271.95 287.67V182.79C271.95 179.07 270 175.88 267.17 173.93V173.22H292.86V173.93C290.03 175.88 288.25 179.07 288.25 182.79V282.54H318.72C322.62 282.54 325.81 280.77 327.05 278.11H328.11L324.74 297.24H267.16V296.53H267.17Z\" fill=\"#2C7AA9\"\/>\n<path d=\"M329.71 235.4C329.71 198.73 357.35 170.02 394.55 170.02C431.75 170.02 459.57 198.72 459.57 235.4C459.57 272.08 431.93 300.42 394.55 300.42C357.17 300.42 329.71 271.72 329.71 235.4ZM394.55 285.72C422.9 285.72 443.27 264.81 443.27 235.4C443.27 205.99 423.07 184.91 394.55 184.91C366.03 184.91 346.01 206.17 346.01 235.4C346.01 264.63 366.39 285.72 394.55 285.72Z\" fill=\"#2C7AA9\"\/>\n<path d=\"M466.3 234.69C466.3 199.08 493.05 170.02 529.9 170.02C548.86 170.02 559.31 177.99 564.63 177.99C566.22 177.99 567.46 177.28 568.17 176.04H569.06V199.6H568.35C560.2 189.68 543.55 184.36 530.44 184.36C502.45 184.36 482.78 206.51 482.78 234.5C482.78 264.26 503.86 285.7 532.03 285.7C541.6 285.7 548.86 283.4 554.53 280.21V247.08C554.53 243.36 552.58 240.17 549.75 238.04V237.33H575.62V238.04C572.61 240.17 570.84 243.35 570.84 247.08V276.49C570.84 280.57 572.61 283.22 574.92 284.11V284.82C563.76 292.97 550.29 300.41 531.69 300.41C493.95 300.41 466.31 271 466.31 234.68L466.3 234.69Z\" fill=\"#2C7AA9\"\/>\n<path d=\"M592.98 296.53C595.81 294.58 597.76 291.21 597.76 287.67V182.79C597.76 179.07 595.81 175.88 592.98 173.93V173.22H618.67V173.93C615.84 175.88 614.06 179.07 614.06 182.79V287.67C614.06 291.21 615.83 294.58 618.67 296.53V297.24H592.98V296.53Z\" fill=\"#2C7AA9\"\/>\n<path d=\"M697.51 300.42C707.79 304.85 717.71 311.05 728.16 311.05C741.45 311.05 744.81 300.6 746.76 300.6C747.47 300.6 747.82 301.31 747.82 302.9C747.82 310.34 739.85 324.34 721.24 324.34C702.63 324.34 687.4 308.93 674.47 308.93C665.79 308.93 663.49 316.02 661.54 316.02C660.83 316.02 660.12 315.31 660.12 312.83C660.12 305.74 667.21 297.95 677.48 296.35C652.5 287.31 635.67 263.75 635.67 235.4C635.67 198.73 663.31 170.02 700.51 170.02C737.71 170.02 765.53 198.72 765.53 235.4C765.53 272.08 737.89 300.42 700.51 300.42H697.5H697.51ZM700.52 285.72C728.87 285.72 749.24 264.81 749.24 235.4C749.24 205.99 729.04 184.91 700.52 184.91C672 184.91 651.98 206.17 651.98 235.4C651.98 264.63 672.36 285.72 700.52 285.72Z\" fill=\"#2C7AA9\"\/>\n<path d=\"M788.04 255.95V182.78C788.04 179.06 786.09 175.87 783.26 173.92V173.21H809.3V173.92C806.47 175.87 804.52 179.06 804.52 182.78V255.95C804.52 275.08 812.31 285.36 827.55 285.36C842.79 285.36 850.41 275.08 850.41 255.95V182.78C850.41 179.06 848.64 175.87 845.8 173.92V173.21H871.67V173.92C868.84 175.87 867.06 179.06 867.06 182.78V255.95C867.06 283.41 853.95 300.42 827.55 300.42C801.15 300.42 788.04 283.41 788.04 255.95Z\" fill=\"#2C7AA9\"\/>\n<path d=\"M949.62 233.81C947.67 231.33 944.48 229.56 940.76 229.56H914.18V282.53H952.63C956.35 282.53 959.54 280.76 960.96 278.1H961.85L958.84 297.23H893.11V296.52C895.94 294.57 897.89 291.2 897.89 287.66V182.78C897.89 179.06 895.94 175.87 893.11 173.92V173.21H953.88L956.89 192.34H955.83C954.41 189.51 951.22 187.91 947.33 187.91H914.2V214.84H940.78C944.5 214.84 947.69 213.07 949.64 210.59H950.35V233.8H949.64L949.62 233.81Z\" fill=\"#2C7AA9\"\/>\n<path d=\"M0 323.81V314.95H962.55V323.81H0Z\" fill=\"#2C7AA9\"\/>\n<\/g>\n<defs>\n<clipPath id=\"clip0_27_58\">\n<rect width=\"962.55\" height=\"324.34\" fill=\"white\"\/>\n<\/clipPath>\n<\/defs>\n<\/svg>\n<\/div>\n<div>\n<p>Fabriqu\u00e9 exclusivement avec des ingr\u00e9dients certifi\u00e9s. Fid\u00e8le \u00e0 la tradition, avec 72 heures de pr\u00e9paration, un profil bas et une texture en nid d&rsquo;abeille caract\u00e9ristique pour garantir le go\u00fbt et le parfum de l&rsquo;inimitable Panettone Milanais.<\/p>\n<\/div>\n<p><img decoding=\"async\" src=\"\/wp-content\/uploads\/2024\/10\/panettone-bio2.png\" alt=\"\" title=\"\"><\/p>\n<p><!--more--><br \/>\n<!-- {\"type\":\"layout\",\"children\":[{\"type\":\"section\",\"props\":{\"image_position\":\"center-center\",\"padding_remove_bottom\":true,\"padding_remove_top\":true,\"preserve_color\":true,\"style\":\"primary\",\"title_breakpoint\":\"xl\",\"title_position\":\"top-left\",\"title_rotation\":\"left\",\"vertical_align\":\"middle\",\"width\":\"default\"},\"children\":[{\"type\":\"row\",\"children\":[{\"type\":\"column\",\"props\":{\"image_position\":\"center-center\",\"padding\":\"xsmall\",\"position_sticky_breakpoint\":\"m\",\"style\":\"card-default\"},\"children\":[{\"type\":\"fragment\",\"props\":{\"css\":\"@media (min-width: 960px) {\\n    .uk-width-2-5\\\\@m {\\n        width: 47%;\\n    }\\n    .uk-width-3-5\\\\@m {\\n        width: 53%;\\n    }\\n}\",\"margin\":\"default\",\"margin_remove_bottom\":false},\"children\":[{\"type\":\"row\",\"props\":{\"column_gap\":\"collapse\"},\"children\":[{\"type\":\"column\",\"props\":{\"image_position\":\"center-center\",\"position_sticky_breakpoint\":\"m\",\"vertical_align\":\"middle\"},\"children\":[{\"type\":\"text\",\"props\":{\"column_breakpoint\":\"m\",\"content\":\"<svg width=\\\"1400\\\" height=\\\"auto\\\" viewBox=\\\"0 0 963 325\\\" fill=\\\"none\\\" xmlns=\\\"http:\\\/\\\/www.w3.org\\\/2000\\\/svg\\\">\\n<g clip-path=\\\"url(#clip0_27_58)\\\">\\n<path d=\\\"M39.22 147.56V148.41H8.47998V147.56C11.87 145.23 14.2 141.2 14.2 136.96V11.45C14.2 7 11.87 3.18 8.47998 0.85V0H52.58C84.38 0 104.1 16.96 104.1 43.67C104.1 70.38 83.54 87.34 53.85 87.34H33.71V136.95C33.71 141.19 35.83 145.22 39.22 147.55V147.56ZM53.43 69.75C72.51 69.75 84.59 61.27 84.59 43.89C84.59 26.51 73.35 17.6 53.21 17.6H33.71V69.75H53.43Z\\\" fill=\\\"#2C7AA9\\\"\\\/>\\n<path d=\\\"M111.09 136.53L138.65 11.87C139.71 7.21 138.23 3.18 133.99 0.85V0H187.42V0.85C182.97 3.39 181.7 7.42 182.76 11.87L210.32 136.53C211.59 141.83 214.77 145.43 217.74 147.55V148.4H187V147.55C191.66 145.01 192.72 140.98 191.66 136.53L185.3 107.27H136.33L129.76 136.53C128.7 141.19 129.76 145.01 134.42 147.55V148.4H103.68V147.55C106.86 145.43 110.04 141.61 111.1 136.53H111.09ZM181.48 89.68L165.58 17.81H156.04L140.14 89.68H181.48Z\\\" fill=\\\"#2C7AA9\\\"\\\/>\\n<path d=\\\"M234.06 147.56C237.45 145.23 239.78 141.2 239.78 136.96V11.45C239.78 7 237.45 3.18 234.06 0.85V0H264.8V0.85C261.41 3.18 259.29 7 259.29 11.45V11.66C259.29 44.94 302.96 70.17 311.87 95.4V11.45C311.87 7 309.75 3.18 306.15 0.85V0H337.1V0.85C333.71 3.18 331.38 7 331.38 11.45V136.96C331.38 141.2 333.71 145.23 337.1 147.56V148.41H306.15V147.56C309.75 145.23 311.87 141.2 311.87 136.96V136.75C311.87 103.46 267.77 76.75 259.29 52.37V136.96C259.29 141.2 261.41 145.23 264.8 147.56V148.41H234.06V147.56Z\\\" fill=\\\"#2C7AA9\\\"\\\/>\\n<path d=\\\"M362.53 147.56C365.92 145.23 368.25 141.2 368.25 136.96V11.45C368.25 7 365.92 3.18 362.53 0.85V0H428.68L432.28 22.9H431.01C429.31 19.51 425.5 17.6 420.83 17.6H387.76V49.83H424.86C429.1 49.83 432.92 47.71 435.46 44.74H436.31V72.51H435.46C432.92 69.54 429.1 67.42 424.86 67.42H387.76V130.81H449.45C453.9 130.81 457.93 128.69 459.63 125.51H460.69L457.09 148.41H362.54V147.56H362.53Z\\\" fill=\\\"#2C7AA9\\\"\\\/>\\n<path d=\\\"M516.24 147.56V148.41H485.29V147.56C488.89 145.23 491.01 141.2 491.01 136.96V17.6H462.6C458.15 17.6 454.12 19.72 452.64 22.9H451.37L454.97 0H535.32L537.44 8.69L535.32 17.59H510.52V136.95C510.52 141.19 512.85 145.22 516.24 147.55V147.56Z\\\" fill=\\\"#2C7AA9\\\"\\\/>\\n<path d=\\\"M543.79 0H617.78L621.6 22.9H620.33C618.85 19.72 614.82 17.6 610.37 17.6H581.96V136.96C581.96 141.2 584.29 145.23 587.68 147.56V148.41H556.94V147.56C560.33 145.23 562.45 141.2 562.45 136.96V17.6H543.79L541.67 8.7L543.79 0.01V0Z\\\" fill=\\\"#2C7AA9\\\"\\\/>\\n<path d=\\\"M611.64 92.65C611.64 59.58 637.29 33.29 669.52 33.29C701.75 33.29 727.19 59.58 727.19 92.65C727.19 125.72 701.54 152.01 669.52 152.01C637.5 152.01 611.64 125.72 611.64 92.65ZM669.51 134.2C691.77 134.2 708.94 116.18 708.94 92.65C708.94 69.12 691.77 51.1 669.51 51.1C647.25 51.1 630.29 69.33 630.29 92.65C630.29 115.97 647.25 134.2 669.51 134.2Z\\\" fill=\\\"#2C7AA9\\\"\\\/>\\n<path d=\\\"M745.2 147.56C748.59 145.23 750.92 141.2 750.92 136.96V11.45C750.92 7 748.59 3.18 745.2 0.85V0H775.94V0.85C772.55 3.18 770.43 7 770.43 11.45V11.66C770.43 44.94 814.1 70.17 823.01 95.4V11.45C823.01 7 820.89 3.18 817.29 0.85V0H848.24V0.85C844.85 3.18 842.52 7 842.52 11.45V136.96C842.52 141.2 844.85 145.23 848.24 147.56V148.41H817.29V147.56C820.89 145.23 823.01 141.2 823.01 136.96V136.75C823.01 103.46 778.91 76.75 770.43 52.37V136.96C770.43 141.2 772.55 145.23 775.94 147.56V148.41H745.2V147.56Z\\\" fill=\\\"#2C7AA9\\\"\\\/>\\n<path d=\\\"M941.3 72.51C938.97 69.54 935.15 67.42 930.7 67.42H898.9V130.81H944.9C949.35 130.81 953.17 128.69 954.86 125.51H955.92L952.32 148.41H873.67V147.56C877.06 145.23 879.39 141.2 879.39 136.96V11.45C879.39 7 877.06 3.18 873.67 0.85V0H946.39L949.99 22.9H948.72C947.02 19.51 943.21 17.6 938.54 17.6H898.9V49.83H930.7C935.15 49.83 938.97 47.71 941.3 44.74H942.15V72.51H941.3Z\\\" fill=\\\"#2C7AA9\\\"\\\/>\\n<path d=\\\"M7.08997 296.53C9.91997 294.58 11.87 291.21 11.87 287.67V182.79C11.87 179.07 9.91997 175.88 7.08997 173.93V173.22H42.35C69.1 173.22 79.56 186.15 79.56 201.74C79.56 214.14 72.12 223.18 63.26 227.08C75.84 230.45 89.13 241.43 89.13 261.1C89.13 283.25 73.36 297.24 47.5 297.24H7.08997V296.53ZM41.99 221.05C56.7 221.05 63.25 213.96 63.25 204.04C63.25 193.59 55.99 187.92 43.23 187.92H28.17V221.05H41.99ZM44.82 282.53C62.36 282.53 72.81 274.03 72.81 259.32C72.81 242.84 59.35 235.76 45.17 235.76H28.16V282.53H44.81H44.82Z\\\" fill=\\\"#2C7AA9\\\"\\\/>\\n<path d=\\\"M99.04 296.53C101.87 294.58 103.82 291.21 103.82 287.67V182.79C103.82 179.07 101.87 175.88 99.04 173.93V173.22H124.73V173.93C121.9 175.88 120.12 179.07 120.12 182.79V287.67C120.12 291.21 121.89 294.58 124.73 296.53V297.24H99.04V296.53Z\\\" fill=\\\"#2C7AA9\\\"\\\/>\\n<path d=\\\"M131.1 235.4C131.1 198.73 158.74 170.02 195.94 170.02C233.14 170.02 260.96 198.72 260.96 235.4C260.96 272.08 233.32 300.42 195.94 300.42C158.56 300.42 131.1 271.72 131.1 235.4ZM195.95 285.72C224.3 285.72 244.67 264.81 244.67 235.4C244.67 205.99 224.47 184.91 195.95 184.91C167.43 184.91 147.41 206.17 147.41 235.4C147.41 264.63 167.79 285.72 195.95 285.72Z\\\" fill=\\\"#2C7AA9\\\"\\\/>\\n<path d=\\\"M267.17 296.53C270 294.58 271.95 291.21 271.95 287.67V182.79C271.95 179.07 270 175.88 267.17 173.93V173.22H292.86V173.93C290.03 175.88 288.25 179.07 288.25 182.79V282.54H318.72C322.62 282.54 325.81 280.77 327.05 278.11H328.11L324.74 297.24H267.16V296.53H267.17Z\\\" fill=\\\"#2C7AA9\\\"\\\/>\\n<path d=\\\"M329.71 235.4C329.71 198.73 357.35 170.02 394.55 170.02C431.75 170.02 459.57 198.72 459.57 235.4C459.57 272.08 431.93 300.42 394.55 300.42C357.17 300.42 329.71 271.72 329.71 235.4ZM394.55 285.72C422.9 285.72 443.27 264.81 443.27 235.4C443.27 205.99 423.07 184.91 394.55 184.91C366.03 184.91 346.01 206.17 346.01 235.4C346.01 264.63 366.39 285.72 394.55 285.72Z\\\" fill=\\\"#2C7AA9\\\"\\\/>\\n<path d=\\\"M466.3 234.69C466.3 199.08 493.05 170.02 529.9 170.02C548.86 170.02 559.31 177.99 564.63 177.99C566.22 177.99 567.46 177.28 568.17 176.04H569.06V199.6H568.35C560.2 189.68 543.55 184.36 530.44 184.36C502.45 184.36 482.78 206.51 482.78 234.5C482.78 264.26 503.86 285.7 532.03 285.7C541.6 285.7 548.86 283.4 554.53 280.21V247.08C554.53 243.36 552.58 240.17 549.75 238.04V237.33H575.62V238.04C572.61 240.17 570.84 243.35 570.84 247.08V276.49C570.84 280.57 572.61 283.22 574.92 284.11V284.82C563.76 292.97 550.29 300.41 531.69 300.41C493.95 300.41 466.31 271 466.31 234.68L466.3 234.69Z\\\" fill=\\\"#2C7AA9\\\"\\\/>\\n<path d=\\\"M592.98 296.53C595.81 294.58 597.76 291.21 597.76 287.67V182.79C597.76 179.07 595.81 175.88 592.98 173.93V173.22H618.67V173.93C615.84 175.88 614.06 179.07 614.06 182.79V287.67C614.06 291.21 615.83 294.58 618.67 296.53V297.24H592.98V296.53Z\\\" fill=\\\"#2C7AA9\\\"\\\/>\\n<path d=\\\"M697.51 300.42C707.79 304.85 717.71 311.05 728.16 311.05C741.45 311.05 744.81 300.6 746.76 300.6C747.47 300.6 747.82 301.31 747.82 302.9C747.82 310.34 739.85 324.34 721.24 324.34C702.63 324.34 687.4 308.93 674.47 308.93C665.79 308.93 663.49 316.02 661.54 316.02C660.83 316.02 660.12 315.31 660.12 312.83C660.12 305.74 667.21 297.95 677.48 296.35C652.5 287.31 635.67 263.75 635.67 235.4C635.67 198.73 663.31 170.02 700.51 170.02C737.71 170.02 765.53 198.72 765.53 235.4C765.53 272.08 737.89 300.42 700.51 300.42H697.5H697.51ZM700.52 285.72C728.87 285.72 749.24 264.81 749.24 235.4C749.24 205.99 729.04 184.91 700.52 184.91C672 184.91 651.98 206.17 651.98 235.4C651.98 264.63 672.36 285.72 700.52 285.72Z\\\" fill=\\\"#2C7AA9\\\"\\\/>\\n<path d=\\\"M788.04 255.95V182.78C788.04 179.06 786.09 175.87 783.26 173.92V173.21H809.3V173.92C806.47 175.87 804.52 179.06 804.52 182.78V255.95C804.52 275.08 812.31 285.36 827.55 285.36C842.79 285.36 850.41 275.08 850.41 255.95V182.78C850.41 179.06 848.64 175.87 845.8 173.92V173.21H871.67V173.92C868.84 175.87 867.06 179.06 867.06 182.78V255.95C867.06 283.41 853.95 300.42 827.55 300.42C801.15 300.42 788.04 283.41 788.04 255.95Z\\\" fill=\\\"#2C7AA9\\\"\\\/>\\n<path d=\\\"M949.62 233.81C947.67 231.33 944.48 229.56 940.76 229.56H914.18V282.53H952.63C956.35 282.53 959.54 280.76 960.96 278.1H961.85L958.84 297.23H893.11V296.52C895.94 294.57 897.89 291.2 897.89 287.66V182.78C897.89 179.06 895.94 175.87 893.11 173.92V173.21H953.88L956.89 192.34H955.83C954.41 189.51 951.22 187.91 947.33 187.91H914.2V214.84H940.78C944.5 214.84 947.69 213.07 949.64 210.59H950.35V233.8H949.64L949.62 233.81Z\\\" fill=\\\"#2C7AA9\\\"\\\/>\\n<path d=\\\"M0 323.81V314.95H962.55V323.81H0Z\\\" fill=\\\"#2C7AA9\\\"\\\/>\\n<\\\/g>\\n<defs>\\n<clipPath id=\\\"clip0_27_58\\\">\\n<rect width=\\\"962.55\\\" height=\\\"324.34\\\" fill=\\\"white\\\"\\\/>\\n<\\\/clipPath>\\n<\\\/defs>\\n<\\\/svg>\\n\",\"margin\":\"default\"}}]}]}]},{\"type\":\"fragment\",\"props\":{\"css\":\"@media(min-width: 960px){\\n    .el-element{\\n        margin-top: -80px!important;\\n    }\\n}\",\"margin\":\"default\",\"margin_remove_top\":false},\"children\":[{\"type\":\"row\",\"props\":{\"layout\":\"1-2,1-2\",\"width\":\"default\"},\"children\":[{\"type\":\"column\",\"props\":{\"image_position\":\"center-center\",\"position_sticky_breakpoint\":\"m\",\"vertical_align\":\"middle\",\"width_medium\":\"1-2\"},\"children\":[{\"type\":\"text\",\"props\":{\"column_breakpoint\":\"m\",\"content\":\"\n\n<p>Fabriqu\\u00e9 exclusivement avec des ingr\\u00e9dients certifi\\u00e9s. Fid\\u00e8le \\u00e0 la tradition, avec 72 heures de pr\\u00e9paration, un profil bas et une texture en nid d'abeille caract\\u00e9ristique pour garantir le go\\u00fbt et le parfum de l'inimitable Panettone Milanais.<\\\/p>\",\"margin\":\"default\",\"text_color\":\"primary\"}}]},{\"type\":\"column\",\"props\":{\"image_position\":\"center-center\",\"position_sticky_breakpoint\":\"m\",\"vertical_align\":\"middle\",\"width_medium\":\"1-2\"},\"children\":[{\"type\":\"image\",\"props\":{\"css\":\".el-image{\\n\\ttransform: scale(1.2) translatex(-10%);\\n}\\n\\n@media (min-width: 960px){\\n    .el-element{\\n    \\tmargin-right: -80px;\\n    }\\n}\\n@media (max-width: 959px){\\n    .el-image{\\n    \\ttransform: none;\\n    }\\n}\",\"image\":\"wp-content\\\/uploads\\\/2024\\\/10\\\/panettone-bio2.png\",\"image_svg_color\":\"emphasis\",\"margin\":\"default\",\"text_align\":\"right\",\"text_align_breakpoint\":\"m\",\"text_align_fallback\":\"center\"}}]}]}]}]}],\"props\":{\"class\":\"prima-sezione-titolo\",\"css\":\".el-row{\\n\\tposition: relative;\\n}\",\"height\":\"pixels\",\"height_viewport\":400}}]}],\"version\":\"4.4.8\"} --><\/p>\n","protected":false},"excerpt":{"rendered":"<p>Fabriqu\u00e9 exclusivement avec des ingr\u00e9dients certifi\u00e9s. Fid\u00e8le \u00e0 la tradition, avec 72 heures de pr\u00e9paration, un profil bas et une texture en nid d&rsquo;abeille caract\u00e9ristique pour garantir le go\u00fbt et le parfum de l&rsquo;inimitable Panettone Milanais.<\/p>\n","protected":false},"author":2,"featured_media":0,"parent":3095,"menu_order":0,"comment_status":"closed","ping_status":"closed","template":"","meta":{"footnotes":""},"class_list":["post-3089","page","type-page","status-publish","hentry"],"_links":{"self":[{"href":"https:\/\/panettonevergani.com\/fr\/wp-json\/wp\/v2\/pages\/3089","targetHints":{"allow":["GET"]}}],"collection":[{"href":"https:\/\/panettonevergani.com\/fr\/wp-json\/wp\/v2\/pages"}],"about":[{"href":"https:\/\/panettonevergani.com\/fr\/wp-json\/wp\/v2\/types\/page"}],"author":[{"embeddable":true,"href":"https:\/\/panettonevergani.com\/fr\/wp-json\/wp\/v2\/users\/2"}],"replies":[{"embeddable":true,"href":"https:\/\/panettonevergani.com\/fr\/wp-json\/wp\/v2\/comments?post=3089"}],"version-history":[{"count":7,"href":"https:\/\/panettonevergani.com\/fr\/wp-json\/wp\/v2\/pages\/3089\/revisions"}],"predecessor-version":[{"id":4661,"href":"https:\/\/panettonevergani.com\/fr\/wp-json\/wp\/v2\/pages\/3089\/revisions\/4661"}],"up":[{"embeddable":true,"href":"https:\/\/panettonevergani.com\/fr\/wp-json\/wp\/v2\/pages\/3095"}],"wp:attachment":[{"href":"https:\/\/panettonevergani.com\/fr\/wp-json\/wp\/v2\/media?parent=3089"}],"curies":[{"name":"wp","href":"https:\/\/api.w.org\/{rel}","templated":true}]}}