{"id":3117,"date":"2024-09-09T16:40:25","date_gmt":"2024-09-09T14:40:25","guid":{"rendered":"http:\/\/panettonevergani.com\/vintage\/"},"modified":"2024-11-19T13:39:45","modified_gmt":"2024-11-19T12:39:45","slug":"vintage","status":"publish","type":"page","link":"https:\/\/panettonevergani.com\/fr\/produits\/colomba\/vintage\/","title":{"rendered":"Vintage"},"content":{"rendered":"<div><svg id=\"Raggruppa_527\" data-name=\"Raggruppa 527\" xmlns=\"http:\/\/www.w3.org\/2000\/svg\" xmlns:xlink=\"http:\/\/www.w3.org\/1999\/xlink\" width=\"651.239\" height=\"670.5\" viewBox=\"0 0 651.239 670.5\">\n  <defs>\n    <clipPath id=\"clip-path\">\n      <rect id=\"Rettangolo_133\" data-name=\"Rettangolo 133\" width=\"651.239\" height=\"670.5\" fill=\"none\"\/>\n    <\/clipPath>\n  <\/defs>\n  <g id=\"Raggruppa_526\" data-name=\"Raggruppa 526\" clip-path=\"url(#clip-path)\">\n    <path id=\"Tracciato_1085\" data-name=\"Tracciato 1085\" d=\"M0,367.569c0-12.626,9.51-20.988,18.692-20.988,7.052,0,11.806,4.754,11.806,7.379,0,.819-.327,1.148-.819,1.148-.984,0-2.46-.984-5.247-.984-5.576,0-10,5.083-10,11.969,0,9.675,8.032,15.415,16.725,15.415,9.51,0,17.38-6.724,17.38-18.037,0-27.876-44.766-34.762-44.766-64.277,0-15.908,13.119-24.763,26.235-24.763,12.135,0,18.53,7.381,21.646,7.381a2.984,2.984,0,0,0,2.625-1.639h.984V301.98h-.984C49.848,295.913,41.65,288.2,31.811,288.2c-8.527,0-12.954,5.413-12.954,11.151,0,19.187,44.766,29.844,44.766,63.129,0,16.565-11.316,32.633-32.14,32.633C12.954,395.117,0,382.491,0,367.569\" transform=\"translate(0 275.383)\" fill=\"#116899\"\/>\n    <path id=\"Tracciato_1086\" data-name=\"Tracciato 1086\" d=\"M94.87,390.03a10.176,10.176,0,0,0,4.428-8.2V341.658H58.631v40.174a10.021,10.021,0,0,0,4.263,8.2v.657H39.119v-.657a10.179,10.179,0,0,0,4.426-8.2V284.759a9.955,9.955,0,0,0-4.426-8.2V275.9H62.894v.655a9.806,9.806,0,0,0-4.263,8.2v43.289H99.3V284.759a9.952,9.952,0,0,0-4.428-8.2V275.9h23.939v.655a9.57,9.57,0,0,0-4.428,8.2v97.072a9.772,9.772,0,0,0,4.428,8.2v.657H94.87Z\" transform=\"translate(39.255 276.862)\" fill=\"#116899\"\/>\n    <path id=\"Tracciato_1087\" data-name=\"Tracciato 1087\" d=\"M86.669,334.937c0-33.943,25.58-60.507,60.016-60.507,34.6,0,60.178,26.564,60.178,60.507,0,33.616-25.58,60.18-60.178,60.18-34.436,0-60.016-26.564-60.016-60.18m60.016,46.571c26.235,0,45.092-19.35,45.092-46.571S173.085,288.2,146.685,288.2c-26.235,0-44.93,19.678-44.93,46.733s18.857,46.571,44.93,46.571\" transform=\"translate(86.97 275.383)\" fill=\"#116899\"\/>\n    <path id=\"Tracciato_1088\" data-name=\"Tracciato 1088\" d=\"M178.211,390.03v.657H154.434v-.657a10.181,10.181,0,0,0,4.428-8.2V284.759a9.957,9.957,0,0,0-4.428-8.2V275.9h34.105c24.6,0,39.847,13.119,39.847,33.779,0,20.826-15.906,33.779-38.861,33.779H173.946v38.371a10.022,10.022,0,0,0,4.265,8.2M189.2,329.852c14.758,0,24.106-6.559,24.106-20,0-13.119-8.693-20.333-24.27-20.333H173.946v40.338Z\" transform=\"translate(154.97 276.862)\" fill=\"#116899\"\/>\n    <path id=\"Tracciato_1089\" data-name=\"Tracciato 1089\" d=\"M222.405,390.03v.657H198.628v-.657a10.181,10.181,0,0,0,4.428-8.2V284.759a9.957,9.957,0,0,0-4.428-8.2V275.9h34.105c24.6,0,39.847,13.119,39.847,33.779,0,20.826-15.906,33.779-38.861,33.779H218.14v38.371a10.022,10.022,0,0,0,4.265,8.2m10.985-60.178c14.758,0,24.106-6.559,24.106-20,0-13.119-8.693-20.333-24.27-20.333H218.14v40.338Z\" transform=\"translate(199.318 276.862)\" fill=\"#116899\"\/>\n    <path id=\"Tracciato_1090\" data-name=\"Tracciato 1090\" d=\"M295.131,331.984a10.43,10.43,0,0,0-8.2-3.935h-24.6v49.027h35.584a8.576,8.576,0,0,0,7.707-4.1h.819l-2.787,17.709H242.822v-.655a10.181,10.181,0,0,0,4.428-8.2V284.758a9.95,9.95,0,0,0-4.428-8.2V275.9h56.243l2.787,17.709h-.984c-1.31-2.625-4.263-4.1-7.872-4.1H262.334v24.925h24.6a10.43,10.43,0,0,0,8.2-3.935h.655v21.481Z\" transform=\"translate(243.665 276.863)\" fill=\"#116899\"\/>\n    <path id=\"Tracciato_1091\" data-name=\"Tracciato 1091\" d=\"M305.224,390.031v.655H281.449v-.655a10.178,10.178,0,0,0,4.428-8.2V284.758a9.952,9.952,0,0,0-4.428-8.2V275.9H315.23c24.6,0,39.354,11.64,39.354,31.973,0,16.234-10.33,26.728-26.893,30.172,15.413,6.722,17.054,48.208,37.713,48.208,1.477,0,1.969.329,1.969,1.312,0,1.967-3.775,4.919-9.675,4.919-29.679,0-28.531-51.323-47.554-51.323h-9.182v40.667a10.032,10.032,0,0,0,4.261,8.2m10.825-62.474c14.593,0,23.449-6.886,23.449-19.514s-7.87-18.53-23.449-18.53H300.963v38.044Z\" transform=\"translate(282.426 276.863)\" fill=\"#116899\"\/>\n    <path id=\"Tracciato_1092\" data-name=\"Tracciato 1092\" d=\"M68.312,219.215,12.574,18.693C10.536,10.878,5.1,4.078,0,1.361V0H49.281v1.36c-7.479,4.079-8.837,9.176-6.8,17.332L92.444,203.241,142.4,18.693c2.04-7.816.679-13.253-6.8-17.332V0h49.279v1.36c-5.437,3.057-10.2,9.516-12.576,17.332l-55.4,200.522c-2.038,7.475-.679,13.255,6.8,17.334v1.358H61.517v-1.358c7.475-4.079,8.835-9.859,6.8-17.334\" transform=\"translate(0 0.001)\" fill=\"#116899\"\/>\n    <path id=\"Tracciato_1093\" data-name=\"Tracciato 1093\" d=\"M104.322,236.548a21.108,21.108,0,0,0,9.176-16.993V18.354A20.63,20.63,0,0,0,104.322,1.36V0H153.6V1.36a20.319,20.319,0,0,0-8.837,16.993v201.2a20.777,20.777,0,0,0,8.837,16.993v1.358H104.322Z\" transform=\"translate(104.684)\" fill=\"#116899\"\/>\n    <path id=\"Tracciato_1094\" data-name=\"Tracciato 1094\" d=\"M149.443,236.548a21.1,21.1,0,0,0,9.176-16.993V18.354A20.62,20.62,0,0,0,149.443,1.36V0h49.281V1.36a20.318,20.318,0,0,0-8.835,16.993v.341c0,53.358,70.011,93.8,84.286,134.245V18.354A19.816,19.816,0,0,0,265,1.36V0h49.62V1.36a20.625,20.625,0,0,0-9.176,16.993v201.2a21.1,21.1,0,0,0,9.176,16.993v1.358H265v-1.358a20.247,20.247,0,0,0,9.178-16.993v-.341c0-53.358-70.693-96.181-84.286-135.266V219.554a20.776,20.776,0,0,0,8.835,16.993v1.358H149.443Z\" transform=\"translate(149.962)\" fill=\"#116899\"\/>\n    <path id=\"Tracciato_1095\" data-name=\"Tracciato 1095\" d=\"M299.836,236.548a20.783,20.783,0,0,0,8.837-16.993V28.211H262.11c-7.136,0-13.6,3.4-15.974,8.5H244.1L249.875,0h149.2l5.776,36.708h-2.037c-2.38-5.1-8.5-8.5-15.976-8.5h-46.9V219.554a21.1,21.1,0,0,0,9.176,16.993v1.358H299.836Z\" transform=\"translate(244.945)\" fill=\"#116899\"\/>\n    <path id=\"Tracciato_1096\" data-name=\"Tracciato 1096\" d=\"M14.651,379.027,64.776,152.3c1.927-8.483-.771-15.809-8.483-20.051v-1.543h97.168v1.543c-8.1,4.628-10.412,11.953-8.485,20.051L195.1,379.027a34.443,34.443,0,0,0,13.5,20.051v1.543H152.691v-1.543c8.481-4.628,10.41-11.955,8.481-20.051l-11.566-53.21H60.535l-11.953,53.21c-1.929,8.483,0,15.423,8.481,20.051v1.543H1.154v-1.543a32.364,32.364,0,0,0,13.5-20.051m128.014-85.216L113.745,163.1H96.393L67.475,293.812Z\" transform=\"translate(1.158 131.163)\" fill=\"#116899\"\/>\n    <path id=\"Tracciato_1097\" data-name=\"Tracciato 1097\" d=\"M112.776,267.983c0-77.5,58.225-140.738,138.426-140.738,41.259,0,64.007,17.35,75.575,17.35a8.446,8.446,0,0,0,7.711-4.239h1.929v51.283h-1.545c-17.735-21.593-53.982-33.161-82.513-33.161-60.924,0-103.724,48.2-103.724,109.121,0,64.778,45.886,111.435,107.192,111.435,20.824,0,36.633-5.013,48.971-11.955v-72.1c0-8.1-4.241-15.038-10.412-19.666v-1.541h56.3v1.541a23.644,23.644,0,0,0-10.412,19.666v64.007c0,8.869,3.857,14.651,8.869,16.579v1.545c-24.292,17.735-53.6,33.929-94.083,33.929-82.132,0-142.283-64.007-142.283-143.052\" transform=\"translate(113.168 127.687)\" fill=\"#116899\"\/>\n    <path id=\"Tracciato_1098\" data-name=\"Tracciato 1098\" d=\"M373.382,262.58a24.52,24.52,0,0,0-19.279-9.254H296.267V368.617h83.671c8.1,0,15.038-3.857,18.121-9.641h1.929l-6.555,41.642H250.379v-1.541A23.934,23.934,0,0,0,260.791,379.8V151.531a23.386,23.386,0,0,0-10.412-19.279v-1.543H382.636l6.555,41.644h-2.314c-3.085-6.171-10.025-9.641-18.508-9.641h-72.1v58.61H354.1a24.52,24.52,0,0,0,19.279-9.254h1.545V262.58Z\" transform=\"translate(251.248 131.163)\" fill=\"#116899\"\/>\n  <\/g>\n<\/svg>\n<\/div>\n<p><img decoding=\"async\" src=\"\/wp-content\/uploads\/2024\/09\/shopper-vintage.png\" alt=\"\" title=\"\"><\/p>\n<div>\n<p>Ingr\u00e9dients s\u00e9lectionn\u00e9s et soixante-douze heures de pr\u00e9paration pour un produit\u2026 excellent ! Vanille naturelle et zestes d\u2019oranges confits \u00e0 frais pendant au moins sept jours. Dans un emballage au charme r\u00e9tro, nos Colombes offrent tout le go\u00fbt du style et de la mode, avec toute la nostalgie de notre flyer des ann\u00e9es 50.<br \/>La couverture se distingue par un gla\u00e7age riche en amandes.<\/p>\n<\/div>\n<h2>\n<div><b>Disponible en versions:\u00a0\u00a0<\/b><\/div>\n<div><\/div>\n<\/h2>\n<ul>\n<li>\n<div>\u25cf Colomba classique 750g<\/div>\n<\/li>\n<li>\n<div>\u25cf Colomba au chocolat 750g<\/div>\n<\/li>\n<\/ul>\n<ul>\n<li>\n<div>\u25cf Colomba classica 750g<\/div>\n<\/li>\n<li>\n<div>\u25cf Colomba al cioccolato 750g<\/div>\n<\/li>\n<\/ul>\n<p><!--more--><br \/>\n<!-- {\"type\":\"layout\",\"children\":[{\"type\":\"section\",\"props\":{\"image_position\":\"center-center\",\"padding_remove_bottom\":true,\"padding_remove_top\":true,\"preserve_color\":true,\"style\":\"primary\",\"title_breakpoint\":\"xl\",\"title_position\":\"top-left\",\"title_rotation\":\"left\",\"vertical_align\":\"middle\",\"width\":\"default\"},\"children\":[{\"type\":\"row\",\"children\":[{\"type\":\"column\",\"props\":{\"image_position\":\"center-center\",\"padding\":\"xsmall\",\"position_sticky_breakpoint\":\"m\",\"style\":\"card-default\"},\"children\":[{\"type\":\"fragment\",\"props\":{\"css\":\"@media (min-width: 960px) {\\n    .uk-width-2-5\\\\@m {\\n        width: 47%;\\n    }\\n    .uk-width-3-5\\\\@m {\\n        width: 53%;\\n    }\\n}\",\"margin\":\"default\"},\"children\":[{\"type\":\"row\",\"props\":{\"column_gap\":\"collapse\",\"layout\":\"1-2,1-2\"},\"children\":[{\"type\":\"column\",\"props\":{\"image_position\":\"center-center\",\"position_sticky_breakpoint\":\"m\",\"vertical_align\":\"middle\",\"width_medium\":\"1-2\"},\"children\":[{\"type\":\"text\",\"props\":{\"column_breakpoint\":\"m\",\"content\":\"<svg id=\\\"Raggruppa_527\\\" data-name=\\\"Raggruppa 527\\\" xmlns=\\\"http:\\\/\\\/www.w3.org\\\/2000\\\/svg\\\" xmlns:xlink=\\\"http:\\\/\\\/www.w3.org\\\/1999\\\/xlink\\\" width=\\\"651.239\\\" height=\\\"670.5\\\" viewBox=\\\"0 0 651.239 670.5\\\">\\n  <defs>\\n    <clipPath id=\\\"clip-path\\\">\\n      <rect id=\\\"Rettangolo_133\\\" data-name=\\\"Rettangolo 133\\\" width=\\\"651.239\\\" height=\\\"670.5\\\" fill=\\\"none\\\"\\\/>\\n    <\\\/clipPath>\\n  <\\\/defs>\\n  <g id=\\\"Raggruppa_526\\\" data-name=\\\"Raggruppa 526\\\" clip-path=\\\"url(#clip-path)\\\">\\n    <path id=\\\"Tracciato_1085\\\" data-name=\\\"Tracciato 1085\\\" d=\\\"M0,367.569c0-12.626,9.51-20.988,18.692-20.988,7.052,0,11.806,4.754,11.806,7.379,0,.819-.327,1.148-.819,1.148-.984,0-2.46-.984-5.247-.984-5.576,0-10,5.083-10,11.969,0,9.675,8.032,15.415,16.725,15.415,9.51,0,17.38-6.724,17.38-18.037,0-27.876-44.766-34.762-44.766-64.277,0-15.908,13.119-24.763,26.235-24.763,12.135,0,18.53,7.381,21.646,7.381a2.984,2.984,0,0,0,2.625-1.639h.984V301.98h-.984C49.848,295.913,41.65,288.2,31.811,288.2c-8.527,0-12.954,5.413-12.954,11.151,0,19.187,44.766,29.844,44.766,63.129,0,16.565-11.316,32.633-32.14,32.633C12.954,395.117,0,382.491,0,367.569\\\" transform=\\\"translate(0 275.383)\\\" fill=\\\"#116899\\\"\\\/>\\n    <path id=\\\"Tracciato_1086\\\" data-name=\\\"Tracciato 1086\\\" d=\\\"M94.87,390.03a10.176,10.176,0,0,0,4.428-8.2V341.658H58.631v40.174a10.021,10.021,0,0,0,4.263,8.2v.657H39.119v-.657a10.179,10.179,0,0,0,4.426-8.2V284.759a9.955,9.955,0,0,0-4.426-8.2V275.9H62.894v.655a9.806,9.806,0,0,0-4.263,8.2v43.289H99.3V284.759a9.952,9.952,0,0,0-4.428-8.2V275.9h23.939v.655a9.57,9.57,0,0,0-4.428,8.2v97.072a9.772,9.772,0,0,0,4.428,8.2v.657H94.87Z\\\" transform=\\\"translate(39.255 276.862)\\\" fill=\\\"#116899\\\"\\\/>\\n    <path id=\\\"Tracciato_1087\\\" data-name=\\\"Tracciato 1087\\\" d=\\\"M86.669,334.937c0-33.943,25.58-60.507,60.016-60.507,34.6,0,60.178,26.564,60.178,60.507,0,33.616-25.58,60.18-60.178,60.18-34.436,0-60.016-26.564-60.016-60.18m60.016,46.571c26.235,0,45.092-19.35,45.092-46.571S173.085,288.2,146.685,288.2c-26.235,0-44.93,19.678-44.93,46.733s18.857,46.571,44.93,46.571\\\" transform=\\\"translate(86.97 275.383)\\\" fill=\\\"#116899\\\"\\\/>\\n    <path id=\\\"Tracciato_1088\\\" data-name=\\\"Tracciato 1088\\\" d=\\\"M178.211,390.03v.657H154.434v-.657a10.181,10.181,0,0,0,4.428-8.2V284.759a9.957,9.957,0,0,0-4.428-8.2V275.9h34.105c24.6,0,39.847,13.119,39.847,33.779,0,20.826-15.906,33.779-38.861,33.779H173.946v38.371a10.022,10.022,0,0,0,4.265,8.2M189.2,329.852c14.758,0,24.106-6.559,24.106-20,0-13.119-8.693-20.333-24.27-20.333H173.946v40.338Z\\\" transform=\\\"translate(154.97 276.862)\\\" fill=\\\"#116899\\\"\\\/>\\n    <path id=\\\"Tracciato_1089\\\" data-name=\\\"Tracciato 1089\\\" d=\\\"M222.405,390.03v.657H198.628v-.657a10.181,10.181,0,0,0,4.428-8.2V284.759a9.957,9.957,0,0,0-4.428-8.2V275.9h34.105c24.6,0,39.847,13.119,39.847,33.779,0,20.826-15.906,33.779-38.861,33.779H218.14v38.371a10.022,10.022,0,0,0,4.265,8.2m10.985-60.178c14.758,0,24.106-6.559,24.106-20,0-13.119-8.693-20.333-24.27-20.333H218.14v40.338Z\\\" transform=\\\"translate(199.318 276.862)\\\" fill=\\\"#116899\\\"\\\/>\\n    <path id=\\\"Tracciato_1090\\\" data-name=\\\"Tracciato 1090\\\" d=\\\"M295.131,331.984a10.43,10.43,0,0,0-8.2-3.935h-24.6v49.027h35.584a8.576,8.576,0,0,0,7.707-4.1h.819l-2.787,17.709H242.822v-.655a10.181,10.181,0,0,0,4.428-8.2V284.758a9.95,9.95,0,0,0-4.428-8.2V275.9h56.243l2.787,17.709h-.984c-1.31-2.625-4.263-4.1-7.872-4.1H262.334v24.925h24.6a10.43,10.43,0,0,0,8.2-3.935h.655v21.481Z\\\" transform=\\\"translate(243.665 276.863)\\\" fill=\\\"#116899\\\"\\\/>\\n    <path id=\\\"Tracciato_1091\\\" data-name=\\\"Tracciato 1091\\\" d=\\\"M305.224,390.031v.655H281.449v-.655a10.178,10.178,0,0,0,4.428-8.2V284.758a9.952,9.952,0,0,0-4.428-8.2V275.9H315.23c24.6,0,39.354,11.64,39.354,31.973,0,16.234-10.33,26.728-26.893,30.172,15.413,6.722,17.054,48.208,37.713,48.208,1.477,0,1.969.329,1.969,1.312,0,1.967-3.775,4.919-9.675,4.919-29.679,0-28.531-51.323-47.554-51.323h-9.182v40.667a10.032,10.032,0,0,0,4.261,8.2m10.825-62.474c14.593,0,23.449-6.886,23.449-19.514s-7.87-18.53-23.449-18.53H300.963v38.044Z\\\" transform=\\\"translate(282.426 276.863)\\\" fill=\\\"#116899\\\"\\\/>\\n    <path id=\\\"Tracciato_1092\\\" data-name=\\\"Tracciato 1092\\\" d=\\\"M68.312,219.215,12.574,18.693C10.536,10.878,5.1,4.078,0,1.361V0H49.281v1.36c-7.479,4.079-8.837,9.176-6.8,17.332L92.444,203.241,142.4,18.693c2.04-7.816.679-13.253-6.8-17.332V0h49.279v1.36c-5.437,3.057-10.2,9.516-12.576,17.332l-55.4,200.522c-2.038,7.475-.679,13.255,6.8,17.334v1.358H61.517v-1.358c7.475-4.079,8.835-9.859,6.8-17.334\\\" transform=\\\"translate(0 0.001)\\\" fill=\\\"#116899\\\"\\\/>\\n    <path id=\\\"Tracciato_1093\\\" data-name=\\\"Tracciato 1093\\\" d=\\\"M104.322,236.548a21.108,21.108,0,0,0,9.176-16.993V18.354A20.63,20.63,0,0,0,104.322,1.36V0H153.6V1.36a20.319,20.319,0,0,0-8.837,16.993v201.2a20.777,20.777,0,0,0,8.837,16.993v1.358H104.322Z\\\" transform=\\\"translate(104.684)\\\" fill=\\\"#116899\\\"\\\/>\\n    <path id=\\\"Tracciato_1094\\\" data-name=\\\"Tracciato 1094\\\" d=\\\"M149.443,236.548a21.1,21.1,0,0,0,9.176-16.993V18.354A20.62,20.62,0,0,0,149.443,1.36V0h49.281V1.36a20.318,20.318,0,0,0-8.835,16.993v.341c0,53.358,70.011,93.8,84.286,134.245V18.354A19.816,19.816,0,0,0,265,1.36V0h49.62V1.36a20.625,20.625,0,0,0-9.176,16.993v201.2a21.1,21.1,0,0,0,9.176,16.993v1.358H265v-1.358a20.247,20.247,0,0,0,9.178-16.993v-.341c0-53.358-70.693-96.181-84.286-135.266V219.554a20.776,20.776,0,0,0,8.835,16.993v1.358H149.443Z\\\" transform=\\\"translate(149.962)\\\" fill=\\\"#116899\\\"\\\/>\\n    <path id=\\\"Tracciato_1095\\\" data-name=\\\"Tracciato 1095\\\" d=\\\"M299.836,236.548a20.783,20.783,0,0,0,8.837-16.993V28.211H262.11c-7.136,0-13.6,3.4-15.974,8.5H244.1L249.875,0h149.2l5.776,36.708h-2.037c-2.38-5.1-8.5-8.5-15.976-8.5h-46.9V219.554a21.1,21.1,0,0,0,9.176,16.993v1.358H299.836Z\\\" transform=\\\"translate(244.945)\\\" fill=\\\"#116899\\\"\\\/>\\n    <path id=\\\"Tracciato_1096\\\" data-name=\\\"Tracciato 1096\\\" d=\\\"M14.651,379.027,64.776,152.3c1.927-8.483-.771-15.809-8.483-20.051v-1.543h97.168v1.543c-8.1,4.628-10.412,11.953-8.485,20.051L195.1,379.027a34.443,34.443,0,0,0,13.5,20.051v1.543H152.691v-1.543c8.481-4.628,10.41-11.955,8.481-20.051l-11.566-53.21H60.535l-11.953,53.21c-1.929,8.483,0,15.423,8.481,20.051v1.543H1.154v-1.543a32.364,32.364,0,0,0,13.5-20.051m128.014-85.216L113.745,163.1H96.393L67.475,293.812Z\\\" transform=\\\"translate(1.158 131.163)\\\" fill=\\\"#116899\\\"\\\/>\\n    <path id=\\\"Tracciato_1097\\\" data-name=\\\"Tracciato 1097\\\" d=\\\"M112.776,267.983c0-77.5,58.225-140.738,138.426-140.738,41.259,0,64.007,17.35,75.575,17.35a8.446,8.446,0,0,0,7.711-4.239h1.929v51.283h-1.545c-17.735-21.593-53.982-33.161-82.513-33.161-60.924,0-103.724,48.2-103.724,109.121,0,64.778,45.886,111.435,107.192,111.435,20.824,0,36.633-5.013,48.971-11.955v-72.1c0-8.1-4.241-15.038-10.412-19.666v-1.541h56.3v1.541a23.644,23.644,0,0,0-10.412,19.666v64.007c0,8.869,3.857,14.651,8.869,16.579v1.545c-24.292,17.735-53.6,33.929-94.083,33.929-82.132,0-142.283-64.007-142.283-143.052\\\" transform=\\\"translate(113.168 127.687)\\\" fill=\\\"#116899\\\"\\\/>\\n    <path id=\\\"Tracciato_1098\\\" data-name=\\\"Tracciato 1098\\\" d=\\\"M373.382,262.58a24.52,24.52,0,0,0-19.279-9.254H296.267V368.617h83.671c8.1,0,15.038-3.857,18.121-9.641h1.929l-6.555,41.642H250.379v-1.541A23.934,23.934,0,0,0,260.791,379.8V151.531a23.386,23.386,0,0,0-10.412-19.279v-1.543H382.636l6.555,41.644h-2.314c-3.085-6.171-10.025-9.641-18.508-9.641h-72.1v58.61H354.1a24.52,24.52,0,0,0,19.279-9.254h1.545V262.58Z\\\" transform=\\\"translate(251.248 131.163)\\\" fill=\\\"#116899\\\"\\\/>\\n  <\\\/g>\\n<\\\/svg>\\n\",\"margin\":\"default\"}}]},{\"type\":\"column\",\"props\":{\"image_position\":\"center-center\",\"position_sticky_breakpoint\":\"m\",\"width_medium\":\"1-2\"},\"children\":[{\"type\":\"image\",\"props\":{\"image\":\"wp-content\\\/uploads\\\/2024\\\/09\\\/shopper-vintage.png\",\"image_svg_color\":\"emphasis\",\"margin\":\"default\"}}]}]}]},{\"type\":\"text\",\"props\":{\"column_breakpoint\":\"m\",\"content\":\"\n\n<p>Ingr\\u00e9dients s\\u00e9lectionn\\u00e9s et soixante-douze heures de pr\\u00e9paration pour un produit\\u2026 excellent ! Vanille naturelle et zestes d\\u2019oranges confits \\u00e0 frais pendant au moins sept jours. Dans un emballage au charme r\\u00e9tro, nos Colombes offrent tout le go\\u00fbt du style et de la mode, avec toute la nostalgie de notre flyer des ann\\u00e9es 50.<br \\\/>La couverture se distingue par un gla\\u00e7age riche en amandes.<\\\/p>\",\"margin\":\"medium\",\"text_color\":\"primary\"}},{\"type\":\"headline\",\"props\":{\"content\":\"\n\n<div><b>Disponible en versions:\\u00a0\\u00a0<\\\/b><\\\/div>\\n\n\n<div><\\\/div>\",\"css\":\".el-element{\\n\\ttext-transform: none;\\n}\\nstrong{\\n\\tfont-weight: 700;\\n}\",\"title_color\":\"primary\",\"title_element\":\"h2\",\"title_font_family\":\"primary\",\"title_style\":\"h4\"},\"name\":\"varianti\"},{\"type\":\"list\",\"props\":{\"column_breakpoint\":\"m\",\"css\":\".el-content{\\n\\tcolor: #1168a5;\\n    margin-right: 15px;\\n}\",\"image_align\":\"left\",\"image_svg_color\":\"emphasis\",\"image_vertical_align\":true,\"list_element\":\"ul\",\"list_horizontal_separator\":\"\",\"list_type\":\"horizontal\",\"show_image\":true,\"show_link\":true,\"visibility\":\"s\"},\"children\":[{\"type\":\"list_item\",\"props\":{\"content\":\"\\u25cf Colomba classique 750g\"}},{\"type\":\"list_item\",\"props\":{\"content\":\"\\u25cf Colomba au chocolat 750g\"}}]},{\"type\":\"list\",\"props\":{\"column_breakpoint\":\"m\",\"css\":\".el-content{\\n\\tcolor: #1168a5;\\n    margin-right: 15px;\\n}\",\"image_align\":\"left\",\"image_svg_color\":\"emphasis\",\"image_vertical_align\":true,\"list_element\":\"ul\",\"list_horizontal_separator\":\"\",\"list_type\":\"vertical\",\"show_image\":true,\"show_link\":true,\"visibility\":\"hidden-s\"},\"children\":[{\"type\":\"list_item\",\"props\":{\"content\":\"\\u25cf Colomba classica 750g\"}},{\"type\":\"list_item\",\"props\":{\"content\":\"\\u25cf Colomba al cioccolato 750g\"}}]}]}],\"props\":{\"class\":\"prima-sezione-titolo\",\"css\":\".el-row{\\n\\tposition: relative;\\n}\",\"height\":\"pixels\",\"height_viewport\":400}}]}],\"version\":\"4.4.8\"} --><\/p>\n","protected":false},"excerpt":{"rendered":"<p>Ingr\u00e9dients s\u00e9lectionn\u00e9s et soixante-douze heures de pr\u00e9paration pour un produit\u2026 excellent ! Vanille naturelle et zestes d\u2019oranges confits \u00e0 frais pendant au moins sept jours. Dans un emballage au charme r\u00e9tro, nos Colombes offrent tout le go\u00fbt du style et de la mode, avec toute la nostalgie de notre flyer des ann\u00e9es 50.La couverture se [&hellip;]<\/p>\n","protected":false},"author":2,"featured_media":0,"parent":3143,"menu_order":0,"comment_status":"closed","ping_status":"closed","template":"","meta":{"footnotes":""},"class_list":["post-3117","page","type-page","status-publish","hentry"],"_links":{"self":[{"href":"https:\/\/panettonevergani.com\/fr\/wp-json\/wp\/v2\/pages\/3117","targetHints":{"allow":["GET"]}}],"collection":[{"href":"https:\/\/panettonevergani.com\/fr\/wp-json\/wp\/v2\/pages"}],"about":[{"href":"https:\/\/panettonevergani.com\/fr\/wp-json\/wp\/v2\/types\/page"}],"author":[{"embeddable":true,"href":"https:\/\/panettonevergani.com\/fr\/wp-json\/wp\/v2\/users\/2"}],"replies":[{"embeddable":true,"href":"https:\/\/panettonevergani.com\/fr\/wp-json\/wp\/v2\/comments?post=3117"}],"version-history":[{"count":2,"href":"https:\/\/panettonevergani.com\/fr\/wp-json\/wp\/v2\/pages\/3117\/revisions"}],"predecessor-version":[{"id":4620,"href":"https:\/\/panettonevergani.com\/fr\/wp-json\/wp\/v2\/pages\/3117\/revisions\/4620"}],"up":[{"embeddable":true,"href":"https:\/\/panettonevergani.com\/fr\/wp-json\/wp\/v2\/pages\/3143"}],"wp:attachment":[{"href":"https:\/\/panettonevergani.com\/fr\/wp-json\/wp\/v2\/media?parent=3117"}],"curies":[{"name":"wp","href":"https:\/\/api.w.org\/{rel}","templated":true}]}}