{"id":3123,"date":"2024-10-25T11:59:49","date_gmt":"2024-10-25T09:59:49","guid":{"rendered":"http:\/\/panettonevergani.com\/senza-glutine\/"},"modified":"2024-11-19T13:43:36","modified_gmt":"2024-11-19T12:43:36","slug":"les-gluten-free","status":"publish","type":"page","link":"https:\/\/panettonevergani.com\/fr\/produits\/colomba\/les-gluten-free\/","title":{"rendered":"Les gluten free"},"content":{"rendered":"<div><?xml version=\"1.0\" encoding=\"UTF-8\"?><br \/>\n<svg id=\"Livello_1\" xmlns=\"http:\/\/www.w3.org\/2000\/svg\" version=\"1.1\" viewBox=\"0 0 990.28 670.86\">\n  <!-- Generator: Adobe Illustrator 29.0.0, SVG Export Plug-In . SVG Version: 2.1.0 Build 186)  -->\n  <defs><\/p>\n<style>\n      .st0 {\n        fill: #2c7aa9;\n      }\n    <\/style>\n<p>  <\/defs>\n  <path class=\"st0\" d=\"M6.26,115.18C6.26,51.33,54.15,0,119.88,0c33.8,0,51.96,14.4,62.6,14.4,3.44,0,5.63-1.56,7.51-3.76h1.56v46.64h-1.25c-15.34-17.53-45.07-27.86-69.49-27.86-47.26,0-81.07,37.25-81.07,85.76s35.68,86.39,83.88,86.39c15.96,0,27.86-3.76,37.87-9.08v-55.09c0-7.2-3.44-13.46-9.08-17.53v-1.25h51.64v1.25c-5.63,4.07-9.08,10.33-9.08,17.53v47.26c0,8.45,3.44,13.46,8.14,15.34v1.25c-18.47,15.02-44.13,30.36-79.82,30.36-66.98,0-117.06-51.33-117.06-116.44Z\"\/>\n  <path class=\"st0\" d=\"M234.75,224.11c5.32-4.07,8.76-10.33,8.76-17.21V24.73c0-7.2-3.44-13.15-8.76-17.21v-1.25h51.33v1.25c-5.63,4.07-9.08,10.02-9.08,17.21v170.59h102.04c7.2,0,13.77-3.13,15.96-8.14h1.88l-5.32,38.19h-156.81v-1.25Z\"\/>\n  <path class=\"st0\" d=\"M326.46,96.41V24.73c0-7.2-3.44-13.15-8.77-17.21v-1.25h51.96v1.25c-5.63,4.07-9.08,10.02-9.08,17.21v71.37c0,26.29,8.14,41.94,28.17,41.94s28.17-15.65,28.17-41.94V24.73c0-7.2-3.44-13.15-8.76-17.21v-1.25h51.96v1.25c-5.63,4.07-9.08,10.02-9.08,17.21v71.68c0,46.95-22.85,71.68-62.29,71.68s-62.29-24.73-62.29-71.68Z\"\/>\n  <path class=\"st0\" d=\"M532.09,224.11c5.63-4.07,8.76-10.33,8.76-17.21V36.31h-43.51c-7.51,0-13.77,3.13-16.28,8.14h-1.88l5.95-38.19h144.92l5.95,38.19h-1.56c-2.5-5.01-8.76-8.14-16.28-8.14h-43.82v170.59c0,6.89,3.44,13.15,9.08,17.21v1.25h-51.33v-1.25Z\"\/>\n  <path class=\"st0\" d=\"M762.46,121.13c-4.07-5.01-10.33-8.14-17.53-8.14h-44.13v82.32h67.3c7.2,0,13.77-3.13,16.28-8.14h1.56l-5.95,38.19h-121.45v-1.25c5.32-4.07,8.76-10.33,8.76-17.21V24.73c0-7.2-3.44-13.15-8.76-17.21v-1.25h112.68l5.95,38.19h-1.88c-2.5-5.01-8.76-8.14-16.28-8.14h-58.22v46.64h44.13c7.2,0,13.46-3.13,17.53-8.14h1.25v46.32h-1.25Z\"\/>\n  <path class=\"st0\" d=\"M812.22,224.11c5.32-4.07,8.76-10.33,8.76-17.21V24.73c0-7.2-3.44-13.15-8.76-17.21v-1.25h51.33v1.25c-5.63,4.07-9.08,10.02-9.08,17.21v.31c0,46.64,61.97,79.19,75.43,116.12V24.73c0-7.2-3.44-13.15-9.08-17.21v-1.25h51.33v1.25c-5.63,4.07-9.08,10.02-9.08,17.21v182.17c0,6.89,3.44,13.15,9.08,17.21v1.25h-51.33v-1.25c5.63-4.07,9.08-10.33,9.08-17.21v-.31c0-47.26-62.91-81.69-75.43-117.38v117.69c0,6.89,3.44,13.15,9.08,17.21v1.25h-51.33v-1.25Z\"\/>\n  <path class=\"st0\" d=\"M182.28,434.19c-6.37-7.84-16.17-12.74-27.44-12.74h-69.09v147c0,10.78,5.39,20.58,14.21,26.95v1.96H19.6v-1.96c8.33-6.37,13.72-16.17,13.72-26.95v-285.18c0-11.27-5.39-20.58-13.72-26.95v-1.96h176.4l9.31,59.78h-2.94c-3.92-7.84-13.72-12.74-25.48-12.74h-91.14v73.01h69.09c11.27,0,21.07-4.9,27.44-12.74h1.96v72.52h-1.96Z\"\/>\n  <path class=\"st0\" d=\"M332.71,595.4v1.96h-80.36v-1.96c8.33-6.37,13.72-16.17,13.72-26.95v-285.18c0-11.27-5.39-20.58-13.72-26.95v-1.96h107.31c74.97,0,121.52,35.28,121.52,97.51,0,47.04-29.89,78.4-78.4,89.67,49,21.07,52.92,140.63,111.72,140.63,4.9,0,6.37.98,6.37,3.92,0,6.37-12.25,16.66-31.36,16.66-91.63,0-85.75-149.94-145.53-149.94h-25.48v115.64c0,10.78,5.39,20.58,14.21,26.95ZM362.6,405.77c41.65,0,66.15-18.62,66.15-52.92,0-36.26-22.54-51.45-66.15-51.45h-44.1v104.37h44.1Z\"\/>\n  <path class=\"st0\" d=\"M710.99,434.19c-6.37-7.84-16.17-12.74-27.44-12.74h-69.09v128.87h105.35c11.27,0,21.56-4.9,25.48-12.74h2.45l-9.31,59.78h-190.12v-1.96c8.33-6.37,13.72-16.17,13.72-26.95v-285.18c0-11.27-5.39-20.58-13.72-26.95v-1.96h176.4l9.31,59.78h-2.94c-3.92-7.84-13.72-12.74-25.48-12.74h-91.14v73.01h69.09c11.27,0,21.07-4.9,27.44-12.74h1.96v72.52h-1.96Z\"\/>\n  <path class=\"st0\" d=\"M951.57,434.19c-6.37-7.84-16.17-12.74-27.44-12.74h-69.09v128.87h105.35c11.27,0,21.56-4.9,25.48-12.74h2.45l-9.31,59.78h-190.12v-1.96c8.33-6.37,13.72-16.17,13.72-26.95v-285.18c0-11.27-5.39-20.58-13.72-26.95v-1.96h176.4l9.31,59.78h-2.94c-3.92-7.84-13.72-12.74-25.48-12.74h-91.14v73.01h69.09c11.27,0,21.07-4.9,27.44-12.74h1.96v72.52h-1.96Z\"\/>\n  <path class=\"st0\" d=\"M0,670.86v-24.49h990.28v24.49H0Z\"\/>\n<\/svg><\/div>\n<div>L&rsquo;attention \u00e0 la qualit\u00e9 que nous avons toujours port\u00e9e \u00e0 la production de la Colomba (\u00e0 commencer par les 72 heures de transformation, comme le veut la tradition) r\u00e9pond ainsi aux nouvelles habitudes de consommation pour donner \u00e0 tous, mais vraiment \u00e0 tous, la possibilit\u00e9 de savourer librement le typique g\u00e2teau milanais.<\/div>\n<div>\n<p><img decoding=\"async\" src=\"\/wp-content\/uploads\/2024\/10\/colomba-senza-glut-class.png\" alt=\"\" title=\"\"><\/p>\n<h2>LA COLOMBA<br \/>CLASSIQUE SANS GLUTEN<\/h2>\n<div>\n<p>II dolce simbolo di Milano incontra i sapori della Sicilia in una linea dedicata coi colori del sole.<\/p>\n<\/div>\n<\/div>\n<div>\n<p><img decoding=\"async\" src=\"\/wp-content\/uploads\/2024\/10\/colomba-senza-glut-class.png\" alt=\"\" title=\"\"><\/p>\n<h2>LA COLOMBA CLASSIQUE SANS GLUTEN<\/h2>\n<div>\n<p>II dolce simbolo di Milano incontra i sapori della Sicilia in una linea dedicata coi colori del sole.<\/p>\n<\/div>\n<\/div>\n<div>\n<p><img decoding=\"async\" src=\"\/wp-content\/uploads\/2024\/10\/colomba-senza-glut-pist.png\" alt=\"\" title=\"\"><\/p>\n<h2>LA COLOMBA AU PISTACHE SANS GLUTEN <\/h2>\n<div>\n<p>II dolce simbolo di Milano incontra i sapori della Sicilia in una linea dedicata coi colori del sole.<\/p>\n<\/div>\n<\/div>\n<div>\n<p><img decoding=\"async\" src=\"\/wp-content\/uploads\/2024\/10\/colomba-senza-glut-pist.png\" alt=\"\" title=\"\"><\/p>\n<h2>LA COLOMBA AU PISTACHE SANS GLUTEN<\/h2>\n<div>\n<p>II dolce simbolo di Milano incontra i sapori della Sicilia in una linea dedicata coi colori del sole.<\/p>\n<\/div>\n<\/div>\n<div>\n<p><img decoding=\"async\" src=\"\/wp-content\/uploads\/2024\/10\/colomba-senza-glut-car.png\" alt=\"\" title=\"\"><\/p>\n<h2>LA COLOMBA AU CARAMEL SAL\u00c9 SANS GLUTEN<\/h2>\n<div>\n<p>II dolce simbolo di Milano incontra i sapori della Sicilia in una linea dedicata coi colori del sole.<\/p>\n<\/div>\n<\/div>\n<div>\n<p><img decoding=\"async\" src=\"\/wp-content\/uploads\/2024\/10\/colomba-senza-glut-car.png\" alt=\"\" title=\"\"><\/p>\n<h2>LA COLOMBA AU CARAMEL SAL\u00c9 SANS GLUTEN<\/h2>\n<div>\n<p>II dolce simbolo di Milano incontra i sapori della Sicilia in una linea dedicata coi colori del sole.<\/p>\n<\/div>\n<\/div>\n<p><!--more--><br \/>\n<!-- {\"type\":\"layout\",\"children\":[{\"type\":\"section\",\"props\":{\"image_position\":\"center-center\",\"padding_remove_bottom\":true,\"padding_remove_top\":true,\"preserve_color\":true,\"style\":\"primary\",\"title_breakpoint\":\"xl\",\"title_position\":\"top-left\",\"title_rotation\":\"left\",\"vertical_align\":\"middle\",\"width\":\"default\"},\"children\":[{\"type\":\"row\",\"children\":[{\"type\":\"column\",\"props\":{\"image_position\":\"center-center\",\"padding\":\"xsmall\",\"position_sticky_breakpoint\":\"m\",\"style\":\"card-default\"},\"children\":[{\"type\":\"fragment\",\"props\":{\"css\":\"@media (min-width: 960px) {\\n    .uk-width-2-5\\\\@m {\\n        width: 47%;\\n    }\\n    .uk-width-3-5\\\\@m {\\n        width: 53%;\\n    }\\n}\",\"margin\":\"default\"},\"children\":[{\"type\":\"row\",\"props\":{\"column_gap\":\"collapse\"},\"children\":[{\"type\":\"column\",\"props\":{\"image_position\":\"center-center\",\"position_sticky_breakpoint\":\"m\",\"vertical_align\":\"middle\"},\"children\":[{\"type\":\"text\",\"props\":{\"column_breakpoint\":\"m\",\"content\":\"<?xml version=\\\"1.0\\\" encoding=\\\"UTF-8\\\"?>\\n<svg id=\\\"Livello_1\\\" xmlns=\\\"http:\\\/\\\/www.w3.org\\\/2000\\\/svg\\\" version=\\\"1.1\\\" viewBox=\\\"0 0 990.28 670.86\\\">\\n  <!-- Generator: Adobe Illustrator 29.0.0, SVG Export Plug-In . SVG Version: 2.1.0 Build 186)  -->\\n  <defs>\\n    <\/p>\n<style>\\n      .st0 {\\n        fill: #2c7aa9;\\n      }\\n    <\\\/style>\\n  <\\\/defs>\\n  <path class=\\\"st0\\\" d=\\\"M6.26,115.18C6.26,51.33,54.15,0,119.88,0c33.8,0,51.96,14.4,62.6,14.4,3.44,0,5.63-1.56,7.51-3.76h1.56v46.64h-1.25c-15.34-17.53-45.07-27.86-69.49-27.86-47.26,0-81.07,37.25-81.07,85.76s35.68,86.39,83.88,86.39c15.96,0,27.86-3.76,37.87-9.08v-55.09c0-7.2-3.44-13.46-9.08-17.53v-1.25h51.64v1.25c-5.63,4.07-9.08,10.33-9.08,17.53v47.26c0,8.45,3.44,13.46,8.14,15.34v1.25c-18.47,15.02-44.13,30.36-79.82,30.36-66.98,0-117.06-51.33-117.06-116.44Z\\\"\\\/>\\n  <path class=\\\"st0\\\" d=\\\"M234.75,224.11c5.32-4.07,8.76-10.33,8.76-17.21V24.73c0-7.2-3.44-13.15-8.76-17.21v-1.25h51.33v1.25c-5.63,4.07-9.08,10.02-9.08,17.21v170.59h102.04c7.2,0,13.77-3.13,15.96-8.14h1.88l-5.32,38.19h-156.81v-1.25Z\\\"\\\/>\\n  <path class=\\\"st0\\\" d=\\\"M326.46,96.41V24.73c0-7.2-3.44-13.15-8.77-17.21v-1.25h51.96v1.25c-5.63,4.07-9.08,10.02-9.08,17.21v71.37c0,26.29,8.14,41.94,28.17,41.94s28.17-15.65,28.17-41.94V24.73c0-7.2-3.44-13.15-8.76-17.21v-1.25h51.96v1.25c-5.63,4.07-9.08,10.02-9.08,17.21v71.68c0,46.95-22.85,71.68-62.29,71.68s-62.29-24.73-62.29-71.68Z\\\"\\\/>\\n  <path class=\\\"st0\\\" d=\\\"M532.09,224.11c5.63-4.07,8.76-10.33,8.76-17.21V36.31h-43.51c-7.51,0-13.77,3.13-16.28,8.14h-1.88l5.95-38.19h144.92l5.95,38.19h-1.56c-2.5-5.01-8.76-8.14-16.28-8.14h-43.82v170.59c0,6.89,3.44,13.15,9.08,17.21v1.25h-51.33v-1.25Z\\\"\\\/>\\n  <path class=\\\"st0\\\" d=\\\"M762.46,121.13c-4.07-5.01-10.33-8.14-17.53-8.14h-44.13v82.32h67.3c7.2,0,13.77-3.13,16.28-8.14h1.56l-5.95,38.19h-121.45v-1.25c5.32-4.07,8.76-10.33,8.76-17.21V24.73c0-7.2-3.44-13.15-8.76-17.21v-1.25h112.68l5.95,38.19h-1.88c-2.5-5.01-8.76-8.14-16.28-8.14h-58.22v46.64h44.13c7.2,0,13.46-3.13,17.53-8.14h1.25v46.32h-1.25Z\\\"\\\/>\\n  <path class=\\\"st0\\\" d=\\\"M812.22,224.11c5.32-4.07,8.76-10.33,8.76-17.21V24.73c0-7.2-3.44-13.15-8.76-17.21v-1.25h51.33v1.25c-5.63,4.07-9.08,10.02-9.08,17.21v.31c0,46.64,61.97,79.19,75.43,116.12V24.73c0-7.2-3.44-13.15-9.08-17.21v-1.25h51.33v1.25c-5.63,4.07-9.08,10.02-9.08,17.21v182.17c0,6.89,3.44,13.15,9.08,17.21v1.25h-51.33v-1.25c5.63-4.07,9.08-10.33,9.08-17.21v-.31c0-47.26-62.91-81.69-75.43-117.38v117.69c0,6.89,3.44,13.15,9.08,17.21v1.25h-51.33v-1.25Z\\\"\\\/>\\n  <path class=\\\"st0\\\" d=\\\"M182.28,434.19c-6.37-7.84-16.17-12.74-27.44-12.74h-69.09v147c0,10.78,5.39,20.58,14.21,26.95v1.96H19.6v-1.96c8.33-6.37,13.72-16.17,13.72-26.95v-285.18c0-11.27-5.39-20.58-13.72-26.95v-1.96h176.4l9.31,59.78h-2.94c-3.92-7.84-13.72-12.74-25.48-12.74h-91.14v73.01h69.09c11.27,0,21.07-4.9,27.44-12.74h1.96v72.52h-1.96Z\\\"\\\/>\\n  <path class=\\\"st0\\\" d=\\\"M332.71,595.4v1.96h-80.36v-1.96c8.33-6.37,13.72-16.17,13.72-26.95v-285.18c0-11.27-5.39-20.58-13.72-26.95v-1.96h107.31c74.97,0,121.52,35.28,121.52,97.51,0,47.04-29.89,78.4-78.4,89.67,49,21.07,52.92,140.63,111.72,140.63,4.9,0,6.37.98,6.37,3.92,0,6.37-12.25,16.66-31.36,16.66-91.63,0-85.75-149.94-145.53-149.94h-25.48v115.64c0,10.78,5.39,20.58,14.21,26.95ZM362.6,405.77c41.65,0,66.15-18.62,66.15-52.92,0-36.26-22.54-51.45-66.15-51.45h-44.1v104.37h44.1Z\\\"\\\/>\\n  <path class=\\\"st0\\\" d=\\\"M710.99,434.19c-6.37-7.84-16.17-12.74-27.44-12.74h-69.09v128.87h105.35c11.27,0,21.56-4.9,25.48-12.74h2.45l-9.31,59.78h-190.12v-1.96c8.33-6.37,13.72-16.17,13.72-26.95v-285.18c0-11.27-5.39-20.58-13.72-26.95v-1.96h176.4l9.31,59.78h-2.94c-3.92-7.84-13.72-12.74-25.48-12.74h-91.14v73.01h69.09c11.27,0,21.07-4.9,27.44-12.74h1.96v72.52h-1.96Z\\\"\\\/>\\n  <path class=\\\"st0\\\" d=\\\"M951.57,434.19c-6.37-7.84-16.17-12.74-27.44-12.74h-69.09v128.87h105.35c11.27,0,21.56-4.9,25.48-12.74h2.45l-9.31,59.78h-190.12v-1.96c8.33-6.37,13.72-16.17,13.72-26.95v-285.18c0-11.27-5.39-20.58-13.72-26.95v-1.96h176.4l9.31,59.78h-2.94c-3.92-7.84-13.72-12.74-25.48-12.74h-91.14v73.01h69.09c11.27,0,21.07-4.9,27.44-12.74h1.96v72.52h-1.96Z\\\"\\\/>\\n  <path class=\\\"st0\\\" d=\\\"M0,670.86v-24.49h990.28v24.49H0Z\\\"\\\/>\\n<\\\/svg>\",\"margin\":\"default\"}}]}]}]},{\"type\":\"text\",\"props\":{\"column_breakpoint\":\"m\",\"content\":\"L'attention \\u00e0 la qualit\\u00e9 que nous avons toujours port\\u00e9e \\u00e0 la production de la Colomba (\\u00e0 commencer par les 72 heures de transformation, comme le veut la tradition) r\\u00e9pond ainsi aux nouvelles habitudes de consommation pour donner \\u00e0 tous, mais vraiment \\u00e0 tous, la possibilit\\u00e9 de savourer librement le typique g\\u00e2teau milanais.\",\"margin\":\"\",\"text_color\":\"primary\"}},{\"type\":\"grid\",\"props\":{\"content_column_breakpoint\":\"m\",\"content_margin\":\"small\",\"css\":\"\\\/*.el-element{\\n\\tmargin-top: -100px!important;\\n}*\\\/\\n.el-image{\\n\\ttransition: transform 0.3s ease-in-out;\\n}\\n.el-image:hover{\\n\\ttransform: scale(1.1);\\n}\\n.el-title{\\n\\tbackground-color: #116899;\\n    padding: 10px 0px;\\n    text-align: center;\\n    font-weight: 700;\\n}\\n.el-content{\\n\\tcolor: #116899;\\n}\",\"filter_align\":\"left\",\"filter_all\":true,\"filter_grid_breakpoint\":\"m\",\"filter_grid_width\":\"auto\",\"filter_position\":\"top\",\"filter_style\":\"tab\",\"grid_column_gap\":\"collapse\",\"grid_default\":\"1\",\"grid_medium\":\"\",\"icon_width\":80,\"image_align\":\"left\",\"image_grid_breakpoint\":\"s\",\"image_grid_width\":\"1-2\",\"image_link\":true,\"image_svg_color\":\"emphasis\",\"image_vertical_align\":true,\"item_animation\":true,\"link_style\":\"default\",\"link_text\":\"\",\"margin\":\"remove-vertical\",\"meta_align\":\"below-title\",\"meta_element\":\"div\",\"meta_style\":\"text-meta\",\"show_content\":false,\"show_image\":true,\"show_link\":true,\"show_meta\":true,\"show_title\":true,\"title_align\":\"top\",\"title_color\":\"muted\",\"title_element\":\"h2\",\"title_font_family\":\"default\",\"title_grid_breakpoint\":\"m\",\"title_grid_width\":\"1-2\",\"title_hover_style\":\"reset\",\"title_link\":true,\"title_style\":\"h1\",\"visibility\":\"m\"},\"children\":[{\"type\":\"grid_item\",\"props\":{\"content\":\"<\/p>\n<p>II dolce simbolo di Milano incontra i sapori della Sicilia in una linea dedicata coi colori del sole.<\\\/p>\",\"image\":\"wp-content\\\/uploads\\\/2024\\\/10\\\/colomba-senza-glut-class.png\",\"title\":\"LA COLOMBA<br\\\/>CLASSIQUE SANS GLUTEN\"}}],\"name\":\"panettone classico desktop\"},{\"type\":\"grid\",\"props\":{\"content_column_breakpoint\":\"m\",\"content_margin\":\"small\",\"css\":\".el-image{\\n\\ttransition: transform 0.3s ease-in-out;\\n}\\n.el-image:hover{\\n\\ttransform: scale(1.1);\\n}\\n.el-title{\\n\\tbackground-color: #116899;\\n    padding: 10px 0px;\\n    text-align: center;\\n    font-weight: 700;\\n}\\n.el-content{\\n\\tcolor: #116899;\\n}\",\"filter_align\":\"left\",\"filter_all\":true,\"filter_grid_breakpoint\":\"m\",\"filter_grid_width\":\"auto\",\"filter_position\":\"top\",\"filter_style\":\"tab\",\"grid_column_gap\":\"collapse\",\"grid_default\":\"1\",\"grid_medium\":\"\",\"icon_width\":80,\"image_align\":\"top\",\"image_grid_breakpoint\":\"s\",\"image_grid_width\":\"1-2\",\"image_link\":true,\"image_svg_color\":\"emphasis\",\"image_vertical_align\":true,\"item_animation\":true,\"link_style\":\"default\",\"link_text\":\"\",\"margin\":\"remove-vertical\",\"meta_align\":\"below-title\",\"meta_element\":\"div\",\"meta_style\":\"text-meta\",\"show_content\":false,\"show_image\":true,\"show_link\":true,\"show_meta\":true,\"show_title\":true,\"title_align\":\"top\",\"title_color\":\"muted\",\"title_element\":\"h2\",\"title_font_family\":\"default\",\"title_grid_breakpoint\":\"m\",\"title_grid_width\":\"1-2\",\"title_hover_style\":\"reset\",\"title_link\":true,\"title_style\":\"h1\",\"visibility\":\"hidden-m\"},\"children\":[{\"type\":\"grid_item\",\"props\":{\"content\":\"<\/p>\n<p>II dolce simbolo di Milano incontra i sapori della Sicilia in una linea dedicata coi colori del sole.<\\\/p>\",\"image\":\"wp-content\\\/uploads\\\/2024\\\/10\\\/colomba-senza-glut-class.png\",\"title\":\"LA COLOMBA CLASSIQUE SANS GLUTEN\"}}],\"name\":\"panettone classico mobile\"},{\"type\":\"grid\",\"props\":{\"content_column_breakpoint\":\"m\",\"content_margin\":\"small\",\"css\":\".el-element{\\n\\tmargin-top: -100px!important;\\n}\\n.el-image{\\n\\ttransition: transform 0.3s ease-in-out;\\n}\\n.el-image:hover{\\n\\ttransform: scale(1.1);\\n}\\n.el-title{\\n\\tbackground-color: #116899;\\n    padding: 10px 0px;\\n    text-align: center;\\n    font-weight: 700;\\n}\\n.el-content{\\n\\tcolor: #116899;\\n}\",\"filter_align\":\"left\",\"filter_all\":true,\"filter_grid_breakpoint\":\"m\",\"filter_grid_width\":\"auto\",\"filter_position\":\"top\",\"filter_style\":\"tab\",\"grid_column_gap\":\"collapse\",\"grid_default\":\"1\",\"grid_medium\":\"\",\"icon_width\":80,\"image_align\":\"right\",\"image_grid_breakpoint\":\"s\",\"image_grid_width\":\"1-2\",\"image_link\":true,\"image_svg_color\":\"emphasis\",\"image_vertical_align\":true,\"item_animation\":true,\"link_style\":\"default\",\"link_text\":\"\",\"margin\":\"remove-vertical\",\"meta_align\":\"below-title\",\"meta_element\":\"div\",\"meta_style\":\"text-meta\",\"show_content\":false,\"show_image\":true,\"show_link\":true,\"show_meta\":true,\"show_title\":true,\"title_align\":\"top\",\"title_color\":\"muted\",\"title_element\":\"h2\",\"title_font_family\":\"default\",\"title_grid_breakpoint\":\"m\",\"title_grid_width\":\"1-2\",\"title_hover_style\":\"reset\",\"title_link\":true,\"title_style\":\"h1\",\"visibility\":\"m\"},\"children\":[{\"type\":\"grid_item\",\"props\":{\"content\":\"<\/p>\n<p>II dolce simbolo di Milano incontra i sapori della Sicilia in una linea dedicata coi colori del sole.<\\\/p>\",\"image\":\"wp-content\\\/uploads\\\/2024\\\/10\\\/colomba-senza-glut-pist.png\",\"title\":\"LA COLOMBA AU PISTACHE SANS GLUTEN \"}}],\"name\":\"panettone agrumi desktop\"},{\"type\":\"grid\",\"props\":{\"content_column_breakpoint\":\"m\",\"content_margin\":\"small\",\"css\":\".el-image{\\n\\ttransition: transform 0.3s ease-in-out;\\n}\\n.el-image:hover{\\n\\ttransform: scale(1.1);\\n}\\n.el-title{\\n\\tbackground-color: #116899;\\n    padding: 10px 0px;\\n    text-align: center;\\n    font-weight: 700;\\n}\\n.el-content{\\n\\tcolor: #116899;\\n}\",\"filter_align\":\"left\",\"filter_all\":true,\"filter_grid_breakpoint\":\"m\",\"filter_grid_width\":\"auto\",\"filter_position\":\"top\",\"filter_style\":\"tab\",\"grid_column_gap\":\"collapse\",\"grid_default\":\"1\",\"grid_medium\":\"\",\"icon_width\":80,\"image_align\":\"top\",\"image_grid_breakpoint\":\"s\",\"image_grid_width\":\"1-2\",\"image_link\":true,\"image_svg_color\":\"emphasis\",\"image_vertical_align\":true,\"item_animation\":true,\"link_style\":\"default\",\"link_text\":\"\",\"margin\":\"remove-vertical\",\"meta_align\":\"below-title\",\"meta_element\":\"div\",\"meta_style\":\"text-meta\",\"show_content\":false,\"show_image\":true,\"show_link\":true,\"show_meta\":true,\"show_title\":true,\"title_align\":\"top\",\"title_color\":\"muted\",\"title_element\":\"h2\",\"title_font_family\":\"default\",\"title_grid_breakpoint\":\"m\",\"title_grid_width\":\"1-2\",\"title_hover_style\":\"reset\",\"title_link\":true,\"title_style\":\"h1\",\"visibility\":\"hidden-m\"},\"children\":[{\"type\":\"grid_item\",\"props\":{\"content\":\"<\/p>\n<p>II dolce simbolo di Milano incontra i sapori della Sicilia in una linea dedicata coi colori del sole.<\\\/p>\",\"image\":\"wp-content\\\/uploads\\\/2024\\\/10\\\/colomba-senza-glut-pist.png\",\"title\":\"LA COLOMBA AU PISTACHE SANS GLUTEN\"}}],\"name\":\"panettone agrumi mobile\"},{\"type\":\"grid\",\"props\":{\"content_column_breakpoint\":\"m\",\"content_margin\":\"small\",\"css\":\".el-element{\\n\\tmargin-top: -100px!important;\\n}\\n.el-image{\\n\\ttransition: transform 0.3s ease-in-out;\\n}\\n.el-image:hover{\\n\\ttransform: scale(1.1);\\n}\\n.el-title{\\n\\tbackground-color: #116899;\\n    padding: 10px 0px;\\n    text-align: center;\\n    font-weight: 700;\\n}\\n.el-content{\\n\\tcolor: #116899;\\n}\",\"filter_align\":\"left\",\"filter_all\":true,\"filter_grid_breakpoint\":\"m\",\"filter_grid_width\":\"auto\",\"filter_position\":\"top\",\"filter_style\":\"tab\",\"grid_column_gap\":\"collapse\",\"grid_default\":\"1\",\"grid_medium\":\"\",\"icon_width\":80,\"image_align\":\"left\",\"image_grid_breakpoint\":\"s\",\"image_grid_width\":\"1-2\",\"image_link\":true,\"image_svg_color\":\"emphasis\",\"image_vertical_align\":true,\"item_animation\":true,\"link_style\":\"default\",\"link_text\":\"\",\"margin\":\"remove-vertical\",\"meta_align\":\"below-title\",\"meta_element\":\"div\",\"meta_style\":\"text-meta\",\"show_content\":false,\"show_image\":true,\"show_link\":true,\"show_meta\":true,\"show_title\":true,\"title_align\":\"top\",\"title_color\":\"muted\",\"title_element\":\"h2\",\"title_font_family\":\"default\",\"title_grid_breakpoint\":\"m\",\"title_grid_width\":\"1-2\",\"title_hover_style\":\"reset\",\"title_link\":true,\"title_style\":\"h1\",\"visibility\":\"m\"},\"children\":[{\"type\":\"grid_item\",\"props\":{\"content\":\"<\/p>\n<p>II dolce simbolo di Milano incontra i sapori della Sicilia in una linea dedicata coi colori del sole.<\\\/p>\",\"image\":\"wp-content\\\/uploads\\\/2024\\\/10\\\/colomba-senza-glut-car.png\",\"title\":\"LA COLOMBA AU CARAMEL SAL\\u00c9 SANS GLUTEN\"}}],\"name\":\"panettone limoncello desktop\"},{\"type\":\"grid\",\"props\":{\"content_column_breakpoint\":\"m\",\"content_margin\":\"small\",\"css\":\".el-image{\\n\\ttransition: transform 0.3s ease-in-out;\\n}\\n.el-image:hover{\\n\\ttransform: scale(1.1);\\n}\\n.el-title{\\n\\tbackground-color: #116899;\\n    padding: 10px 0px;\\n    text-align: center;\\n    font-weight: 700;\\n}\\n.el-content{\\n\\tcolor: #116899;\\n}\",\"filter_align\":\"left\",\"filter_all\":true,\"filter_grid_breakpoint\":\"m\",\"filter_grid_width\":\"auto\",\"filter_position\":\"top\",\"filter_style\":\"tab\",\"grid_column_gap\":\"collapse\",\"grid_default\":\"1\",\"grid_medium\":\"\",\"icon_width\":80,\"image_align\":\"top\",\"image_grid_breakpoint\":\"s\",\"image_grid_width\":\"1-2\",\"image_link\":true,\"image_svg_color\":\"emphasis\",\"image_vertical_align\":true,\"item_animation\":true,\"link_style\":\"default\",\"link_text\":\"\",\"margin\":\"remove-vertical\",\"meta_align\":\"below-title\",\"meta_element\":\"div\",\"meta_style\":\"text-meta\",\"show_content\":false,\"show_image\":true,\"show_link\":true,\"show_meta\":true,\"show_title\":true,\"title_align\":\"top\",\"title_color\":\"muted\",\"title_element\":\"h2\",\"title_font_family\":\"default\",\"title_grid_breakpoint\":\"m\",\"title_grid_width\":\"1-2\",\"title_hover_style\":\"reset\",\"title_link\":true,\"title_style\":\"h1\",\"visibility\":\"hidden-m\"},\"children\":[{\"type\":\"grid_item\",\"props\":{\"content\":\"<\/p>\n<p>II dolce simbolo di Milano incontra i sapori della Sicilia in una linea dedicata coi colori del sole.<\\\/p>\",\"image\":\"wp-content\\\/uploads\\\/2024\\\/10\\\/colomba-senza-glut-car.png\",\"title\":\"LA COLOMBA AU CARAMEL SAL\\u00c9 SANS GLUTEN\"}}],\"name\":\"panettone limoncello mobile\"}]}],\"props\":{\"class\":\"prima-sezione-titolo\",\"css\":\".el-row{\\n\\tposition: relative;\\n}\",\"height\":\"pixels\",\"height_viewport\":400}}],\"name\":\"Pagina sottocategoria con griglia interna\"}],\"version\":\"4.4.8\"} --><\/p>\n","protected":false},"excerpt":{"rendered":"<p>L&rsquo;attention \u00e0 la qualit\u00e9 que nous avons toujours port\u00e9e \u00e0 la production de la Colomba (\u00e0 commencer par les 72 heures de transformation, comme le veut la tradition) r\u00e9pond ainsi aux nouvelles habitudes de consommation pour donner \u00e0 tous, mais vraiment \u00e0 tous, la possibilit\u00e9 de savourer librement le typique g\u00e2teau milanais. LA COLOMBACLASSIQUE SANS [&hellip;]<\/p>\n","protected":false},"author":2,"featured_media":0,"parent":3143,"menu_order":0,"comment_status":"closed","ping_status":"closed","template":"","meta":{"footnotes":""},"class_list":["post-3123","page","type-page","status-publish","hentry"],"_links":{"self":[{"href":"https:\/\/panettonevergani.com\/fr\/wp-json\/wp\/v2\/pages\/3123","targetHints":{"allow":["GET"]}}],"collection":[{"href":"https:\/\/panettonevergani.com\/fr\/wp-json\/wp\/v2\/pages"}],"about":[{"href":"https:\/\/panettonevergani.com\/fr\/wp-json\/wp\/v2\/types\/page"}],"author":[{"embeddable":true,"href":"https:\/\/panettonevergani.com\/fr\/wp-json\/wp\/v2\/users\/2"}],"replies":[{"embeddable":true,"href":"https:\/\/panettonevergani.com\/fr\/wp-json\/wp\/v2\/comments?post=3123"}],"version-history":[{"count":12,"href":"https:\/\/panettonevergani.com\/fr\/wp-json\/wp\/v2\/pages\/3123\/revisions"}],"predecessor-version":[{"id":4626,"href":"https:\/\/panettonevergani.com\/fr\/wp-json\/wp\/v2\/pages\/3123\/revisions\/4626"}],"up":[{"embeddable":true,"href":"https:\/\/panettonevergani.com\/fr\/wp-json\/wp\/v2\/pages\/3143"}],"wp:attachment":[{"href":"https:\/\/panettonevergani.com\/fr\/wp-json\/wp\/v2\/media?parent=3123"}],"curies":[{"name":"wp","href":"https:\/\/api.w.org\/{rel}","templated":true}]}}