{"id":3139,"date":"2024-09-09T16:36:20","date_gmt":"2024-09-09T14:36:20","guid":{"rendered":"http:\/\/panettonevergani.com\/biologica\/"},"modified":"2024-11-19T18:09:47","modified_gmt":"2024-11-19T17:09:47","slug":"le-biologique","status":"publish","type":"page","link":"https:\/\/panettonevergani.com\/fr\/produits\/colomba\/le-biologique\/","title":{"rendered":"Le Biologique"},"content":{"rendered":"<div>\n<p><svg width=\"1400\" height=\"auto\" viewbox=\"0 0 963 384\" fill=\"none\" xmlns=\"http:\/\/www.w3.org\/2000\/svg\"> <g clip-path=\"url(#clip0_27_3)\"> <path d=\"M5.78003 106.56C5.78003 44.14 52.6 0.5 109.24 0.5C140.74 0.5 156.35 14.08 165.02 14.08C167.62 14.08 169.35 13.21 170.51 11.19H172.53V49.34H170.8C163 38.94 139.01 24.49 110.98 24.49C70.23 24.49 32.66 54.83 32.66 105.12C32.66 155.41 65.9 189.22 114.45 189.22C163 189.22 179.19 161.19 183.81 161.19C184.68 161.19 185.26 162.35 185.26 164.08C185.26 177.95 160.98 213.21 109.83 213.21C53.47 213.21 5.79003 169.28 5.79003 106.57L5.78003 106.56Z\" fill=\"#2C7AA9\"><\/path> <path d=\"M73.6899 105.7C73.6899 75.36 98.2499 51.08 129.47 51.08C160.69 51.08 184.38 75.36 184.38 105.7C184.38 136.04 159.81 161.77 129.47 161.77C99.1299 161.77 73.6899 136.92 73.6899 105.7ZM129.47 142.69C149.12 142.69 164.44 126.8 164.44 105.7C164.44 84.6 149.12 70.44 129.47 70.44C109.82 70.44 93.6299 85.47 93.6299 105.7C93.6299 125.93 108.95 142.69 129.47 142.69Z\" fill=\"#2C7AA9\"><\/path> <path d=\"M219.64 206.85C224.26 203.67 227.44 198.18 227.44 192.4V21.31C227.44 15.24 224.26 10.04 219.64 6.85995V5.69995H261.54V6.85995C256.92 10.04 254.03 15.24 254.03 21.31V184.02H330.33C336.4 184.02 341.89 181.13 343.91 176.8H345.35L341.02 208.01H219.64V206.85Z\" fill=\"#2C7AA9\"><\/path> <path d=\"M299.11 90.9601C299.11 52.8101 328.88 22.1801 366.16 22.1801C403.44 22.1801 432.92 52.8101 432.92 90.9601C432.92 129.11 403.44 159.74 366.16 159.74C328.88 159.74 299.11 129.4 299.11 90.9601ZM366.16 135.17C389.86 135.17 408.07 116.1 408.07 90.9501C408.07 65.8001 389.86 47.0201 366.16 47.0201C342.46 47.0201 323.97 65.8101 323.97 90.9501C323.97 116.09 342.18 135.17 366.16 135.17Z\" fill=\"#2C7AA9\"><\/path> <path d=\"M461.82 206.85C466.44 203.67 469.62 198.18 469.62 192.4V21.31C469.62 15.24 466.44 10.04 461.82 6.85995V5.69995H505.75V6.85995C500.26 10.04 498.24 15.82 502.28 21.6L542.16 74.78L581.75 21.6C586.08 15.82 584.06 9.74995 578.28 6.85995V5.69995H622.5V6.85995C617.59 10.04 614.7 15.24 614.7 21.31V192.4C614.7 198.18 617.59 203.67 622.5 206.85V208.01H580.31V206.85C584.93 203.67 588.11 198.18 588.11 192.4V56.86L542.74 117.55H541.58L496.21 56.86V192.4C496.21 198.18 499.1 203.67 503.72 206.85V208.01H461.81V206.85H461.82Z\" fill=\"#2C7AA9\"><\/path> <path d=\"M657.18 206.85C661.8 203.67 664.98 198.18 664.98 192.4V21.31C664.98 15.24 661.8 10.04 657.18 6.85995V5.69995H714.69C758.33 5.69995 775.38 26.7999 775.38 52.2299C775.38 72.4599 763.24 87.2 748.79 93.56C769.31 99.05 790.98 116.97 790.98 149.05C790.98 185.17 765.26 208.01 723.06 208.01H657.17V206.85H657.18ZM714.11 83.73C738.1 83.73 748.79 72.17 748.79 55.99C748.79 38.94 736.94 29.69 716.13 29.69H691.56V83.73H714.1H714.11ZM718.74 184.02C747.35 184.02 764.4 170.15 764.4 146.16C764.4 119.28 742.44 107.72 719.32 107.72H691.58V184.02H718.75H718.74Z\" fill=\"#2C7AA9\"><\/path> <path d=\"M813.53 191.82L851.1 21.8899C852.55 15.5299 850.52 10.04 844.74 6.85995V5.69995H917.57V6.85995C911.5 10.33 909.77 15.8199 911.21 21.8899L948.78 191.82C950.51 199.04 954.85 203.96 958.9 206.85V208.01H916.99V206.85C923.35 203.38 924.79 197.89 923.35 191.82L914.68 151.94H847.92L838.96 191.82C837.51 198.18 838.96 203.38 845.32 206.85V208.01H803.41V206.85C807.74 203.96 812.08 198.76 813.53 191.82ZM909.48 127.95L887.81 29.9799H874.81L853.13 127.95H909.49H909.48Z\" fill=\"#2C7AA9\"><\/path> <path d=\"M7.09009 356.13C9.92009 354.18 11.8701 350.81 11.8701 347.27V242.39C11.8701 238.67 9.92009 235.48 7.09009 233.53V232.82H42.3501C69.1001 232.82 79.5601 245.75 79.5601 261.34C79.5601 273.74 72.1201 282.78 63.2601 286.68C75.8401 290.05 89.1301 301.03 89.1301 320.7C89.1301 342.85 73.3601 356.84 47.5001 356.84H7.09009V356.13ZM41.9901 280.65C56.7001 280.65 63.2501 273.56 63.2501 263.64C63.2501 253.19 55.9901 247.52 43.2301 247.52H28.1701V280.65H41.9901ZM44.8201 342.13C62.3601 342.13 72.8101 333.63 72.8101 318.92C72.8101 302.44 59.3501 295.36 45.1701 295.36H28.1601V342.13H44.8101H44.8201Z\" fill=\"#2C7AA9\"><\/path> <path d=\"M99.04 356.13C101.87 354.18 103.82 350.81 103.82 347.27V242.39C103.82 238.67 101.87 235.48 99.04 233.53V232.82H124.73V233.53C121.9 235.48 120.12 238.67 120.12 242.39V347.27C120.12 350.81 121.89 354.18 124.73 356.13V356.84H99.04V356.13Z\" fill=\"#2C7AA9\"><\/path> <path d=\"M131.1 295C131.1 258.33 158.74 229.62 195.94 229.62C233.14 229.62 260.96 258.32 260.96 295C260.96 331.68 233.32 360.02 195.94 360.02C158.56 360.02 131.1 331.32 131.1 295ZM195.95 345.32C224.3 345.32 244.67 324.41 244.67 295C244.67 265.59 224.47 244.51 195.95 244.51C167.43 244.51 147.41 265.77 147.41 295C147.41 324.23 167.79 345.32 195.95 345.32Z\" fill=\"#2C7AA9\"><\/path> <path d=\"M267.17 356.13C270 354.18 271.95 350.81 271.95 347.27V242.39C271.95 238.67 270 235.48 267.17 233.53V232.82H292.86V233.53C290.03 235.48 288.25 238.67 288.25 242.39V342.14H318.72C322.62 342.14 325.81 340.37 327.05 337.71H328.11L324.74 356.84H267.16V356.13H267.17Z\" fill=\"#2C7AA9\"><\/path> <path d=\"M329.71 295C329.71 258.33 357.35 229.62 394.55 229.62C431.75 229.62 459.57 258.32 459.57 295C459.57 331.68 431.93 360.02 394.55 360.02C357.17 360.02 329.71 331.32 329.71 295ZM394.55 345.32C422.9 345.32 443.27 324.41 443.27 295C443.27 265.59 423.07 244.51 394.55 244.51C366.03 244.51 346.01 265.77 346.01 295C346.01 324.23 366.39 345.32 394.55 345.32Z\" fill=\"#2C7AA9\"><\/path> <path d=\"M466.3 294.29C466.3 258.68 493.05 229.62 529.9 229.62C548.86 229.62 559.31 237.59 564.63 237.59C566.22 237.59 567.46 236.88 568.17 235.64H569.06V259.2H568.35C560.2 249.28 543.55 243.96 530.44 243.96C502.45 243.96 482.78 266.11 482.78 294.1C482.78 323.86 503.86 345.3 532.03 345.3C541.6 345.3 548.86 343 554.53 339.81V306.68C554.53 302.96 552.58 299.77 549.75 297.64V296.93H575.62V297.64C572.61 299.77 570.84 302.95 570.84 306.68V336.09C570.84 340.17 572.61 342.82 574.92 343.71V344.42C563.76 352.57 550.29 360.01 531.69 360.01C493.95 360.01 466.31 330.6 466.31 294.28L466.3 294.29Z\" fill=\"#2C7AA9\"><\/path> <path d=\"M592.98 356.13C595.81 354.18 597.76 350.81 597.76 347.27V242.39C597.76 238.67 595.81 235.48 592.98 233.53V232.82H618.67V233.53C615.84 235.48 614.06 238.67 614.06 242.39V347.27C614.06 350.81 615.83 354.18 618.67 356.13V356.84H592.98V356.13Z\" fill=\"#2C7AA9\"><\/path> <path d=\"M697.51 360.02C707.79 364.45 717.71 370.65 728.16 370.65C741.45 370.65 744.81 360.2 746.76 360.2C747.47 360.2 747.82 360.91 747.82 362.5C747.82 369.94 739.85 383.94 721.24 383.94C702.63 383.94 687.4 368.53 674.47 368.53C665.79 368.53 663.49 375.62 661.54 375.62C660.83 375.62 660.12 374.91 660.12 372.43C660.12 365.34 667.21 357.55 677.48 355.95C652.5 346.91 635.67 323.35 635.67 295C635.67 258.33 663.31 229.62 700.51 229.62C737.71 229.62 765.53 258.32 765.53 295C765.53 331.68 737.89 360.02 700.51 360.02H697.5H697.51ZM700.52 345.32C728.87 345.32 749.24 324.41 749.24 295C749.24 265.59 729.04 244.51 700.52 244.51C672 244.51 651.98 265.77 651.98 295C651.98 324.23 672.36 345.32 700.52 345.32Z\" fill=\"#2C7AA9\"><\/path> <path d=\"M788.04 315.55V242.38C788.04 238.66 786.09 235.47 783.26 233.52V232.81H809.3V233.52C806.47 235.47 804.52 238.66 804.52 242.38V315.55C804.52 334.68 812.31 344.96 827.55 344.96C842.79 344.96 850.41 334.68 850.41 315.55V242.38C850.41 238.66 848.64 235.47 845.8 233.52V232.81H871.67V233.52C868.84 235.47 867.06 238.66 867.06 242.38V315.55C867.06 343.01 853.95 360.02 827.55 360.02C801.15 360.02 788.04 343.01 788.04 315.55Z\" fill=\"#2C7AA9\"><\/path> <path d=\"M949.62 293.41C947.67 290.93 944.48 289.16 940.76 289.16H914.18V342.13H952.63C956.35 342.13 959.54 340.36 960.96 337.7H961.85L958.84 356.83H893.11V356.12C895.94 354.17 897.89 350.8 897.89 347.26V242.38C897.89 238.66 895.94 235.47 893.11 233.52V232.81H953.88L956.89 251.94H955.83C954.41 249.11 951.22 247.51 947.33 247.51H914.2V274.44H940.78C944.5 274.44 947.69 272.67 949.64 270.19H950.35V293.4H949.64L949.62 293.41Z\" fill=\"#2C7AA9\"><\/path> <path d=\"M0 383.41V374.55H962.55V383.41H0Z\" fill=\"#2C7AA9\"><\/path> <\/g> <defs> <clippath id=\"clip0_27_3\"> <rect width=\"962.55\" height=\"383.44\" fill=\"white\" transform=\"translate(0 0.5)\"><\/rect> <\/clippath> <\/defs> <\/svg><\/p>\n<\/div>\n<div>Produit exclusivement avec des ingr\u00e9dients certifi\u00e9s. Conform\u00e9ment \u00e0 la tradition, avec 72 heures de pr\u00e9paration, une forme basse et une texture caract\u00e9ristique pour garantir le go\u00fbt et le parfum de l&rsquo;inimitable Colomba Vergani<\/div>\n<p><img decoding=\"async\" src=\"\/wp-content\/uploads\/2024\/10\/colomba-bio.png\" alt=\"\" title=\"\"><\/p>\n<p><!--more--><br \/>\n<!-- {\"type\":\"layout\",\"children\":[{\"type\":\"section\",\"props\":{\"image_position\":\"center-center\",\"padding_remove_bottom\":true,\"padding_remove_top\":true,\"preserve_color\":true,\"style\":\"primary\",\"title_breakpoint\":\"xl\",\"title_position\":\"top-left\",\"title_rotation\":\"left\",\"vertical_align\":\"middle\",\"width\":\"default\"},\"children\":[{\"type\":\"row\",\"children\":[{\"type\":\"column\",\"props\":{\"image_position\":\"center-center\",\"padding\":\"xsmall\",\"position_sticky_breakpoint\":\"m\",\"style\":\"card-default\"},\"children\":[{\"type\":\"fragment\",\"props\":{\"css\":\"@media (min-width: 960px) {\\n    .uk-width-2-5\\\\@m {\\n        width: 47%;\\n    }\\n    .uk-width-3-5\\\\@m {\\n        width: 53%;\\n    }\\n}\",\"margin\":\"default\",\"margin_remove_bottom\":false},\"children\":[{\"type\":\"row\",\"props\":{\"column_gap\":\"collapse\"},\"children\":[{\"type\":\"column\",\"props\":{\"image_position\":\"center-center\",\"position_sticky_breakpoint\":\"m\",\"vertical_align\":\"middle\"},\"children\":[{\"type\":\"text\",\"props\":{\"column_breakpoint\":\"m\",\"content\":\"\n\n<p><svg width=\\\"1400\\\" height=\\\"auto\\\" viewbox=\\\"0 0 963 384\\\" fill=\\\"none\\\" xmlns=\\\"http:\\\/\\\/www.w3.org\\\/2000\\\/svg\\\"> <g clip-path=\\\"url(#clip0_27_3)\\\"> <path d=\\\"M5.78003 106.56C5.78003 44.14 52.6 0.5 109.24 0.5C140.74 0.5 156.35 14.08 165.02 14.08C167.62 14.08 169.35 13.21 170.51 11.19H172.53V49.34H170.8C163 38.94 139.01 24.49 110.98 24.49C70.23 24.49 32.66 54.83 32.66 105.12C32.66 155.41 65.9 189.22 114.45 189.22C163 189.22 179.19 161.19 183.81 161.19C184.68 161.19 185.26 162.35 185.26 164.08C185.26 177.95 160.98 213.21 109.83 213.21C53.47 213.21 5.79003 169.28 5.79003 106.57L5.78003 106.56Z\\\" fill=\\\"#2C7AA9\\\"><\\\/path> <path d=\\\"M73.6899 105.7C73.6899 75.36 98.2499 51.08 129.47 51.08C160.69 51.08 184.38 75.36 184.38 105.7C184.38 136.04 159.81 161.77 129.47 161.77C99.1299 161.77 73.6899 136.92 73.6899 105.7ZM129.47 142.69C149.12 142.69 164.44 126.8 164.44 105.7C164.44 84.6 149.12 70.44 129.47 70.44C109.82 70.44 93.6299 85.47 93.6299 105.7C93.6299 125.93 108.95 142.69 129.47 142.69Z\\\" fill=\\\"#2C7AA9\\\"><\\\/path> <path d=\\\"M219.64 206.85C224.26 203.67 227.44 198.18 227.44 192.4V21.31C227.44 15.24 224.26 10.04 219.64 6.85995V5.69995H261.54V6.85995C256.92 10.04 254.03 15.24 254.03 21.31V184.02H330.33C336.4 184.02 341.89 181.13 343.91 176.8H345.35L341.02 208.01H219.64V206.85Z\\\" fill=\\\"#2C7AA9\\\"><\\\/path> <path d=\\\"M299.11 90.9601C299.11 52.8101 328.88 22.1801 366.16 22.1801C403.44 22.1801 432.92 52.8101 432.92 90.9601C432.92 129.11 403.44 159.74 366.16 159.74C328.88 159.74 299.11 129.4 299.11 90.9601ZM366.16 135.17C389.86 135.17 408.07 116.1 408.07 90.9501C408.07 65.8001 389.86 47.0201 366.16 47.0201C342.46 47.0201 323.97 65.8101 323.97 90.9501C323.97 116.09 342.18 135.17 366.16 135.17Z\\\" fill=\\\"#2C7AA9\\\"><\\\/path> <path d=\\\"M461.82 206.85C466.44 203.67 469.62 198.18 469.62 192.4V21.31C469.62 15.24 466.44 10.04 461.82 6.85995V5.69995H505.75V6.85995C500.26 10.04 498.24 15.82 502.28 21.6L542.16 74.78L581.75 21.6C586.08 15.82 584.06 9.74995 578.28 6.85995V5.69995H622.5V6.85995C617.59 10.04 614.7 15.24 614.7 21.31V192.4C614.7 198.18 617.59 203.67 622.5 206.85V208.01H580.31V206.85C584.93 203.67 588.11 198.18 588.11 192.4V56.86L542.74 117.55H541.58L496.21 56.86V192.4C496.21 198.18 499.1 203.67 503.72 206.85V208.01H461.81V206.85H461.82Z\\\" fill=\\\"#2C7AA9\\\"><\\\/path> <path d=\\\"M657.18 206.85C661.8 203.67 664.98 198.18 664.98 192.4V21.31C664.98 15.24 661.8 10.04 657.18 6.85995V5.69995H714.69C758.33 5.69995 775.38 26.7999 775.38 52.2299C775.38 72.4599 763.24 87.2 748.79 93.56C769.31 99.05 790.98 116.97 790.98 149.05C790.98 185.17 765.26 208.01 723.06 208.01H657.17V206.85H657.18ZM714.11 83.73C738.1 83.73 748.79 72.17 748.79 55.99C748.79 38.94 736.94 29.69 716.13 29.69H691.56V83.73H714.1H714.11ZM718.74 184.02C747.35 184.02 764.4 170.15 764.4 146.16C764.4 119.28 742.44 107.72 719.32 107.72H691.58V184.02H718.75H718.74Z\\\" fill=\\\"#2C7AA9\\\"><\\\/path> <path d=\\\"M813.53 191.82L851.1 21.8899C852.55 15.5299 850.52 10.04 844.74 6.85995V5.69995H917.57V6.85995C911.5 10.33 909.77 15.8199 911.21 21.8899L948.78 191.82C950.51 199.04 954.85 203.96 958.9 206.85V208.01H916.99V206.85C923.35 203.38 924.79 197.89 923.35 191.82L914.68 151.94H847.92L838.96 191.82C837.51 198.18 838.96 203.38 845.32 206.85V208.01H803.41V206.85C807.74 203.96 812.08 198.76 813.53 191.82ZM909.48 127.95L887.81 29.9799H874.81L853.13 127.95H909.49H909.48Z\\\" fill=\\\"#2C7AA9\\\"><\\\/path> <path d=\\\"M7.09009 356.13C9.92009 354.18 11.8701 350.81 11.8701 347.27V242.39C11.8701 238.67 9.92009 235.48 7.09009 233.53V232.82H42.3501C69.1001 232.82 79.5601 245.75 79.5601 261.34C79.5601 273.74 72.1201 282.78 63.2601 286.68C75.8401 290.05 89.1301 301.03 89.1301 320.7C89.1301 342.85 73.3601 356.84 47.5001 356.84H7.09009V356.13ZM41.9901 280.65C56.7001 280.65 63.2501 273.56 63.2501 263.64C63.2501 253.19 55.9901 247.52 43.2301 247.52H28.1701V280.65H41.9901ZM44.8201 342.13C62.3601 342.13 72.8101 333.63 72.8101 318.92C72.8101 302.44 59.3501 295.36 45.1701 295.36H28.1601V342.13H44.8101H44.8201Z\\\" fill=\\\"#2C7AA9\\\"><\\\/path> <path d=\\\"M99.04 356.13C101.87 354.18 103.82 350.81 103.82 347.27V242.39C103.82 238.67 101.87 235.48 99.04 233.53V232.82H124.73V233.53C121.9 235.48 120.12 238.67 120.12 242.39V347.27C120.12 350.81 121.89 354.18 124.73 356.13V356.84H99.04V356.13Z\\\" fill=\\\"#2C7AA9\\\"><\\\/path> <path d=\\\"M131.1 295C131.1 258.33 158.74 229.62 195.94 229.62C233.14 229.62 260.96 258.32 260.96 295C260.96 331.68 233.32 360.02 195.94 360.02C158.56 360.02 131.1 331.32 131.1 295ZM195.95 345.32C224.3 345.32 244.67 324.41 244.67 295C244.67 265.59 224.47 244.51 195.95 244.51C167.43 244.51 147.41 265.77 147.41 295C147.41 324.23 167.79 345.32 195.95 345.32Z\\\" fill=\\\"#2C7AA9\\\"><\\\/path> <path d=\\\"M267.17 356.13C270 354.18 271.95 350.81 271.95 347.27V242.39C271.95 238.67 270 235.48 267.17 233.53V232.82H292.86V233.53C290.03 235.48 288.25 238.67 288.25 242.39V342.14H318.72C322.62 342.14 325.81 340.37 327.05 337.71H328.11L324.74 356.84H267.16V356.13H267.17Z\\\" fill=\\\"#2C7AA9\\\"><\\\/path> <path d=\\\"M329.71 295C329.71 258.33 357.35 229.62 394.55 229.62C431.75 229.62 459.57 258.32 459.57 295C459.57 331.68 431.93 360.02 394.55 360.02C357.17 360.02 329.71 331.32 329.71 295ZM394.55 345.32C422.9 345.32 443.27 324.41 443.27 295C443.27 265.59 423.07 244.51 394.55 244.51C366.03 244.51 346.01 265.77 346.01 295C346.01 324.23 366.39 345.32 394.55 345.32Z\\\" fill=\\\"#2C7AA9\\\"><\\\/path> <path d=\\\"M466.3 294.29C466.3 258.68 493.05 229.62 529.9 229.62C548.86 229.62 559.31 237.59 564.63 237.59C566.22 237.59 567.46 236.88 568.17 235.64H569.06V259.2H568.35C560.2 249.28 543.55 243.96 530.44 243.96C502.45 243.96 482.78 266.11 482.78 294.1C482.78 323.86 503.86 345.3 532.03 345.3C541.6 345.3 548.86 343 554.53 339.81V306.68C554.53 302.96 552.58 299.77 549.75 297.64V296.93H575.62V297.64C572.61 299.77 570.84 302.95 570.84 306.68V336.09C570.84 340.17 572.61 342.82 574.92 343.71V344.42C563.76 352.57 550.29 360.01 531.69 360.01C493.95 360.01 466.31 330.6 466.31 294.28L466.3 294.29Z\\\" fill=\\\"#2C7AA9\\\"><\\\/path> <path d=\\\"M592.98 356.13C595.81 354.18 597.76 350.81 597.76 347.27V242.39C597.76 238.67 595.81 235.48 592.98 233.53V232.82H618.67V233.53C615.84 235.48 614.06 238.67 614.06 242.39V347.27C614.06 350.81 615.83 354.18 618.67 356.13V356.84H592.98V356.13Z\\\" fill=\\\"#2C7AA9\\\"><\\\/path> <path d=\\\"M697.51 360.02C707.79 364.45 717.71 370.65 728.16 370.65C741.45 370.65 744.81 360.2 746.76 360.2C747.47 360.2 747.82 360.91 747.82 362.5C747.82 369.94 739.85 383.94 721.24 383.94C702.63 383.94 687.4 368.53 674.47 368.53C665.79 368.53 663.49 375.62 661.54 375.62C660.83 375.62 660.12 374.91 660.12 372.43C660.12 365.34 667.21 357.55 677.48 355.95C652.5 346.91 635.67 323.35 635.67 295C635.67 258.33 663.31 229.62 700.51 229.62C737.71 229.62 765.53 258.32 765.53 295C765.53 331.68 737.89 360.02 700.51 360.02H697.5H697.51ZM700.52 345.32C728.87 345.32 749.24 324.41 749.24 295C749.24 265.59 729.04 244.51 700.52 244.51C672 244.51 651.98 265.77 651.98 295C651.98 324.23 672.36 345.32 700.52 345.32Z\\\" fill=\\\"#2C7AA9\\\"><\\\/path> <path d=\\\"M788.04 315.55V242.38C788.04 238.66 786.09 235.47 783.26 233.52V232.81H809.3V233.52C806.47 235.47 804.52 238.66 804.52 242.38V315.55C804.52 334.68 812.31 344.96 827.55 344.96C842.79 344.96 850.41 334.68 850.41 315.55V242.38C850.41 238.66 848.64 235.47 845.8 233.52V232.81H871.67V233.52C868.84 235.47 867.06 238.66 867.06 242.38V315.55C867.06 343.01 853.95 360.02 827.55 360.02C801.15 360.02 788.04 343.01 788.04 315.55Z\\\" fill=\\\"#2C7AA9\\\"><\\\/path> <path d=\\\"M949.62 293.41C947.67 290.93 944.48 289.16 940.76 289.16H914.18V342.13H952.63C956.35 342.13 959.54 340.36 960.96 337.7H961.85L958.84 356.83H893.11V356.12C895.94 354.17 897.89 350.8 897.89 347.26V242.38C897.89 238.66 895.94 235.47 893.11 233.52V232.81H953.88L956.89 251.94H955.83C954.41 249.11 951.22 247.51 947.33 247.51H914.2V274.44H940.78C944.5 274.44 947.69 272.67 949.64 270.19H950.35V293.4H949.64L949.62 293.41Z\\\" fill=\\\"#2C7AA9\\\"><\\\/path> <path d=\\\"M0 383.41V374.55H962.55V383.41H0Z\\\" fill=\\\"#2C7AA9\\\"><\\\/path> <\\\/g> <defs> <clippath id=\\\"clip0_27_3\\\"> <rect width=\\\"962.55\\\" height=\\\"383.44\\\" fill=\\\"white\\\" transform=\\\"translate(0 0.5)\\\"><\\\/rect> <\\\/clippath> <\\\/defs> <\\\/svg><\\\/p>\",\"margin\":\"default\"}}]}]}]},{\"type\":\"fragment\",\"props\":{\"css\":\"@media(min-width: 960px){\\n    .el-element{\\n        margin-top: -80px!important;\\n    }\\n}\",\"margin\":\"default\",\"margin_remove_top\":false},\"children\":[{\"type\":\"row\",\"props\":{\"layout\":\"1-2,1-2\",\"width\":\"default\"},\"children\":[{\"type\":\"column\",\"props\":{\"image_position\":\"center-center\",\"position_sticky_breakpoint\":\"m\",\"vertical_align\":\"middle\",\"width_medium\":\"1-2\"},\"children\":[{\"type\":\"text\",\"props\":{\"column_breakpoint\":\"m\",\"content\":\"Produit exclusivement avec des ingr\\u00e9dients certifi\\u00e9s. Conform\\u00e9ment \\u00e0 la tradition, avec 72 heures de pr\\u00e9paration, une forme basse et une texture caract\\u00e9ristique pour garantir le go\\u00fbt et le parfum de l'inimitable Colomba Vergani\",\"margin\":\"default\",\"text_color\":\"primary\"}}]},{\"type\":\"column\",\"props\":{\"image_position\":\"center-center\",\"position_sticky_breakpoint\":\"m\",\"vertical_align\":\"middle\",\"width_medium\":\"1-2\"},\"children\":[{\"type\":\"image\",\"props\":{\"css\":\".el-image{\\n\\ttransform: scale(1.2) translatex(-10%);\\n}\\n\\n@media (min-width: 960px){\\n    .el-element{\\n    \\tmargin-right: -80px;\\n    }\\n}\\n@media (max-width: 959px){\\n    .el-image{\\n    \\ttransform: none;\\n    }\\n}\",\"image\":\"wp-content\\\/uploads\\\/2024\\\/10\\\/colomba-bio.png\",\"image_svg_color\":\"emphasis\",\"margin\":\"default\",\"text_align\":\"right\",\"text_align_breakpoint\":\"m\",\"text_align_fallback\":\"center\"}}]}]}]}]}],\"props\":{\"class\":\"prima-sezione-titolo\",\"css\":\".el-row{\\n\\tposition: relative;\\n}\",\"height\":\"pixels\",\"height_viewport\":400}}]}],\"version\":\"4.4.8\"} --><\/p>\n","protected":false},"excerpt":{"rendered":"<p>Produit exclusivement avec des ingr\u00e9dients certifi\u00e9s. Conform\u00e9ment \u00e0 la tradition, avec 72 heures de pr\u00e9paration, une forme basse et une texture caract\u00e9ristique pour garantir le go\u00fbt et le parfum de l&rsquo;inimitable Colomba Vergani<\/p>\n","protected":false},"author":2,"featured_media":0,"parent":3143,"menu_order":0,"comment_status":"closed","ping_status":"closed","template":"","meta":{"footnotes":""},"class_list":["post-3139","page","type-page","status-publish","hentry"],"_links":{"self":[{"href":"https:\/\/panettonevergani.com\/fr\/wp-json\/wp\/v2\/pages\/3139","targetHints":{"allow":["GET"]}}],"collection":[{"href":"https:\/\/panettonevergani.com\/fr\/wp-json\/wp\/v2\/pages"}],"about":[{"href":"https:\/\/panettonevergani.com\/fr\/wp-json\/wp\/v2\/types\/page"}],"author":[{"embeddable":true,"href":"https:\/\/panettonevergani.com\/fr\/wp-json\/wp\/v2\/users\/2"}],"replies":[{"embeddable":true,"href":"https:\/\/panettonevergani.com\/fr\/wp-json\/wp\/v2\/comments?post=3139"}],"version-history":[{"count":5,"href":"https:\/\/panettonevergani.com\/fr\/wp-json\/wp\/v2\/pages\/3139\/revisions"}],"predecessor-version":[{"id":4660,"href":"https:\/\/panettonevergani.com\/fr\/wp-json\/wp\/v2\/pages\/3139\/revisions\/4660"}],"up":[{"embeddable":true,"href":"https:\/\/panettonevergani.com\/fr\/wp-json\/wp\/v2\/pages\/3143"}],"wp:attachment":[{"href":"https:\/\/panettonevergani.com\/fr\/wp-json\/wp\/v2\/media?parent=3139"}],"curies":[{"name":"wp","href":"https:\/\/api.w.org\/{rel}","templated":true}]}}