{"id":3161,"date":"2024-07-30T11:05:04","date_gmt":"2024-07-30T09:05:04","guid":{"rendered":"http:\/\/panettonevergani.com\/spaccio-aziendale\/"},"modified":"2024-11-13T13:43:10","modified_gmt":"2024-11-13T12:43:10","slug":"magasin-dusine","status":"publish","type":"page","link":"https:\/\/panettonevergani.com\/fr\/magasin-dusine\/","title":{"rendered":"Magasin d&rsquo;usine"},"content":{"rendered":"<p><img decoding=\"async\" src=\"\/wp-content\/uploads\/2024\/08\/prodotti-spaccio-aziendale-mobile.webp\" alt=\"\" title=\"\"><br \/>\n<img decoding=\"async\" src=\"\/wp-content\/uploads\/2024\/08\/prodotti-spaccio-aziendale.webp\" alt=\"\" title=\"\"><br \/>\n<img decoding=\"async\" src=\"\/wp-content\/uploads\/2024\/11\/Spaccio-FRA.svg\" alt=\"\" title=\"\"><br \/>\n<img decoding=\"async\" src=\"\/wp-content\/uploads\/2024\/08\/spaccio-aziendale-heading.svg\" alt=\"\" title=\"\"><\/p>\n<div>\n<p>\u00c0 quelques pas du seul site de production milanais de Panettone, le Magasin d&rsquo;Usine offre une fantastique opportunit\u00e9 de plonger dans l&rsquo;univers de Vergani, o\u00f9 vous pouvez v\u00e9ritablement acheter localement, entour\u00e9 par l&rsquo;ar\u00f4me des produits fra\u00eechement cuits. Les prix offrent \u00e9galement la possibilit\u00e9 de faire des achats int\u00e9ressants, en choisissant parmi toute la gamme de produits, avec peut-\u00eatre une s\u00e9lection d&rsquo;articles pr\u00e9sentant de l\u00e9g\u00e8res imperfections esth\u00e9tiques mais parfaits en go\u00fbt, tout cela dans une d\u00e9marche de durabilit\u00e9.<\/p>\n<\/div>\n<p><img decoding=\"async\" src=\"\/wp-content\/uploads\/2024\/08\/insegna-spaccio-aziendale.webp\" alt=\"\" title=\"\"><\/p>\n<h3>HORAIRES D&rsquo;OUVERTURE<\/h3>\n<div>\n<p><strong>Milano<\/strong><br \/>Via Asiago, 6 (M1 Gorla)<br \/>Mardi \u00e0 samedi<br \/>10.00-12.30 \/ 14.30-19.00<\/p>\n<\/div>\n<p><!--more--><br \/>\n<!-- {\"type\":\"layout\",\"children\":[{\"type\":\"section\",\"props\":{\"animation\":\"slide-top-small\",\"animation_delay\":\"200\",\"image_position\":\"center-center\",\"padding_remove_bottom\":true,\"padding_remove_top\":true,\"preserve_color\":true,\"style\":\"primary\",\"title_breakpoint\":\"xl\",\"title_position\":\"top-left\",\"title_rotation\":\"left\",\"vertical_align\":\"middle\",\"width\":\"default\"},\"children\":[{\"type\":\"row\",\"children\":[{\"type\":\"column\",\"props\":{\"image_position\":\"center-center\",\"position_sticky_breakpoint\":\"m\"},\"children\":[{\"type\":\"image\",\"props\":{\"image\":\"wp-content\\\/uploads\\\/2024\\\/08\\\/prodotti-spaccio-aziendale-mobile.webp\",\"image_svg_color\":\"emphasis\",\"margin\":\"default\",\"text_align\":\"center\",\"visibility\":\"hidden-m\"}}]}]},{\"type\":\"row\",\"children\":[{\"type\":\"column\",\"props\":{\"image_position\":\"center-center\",\"padding\":\"xsmall\",\"position_sticky_breakpoint\":\"m\",\"style\":\"card-default\"},\"children\":[{\"type\":\"fragment\",\"props\":{\"css\":\"@media (min-width: 960px) {\\n    .uk-width-2-5\\\\@m {\\n        width: 47%;\\n    }\\n    .uk-width-3-5\\\\@m {\\n        width: 53%;\\n    }\\n}\",\"margin\":\"default\"},\"children\":[{\"type\":\"row\",\"props\":{\"column_gap\":\"collapse\"},\"children\":[{\"type\":\"column\",\"props\":{\"image_position\":\"center-center\",\"position_sticky_breakpoint\":\"m\",\"vertical_align\":\"middle\"},\"children\":[{\"type\":\"fragment\",\"props\":{\"margin\":\"default\",\"visibility\":\"m\"},\"children\":[{\"type\":\"row\",\"children\":[{\"type\":\"column\",\"props\":{\"image_position\":\"center-center\",\"position_sticky_breakpoint\":\"m\"},\"children\":[{\"type\":\"image\",\"props\":{\"image\":\"wp-content\\\/uploads\\\/2024\\\/08\\\/prodotti-spaccio-aziendale.webp\",\"image_svg_color\":\"emphasis\",\"margin\":\"default\"}}]}]},{\"type\":\"row\",\"props\":{\"layout\":\"2-3,1-3\"},\"children\":[{\"type\":\"column\",\"props\":{\"image_position\":\"center-center\",\"position_sticky_breakpoint\":\"m\",\"width_medium\":\"2-3\"},\"children\":[{\"type\":\"image\",\"props\":{\"image\":\"wp-content\\\/uploads\\\/2024\\\/11\\\/Spaccio-FRA.svg\",\"image_svg_color\":\"emphasis\",\"margin\":\"default\"}}]},{\"type\":\"column\",\"props\":{\"image\":\"wp-content\\\/uploads\\\/2024\\\/08\\\/packaging-panettone-vergani.webp\",\"image_position\":\"center-center\",\"image_size\":\"cover\",\"position_sticky_breakpoint\":\"m\",\"width_medium\":\"1-3\"}}]}]}]}]}]}]}],\"props\":{\"class\":\"prima-sezione-titolo\",\"css\":\".el-row{\\n\\tposition: relative;\\n}\"}},{\"type\":\"row\",\"children\":[{\"type\":\"column\",\"props\":{\"image_position\":\"center-center\",\"position_sticky_breakpoint\":\"m\",\"style\":\"card-default\"},\"children\":[{\"type\":\"image\",\"props\":{\"image\":\"wp-content\\\/uploads\\\/2024\\\/08\\\/spaccio-aziendale-heading.svg\",\"image_svg_color\":\"emphasis\",\"margin\":\"default\",\"visibility\":\"hidden-m\"}}]}]}]},{\"type\":\"section\",\"props\":{\"animation\":\"slide-top-small\",\"animation_delay\":\"200\",\"image_position\":\"center-center\",\"padding\":\"small\",\"padding_remove_top\":false,\"style\":\"primary\",\"title_breakpoint\":\"xl\",\"title_position\":\"top-left\",\"title_rotation\":\"left\",\"vertical_align\":\"middle\",\"width\":\"default\"},\"children\":[{\"type\":\"row\",\"children\":[{\"type\":\"column\",\"props\":{\"image_position\":\"center-center\",\"position_sticky_breakpoint\":\"m\"},\"children\":[{\"type\":\"text\",\"props\":{\"column_breakpoint\":\"m\",\"content\":\"\n\n<p>\\u00c0 quelques pas du seul site de production milanais de Panettone, le Magasin d'Usine offre une fantastique opportunit\\u00e9 de plonger dans l'univers de Vergani, o\\u00f9 vous pouvez v\\u00e9ritablement acheter localement, entour\\u00e9 par l'ar\\u00f4me des produits fra\\u00eechement cuits. Les prix offrent \\u00e9galement la possibilit\\u00e9 de faire des achats int\\u00e9ressants, en choisissant parmi toute la gamme de produits, avec peut-\\u00eatre une s\\u00e9lection d'articles pr\\u00e9sentant de l\\u00e9g\\u00e8res imperfections esth\\u00e9tiques mais parfaits en go\\u00fbt, tout cela dans une d\\u00e9marche de durabilit\\u00e9.<\\\/p>\",\"margin\":\"\"}}]}]},{\"type\":\"row\",\"props\":{\"layout\":\"1-2,1-2\",\"margin\":\"medium\"},\"children\":[{\"type\":\"column\",\"props\":{\"image_position\":\"center-center\",\"position_sticky_breakpoint\":\"m\",\"width_medium\":\"1-2\"},\"children\":[{\"type\":\"image\",\"props\":{\"image\":\"wp-content\\\/uploads\\\/2024\\\/08\\\/insegna-spaccio-aziendale.webp\",\"image_svg_color\":\"emphasis\",\"margin\":\"default\"}}]},{\"type\":\"column\",\"props\":{\"image_position\":\"center-center\",\"position_sticky_breakpoint\":\"m\",\"vertical_align\":\"bottom\",\"width_medium\":\"1-2\"},\"children\":[{\"type\":\"headline\",\"props\":{\"content\":\"HORAIRES D'OUVERTURE\",\"title_element\":\"h3\",\"title_font_family\":\"secondary\",\"title_style\":\"h3\"}},{\"type\":\"text\",\"props\":{\"column_breakpoint\":\"m\",\"content\":\"\n\n<p><strong>Milano<\\\/strong><br \\\/>Via Asiago, 6 (M1 Gorla)<br \\\/>Mardi \\u00e0 samedi<br \\\/>10.00-12.30 \\\/ 14.30-19.00<\\\/p>\",\"margin\":\"small\"}}]}]}]}],\"version\":\"4.4.8\"} --><\/p>\n","protected":false},"excerpt":{"rendered":"<p>\u00c0 quelques pas du seul site de production milanais de Panettone, le Magasin d&rsquo;Usine offre une fantastique opportunit\u00e9 de plonger dans l&rsquo;univers de Vergani, o\u00f9 vous pouvez v\u00e9ritablement acheter localement, entour\u00e9 par l&rsquo;ar\u00f4me des produits fra\u00eechement cuits. Les prix offrent \u00e9galement la possibilit\u00e9 de faire des achats int\u00e9ressants, en choisissant parmi toute la gamme de [&hellip;]<\/p>\n","protected":false},"author":2,"featured_media":0,"parent":0,"menu_order":0,"comment_status":"closed","ping_status":"closed","template":"","meta":{"footnotes":""},"class_list":["post-3161","page","type-page","status-publish","hentry"],"_links":{"self":[{"href":"https:\/\/panettonevergani.com\/fr\/wp-json\/wp\/v2\/pages\/3161","targetHints":{"allow":["GET"]}}],"collection":[{"href":"https:\/\/panettonevergani.com\/fr\/wp-json\/wp\/v2\/pages"}],"about":[{"href":"https:\/\/panettonevergani.com\/fr\/wp-json\/wp\/v2\/types\/page"}],"author":[{"embeddable":true,"href":"https:\/\/panettonevergani.com\/fr\/wp-json\/wp\/v2\/users\/2"}],"replies":[{"embeddable":true,"href":"https:\/\/panettonevergani.com\/fr\/wp-json\/wp\/v2\/comments?post=3161"}],"version-history":[{"count":6,"href":"https:\/\/panettonevergani.com\/fr\/wp-json\/wp\/v2\/pages\/3161\/revisions"}],"predecessor-version":[{"id":3863,"href":"https:\/\/panettonevergani.com\/fr\/wp-json\/wp\/v2\/pages\/3161\/revisions\/3863"}],"wp:attachment":[{"href":"https:\/\/panettonevergani.com\/fr\/wp-json\/wp\/v2\/media?parent=3161"}],"curies":[{"name":"wp","href":"https:\/\/api.w.org\/{rel}","templated":true}]}}