{"id":3166,"date":"2024-08-02T09:47:20","date_gmt":"2024-08-02T07:47:20","guid":{"rendered":"http:\/\/panettonevergani.com\/prodotti\/panettone\/tamburello\/"},"modified":"2024-11-19T10:30:44","modified_gmt":"2024-11-19T09:30:44","slug":"le-tamburello","status":"publish","type":"page","link":"https:\/\/panettonevergani.com\/fr\/produits\/panettone\/le-tamburello\/","title":{"rendered":"Le Tamburello"},"content":{"rendered":"<div><svg xmlns=\"http:\/\/www.w3.org\/2000\/svg\" width=\"586.642\" height=\"714.271\" viewBox=\"0 0 586.642 714.271\">\n  <g id=\"Raggruppa_116\" data-name=\"Raggruppa 116\" transform=\"translate(-281.166 -9678.921)\">\n    <g id=\"Raggruppa_115\" data-name=\"Raggruppa 115\">\n      <path id=\"Tracciato_175\" data-name=\"Tracciato 175\" d=\"M332.589,9897.147a19.17,19.17,0,0,0,8.151-15.678V9704.945H297.784c-6.583,0-12.541,3.135-14.736,7.837h-1.882l5.331-33.861H424.143l5.331,33.861h-1.882c-2.194-4.7-7.837-7.837-14.736-7.837h-43.27V9881.47a19.465,19.465,0,0,0,8.466,15.678v1.254H332.589Z\" fill=\"#116899\"\/>\n      <path id=\"Tracciato_176\" data-name=\"Tracciato 176\" d=\"M451.106,9880.843l40.761-184.365c1.569-6.9-.627-12.854-6.9-16.3v-1.253h79.015v1.253c-6.585,3.763-8.467,9.72-6.9,16.3l40.761,184.365a28,28,0,0,0,10.972,16.3v1.254H563.357v-1.254c6.9-3.764,8.465-9.721,6.9-16.3l-9.407-43.269h-72.43l-9.72,43.269c-1.567,6.9,0,12.541,6.9,16.3v1.254H440.134v-1.254A26.316,26.316,0,0,0,451.106,9880.843Zm104.1-69.293-23.516-106.292H517.58L494.064,9811.55Z\" fill=\"#116899\"\/>\n      <path id=\"Tracciato_177\" data-name=\"Tracciato 177\" d=\"M651.777,9897.147a19.467,19.467,0,0,0,8.465-15.678V9695.852a19.028,19.028,0,0,0-8.465-15.678v-1.253h47.659v1.253c-5.958,3.449-8.153,9.72-3.762,15.991l43.268,57.692,42.956-57.692c4.7-6.271,2.509-12.855-3.762-15.991v-1.253h47.972v1.253a18.28,18.28,0,0,0-8.466,15.678V9881.47a18.675,18.675,0,0,0,8.466,15.678v1.254H780.33v-1.254a19.465,19.465,0,0,0,8.466-15.678V9734.418l-49.227,65.844h-1.254l-49.226-65.844V9881.47a19.171,19.171,0,0,0,8.152,15.678v1.254H651.777Z\" fill=\"#116899\"\/>\n      <path id=\"Tracciato_178\" data-name=\"Tracciato 178\" d=\"M296.217,10144.542a19.468,19.468,0,0,0,8.465-15.677V9943.247a19.026,19.026,0,0,0-8.465-15.678v-1.254h62.395c47.346,0,65.844,22.889,65.844,50.48a48.3,48.3,0,0,1-28.845,44.836c22.262,5.958,45.778,25.4,45.778,60.2,0,39.193-27.9,63.963-73.684,63.963H296.217Zm61.768-133.57c26.025,0,37.626-12.542,37.626-30.1,0-18.5-12.856-28.532-35.43-28.532H333.529v58.633Zm5.018,108.8c31.039,0,49.539-15.051,49.539-41.074,0-29.16-23.829-41.7-48.912-41.7h-30.1v82.775Z\" fill=\"#116899\"\/>\n      <path id=\"Tracciato_179\" data-name=\"Tracciato 179\" d=\"M498.767,10072.74V9943.247a19.026,19.026,0,0,0-8.465-15.678v-1.254h46.092v1.254a19.021,19.021,0,0,0-8.465,15.678v129.493c0,33.862,13.794,52.048,40.759,52.048,26.652,0,40.448-18.186,40.448-52.048V9943.247a18.747,18.747,0,0,0-8.153-15.678v-1.254h45.778v1.254a18.747,18.747,0,0,0-8.153,15.678v129.493c0,48.6-23.2,78.7-69.92,78.7C521.656,10151.44,498.767,10121.339,498.767,10072.74Z\" fill=\"#116899\"\/>\n      <path id=\"Tracciato_180\" data-name=\"Tracciato 180\" d=\"M748.975,10144.542v1.254H703.51v-1.254a19.468,19.468,0,0,0,8.465-15.677V9943.247a19.026,19.026,0,0,0-8.465-15.678v-1.254H768.1c47.032,0,75.252,22.262,75.252,61.141,0,31.041-19.753,51.108-51.421,57.692,29.472,12.854,32.608,92.183,72.115,92.183,2.822,0,3.763.626,3.763,2.508,0,3.763-7.212,9.406-18.5,9.406-56.752,0-54.557-98.14-90.929-98.14H740.822v77.76A19.171,19.171,0,0,0,748.975,10144.542Zm20.694-119.461c27.9,0,44.837-13.168,44.837-37.312s-15.051-35.43-44.837-35.43H740.822v72.742Z\" fill=\"#116899\"\/>\n      <path id=\"Tracciato_181\" data-name=\"Tracciato 181\" d=\"M396.239,10280.943a19.936,19.936,0,0,0-15.678-7.526H333.529v93.75h68.038c6.586,0,12.229-3.135,14.738-7.839h1.568l-5.331,33.863H296.217v-1.256a19.463,19.463,0,0,0,8.465-15.676v-185.618a19.027,19.027,0,0,0-8.465-15.678v-1.254H403.764l5.329,33.862h-1.88c-2.509-5.017-8.153-7.838-15.051-7.838H333.529v47.658h47.032a19.938,19.938,0,0,0,15.678-7.524h1.252v41.075Z\" fill=\"#116899\"\/>\n      <path id=\"Tracciato_182\" data-name=\"Tracciato 182\" d=\"M463.02,10391.936a19.462,19.462,0,0,0,8.466-15.676v-185.618a19.026,19.026,0,0,0-8.466-15.678v-1.254h45.465v1.254a18.751,18.751,0,0,0-8.153,15.678v176.525h53.93c6.9,0,12.542-3.135,14.736-7.839h1.882l-5.958,33.863H463.02Z\" fill=\"#116899\"\/>\n      <path id=\"Tracciato_183\" data-name=\"Tracciato 183\" d=\"M612.266,10391.936a19.463,19.463,0,0,0,8.465-15.676v-185.618a19.027,19.027,0,0,0-8.465-15.678v-1.254h45.465v1.254a18.751,18.751,0,0,0-8.153,15.678v176.525h82.777c6.583,0,12.541-3.135,14.736-7.839h1.567l-4.7,33.863H612.266Z\" fill=\"#116899\"\/>\n      <path id=\"Tracciato_184\" data-name=\"Tracciato 184\" d=\"M717.3,10266.206c0-41.389,32.3-74.624,72.742-74.624s72.43,33.235,72.43,74.624c0,41.7-31.982,74.623-72.43,74.623S717.3,10307.906,717.3,10266.206Zm72.742,47.972c25.712,0,45.465-20.693,45.465-47.972s-19.753-47.66-45.465-47.66c-26.023,0-45.777,20.381-45.777,47.66S764.023,10314.178,790.046,10314.178Z\" fill=\"#116899\"\/>\n    <\/g>\n  <\/g>\n<\/svg>\n<\/div>\n<p><img decoding=\"async\" src=\"\/wp-content\/uploads\/2024\/08\/Panettone-excellence-5kg_Linea-Tamburelli_8002114010182.png\" alt=\"\" title=\"\"><\/p>\n<div>\n<p>Nous avons \u00ab d\u00e9poussi\u00e9r\u00e9 \u00bb l&#8217;emballage qui contenait les <strong>premiers Panettoni de Vergani<\/strong> : le classique \u00ab tamburello \u00bb. Dans les ann\u00e9es 1950, les Panettoni \u00e9taient envoy\u00e9s par courrier, et les paquets \u00e9taient attach\u00e9s avec de la ficelle. Envie de nostalgie pour le vintage ? Le \u00ab tamburello \u00bb est fait pour vous ! <br \/>Ingr\u00e9dients de qualit\u00e9 sup\u00e9rieure : \u00e9corces d&rsquo;orange italiennes, vanille Bourbon de Madagascar, miel italien.<\/p>\n<\/div>\n<p><img decoding=\"async\" src=\"\/wp-content\/uploads\/2024\/07\/vergani_tamburelli.png\" alt=\"\" title=\"\"><\/p>\n<h2><strong>Disponible en formats:<\/strong><\/h2>\n<ul>\n<li>\n<div>Panettone Excellence 500g<\/div>\n<\/li>\n<li>\n<div>Panettone Excellence 1000g<\/div>\n<\/li>\n<li>\n<div> Panettone Excellence 3000g\n<\/div>\n<\/li>\n<li>\n<div>Panettone Excellence 5000g<\/div>\n<\/li>\n<\/ul>\n<p><!--more--><br \/>\n<!-- {\"type\":\"layout\",\"children\":[{\"type\":\"section\",\"props\":{\"image_position\":\"center-center\",\"padding_remove_bottom\":true,\"padding_remove_top\":true,\"preserve_color\":true,\"style\":\"primary\",\"title_breakpoint\":\"xl\",\"title_position\":\"top-left\",\"title_rotation\":\"left\",\"vertical_align\":\"middle\",\"width\":\"default\"},\"children\":[{\"type\":\"row\",\"children\":[{\"type\":\"column\",\"props\":{\"image_position\":\"center-center\",\"padding\":\"xsmall\",\"position_sticky_breakpoint\":\"m\",\"style\":\"card-default\"},\"children\":[{\"type\":\"fragment\",\"props\":{\"css\":\"@media (min-width: 960px) {\\n    .uk-width-2-5\\\\@m {\\n        width: 47%;\\n    }\\n    .uk-width-3-5\\\\@m {\\n        width: 53%;\\n    }\\n}\",\"margin\":\"default\"},\"children\":[{\"type\":\"row\",\"props\":{\"column_gap\":\"collapse\",\"layout\":\"2-5,3-5\"},\"children\":[{\"type\":\"column\",\"props\":{\"image_position\":\"center-center\",\"position_sticky_breakpoint\":\"m\",\"vertical_align\":\"middle\",\"width_medium\":\"2-5\",\"width_small\":\"1-2\"},\"children\":[{\"type\":\"text\",\"props\":{\"column_breakpoint\":\"m\",\"content\":\"<svg xmlns=\\\"http:\\\/\\\/www.w3.org\\\/2000\\\/svg\\\" width=\\\"586.642\\\" height=\\\"714.271\\\" viewBox=\\\"0 0 586.642 714.271\\\">\\n  <g id=\\\"Raggruppa_116\\\" data-name=\\\"Raggruppa 116\\\" transform=\\\"translate(-281.166 -9678.921)\\\">\\n    <g id=\\\"Raggruppa_115\\\" data-name=\\\"Raggruppa 115\\\">\\n      <path id=\\\"Tracciato_175\\\" data-name=\\\"Tracciato 175\\\" d=\\\"M332.589,9897.147a19.17,19.17,0,0,0,8.151-15.678V9704.945H297.784c-6.583,0-12.541,3.135-14.736,7.837h-1.882l5.331-33.861H424.143l5.331,33.861h-1.882c-2.194-4.7-7.837-7.837-14.736-7.837h-43.27V9881.47a19.465,19.465,0,0,0,8.466,15.678v1.254H332.589Z\\\" fill=\\\"#116899\\\"\\\/>\\n      <path id=\\\"Tracciato_176\\\" data-name=\\\"Tracciato 176\\\" d=\\\"M451.106,9880.843l40.761-184.365c1.569-6.9-.627-12.854-6.9-16.3v-1.253h79.015v1.253c-6.585,3.763-8.467,9.72-6.9,16.3l40.761,184.365a28,28,0,0,0,10.972,16.3v1.254H563.357v-1.254c6.9-3.764,8.465-9.721,6.9-16.3l-9.407-43.269h-72.43l-9.72,43.269c-1.567,6.9,0,12.541,6.9,16.3v1.254H440.134v-1.254A26.316,26.316,0,0,0,451.106,9880.843Zm104.1-69.293-23.516-106.292H517.58L494.064,9811.55Z\\\" fill=\\\"#116899\\\"\\\/>\\n      <path id=\\\"Tracciato_177\\\" data-name=\\\"Tracciato 177\\\" d=\\\"M651.777,9897.147a19.467,19.467,0,0,0,8.465-15.678V9695.852a19.028,19.028,0,0,0-8.465-15.678v-1.253h47.659v1.253c-5.958,3.449-8.153,9.72-3.762,15.991l43.268,57.692,42.956-57.692c4.7-6.271,2.509-12.855-3.762-15.991v-1.253h47.972v1.253a18.28,18.28,0,0,0-8.466,15.678V9881.47a18.675,18.675,0,0,0,8.466,15.678v1.254H780.33v-1.254a19.465,19.465,0,0,0,8.466-15.678V9734.418l-49.227,65.844h-1.254l-49.226-65.844V9881.47a19.171,19.171,0,0,0,8.152,15.678v1.254H651.777Z\\\" fill=\\\"#116899\\\"\\\/>\\n      <path id=\\\"Tracciato_178\\\" data-name=\\\"Tracciato 178\\\" d=\\\"M296.217,10144.542a19.468,19.468,0,0,0,8.465-15.677V9943.247a19.026,19.026,0,0,0-8.465-15.678v-1.254h62.395c47.346,0,65.844,22.889,65.844,50.48a48.3,48.3,0,0,1-28.845,44.836c22.262,5.958,45.778,25.4,45.778,60.2,0,39.193-27.9,63.963-73.684,63.963H296.217Zm61.768-133.57c26.025,0,37.626-12.542,37.626-30.1,0-18.5-12.856-28.532-35.43-28.532H333.529v58.633Zm5.018,108.8c31.039,0,49.539-15.051,49.539-41.074,0-29.16-23.829-41.7-48.912-41.7h-30.1v82.775Z\\\" fill=\\\"#116899\\\"\\\/>\\n      <path id=\\\"Tracciato_179\\\" data-name=\\\"Tracciato 179\\\" d=\\\"M498.767,10072.74V9943.247a19.026,19.026,0,0,0-8.465-15.678v-1.254h46.092v1.254a19.021,19.021,0,0,0-8.465,15.678v129.493c0,33.862,13.794,52.048,40.759,52.048,26.652,0,40.448-18.186,40.448-52.048V9943.247a18.747,18.747,0,0,0-8.153-15.678v-1.254h45.778v1.254a18.747,18.747,0,0,0-8.153,15.678v129.493c0,48.6-23.2,78.7-69.92,78.7C521.656,10151.44,498.767,10121.339,498.767,10072.74Z\\\" fill=\\\"#116899\\\"\\\/>\\n      <path id=\\\"Tracciato_180\\\" data-name=\\\"Tracciato 180\\\" d=\\\"M748.975,10144.542v1.254H703.51v-1.254a19.468,19.468,0,0,0,8.465-15.677V9943.247a19.026,19.026,0,0,0-8.465-15.678v-1.254H768.1c47.032,0,75.252,22.262,75.252,61.141,0,31.041-19.753,51.108-51.421,57.692,29.472,12.854,32.608,92.183,72.115,92.183,2.822,0,3.763.626,3.763,2.508,0,3.763-7.212,9.406-18.5,9.406-56.752,0-54.557-98.14-90.929-98.14H740.822v77.76A19.171,19.171,0,0,0,748.975,10144.542Zm20.694-119.461c27.9,0,44.837-13.168,44.837-37.312s-15.051-35.43-44.837-35.43H740.822v72.742Z\\\" fill=\\\"#116899\\\"\\\/>\\n      <path id=\\\"Tracciato_181\\\" data-name=\\\"Tracciato 181\\\" d=\\\"M396.239,10280.943a19.936,19.936,0,0,0-15.678-7.526H333.529v93.75h68.038c6.586,0,12.229-3.135,14.738-7.839h1.568l-5.331,33.863H296.217v-1.256a19.463,19.463,0,0,0,8.465-15.676v-185.618a19.027,19.027,0,0,0-8.465-15.678v-1.254H403.764l5.329,33.862h-1.88c-2.509-5.017-8.153-7.838-15.051-7.838H333.529v47.658h47.032a19.938,19.938,0,0,0,15.678-7.524h1.252v41.075Z\\\" fill=\\\"#116899\\\"\\\/>\\n      <path id=\\\"Tracciato_182\\\" data-name=\\\"Tracciato 182\\\" d=\\\"M463.02,10391.936a19.462,19.462,0,0,0,8.466-15.676v-185.618a19.026,19.026,0,0,0-8.466-15.678v-1.254h45.465v1.254a18.751,18.751,0,0,0-8.153,15.678v176.525h53.93c6.9,0,12.542-3.135,14.736-7.839h1.882l-5.958,33.863H463.02Z\\\" fill=\\\"#116899\\\"\\\/>\\n      <path id=\\\"Tracciato_183\\\" data-name=\\\"Tracciato 183\\\" d=\\\"M612.266,10391.936a19.463,19.463,0,0,0,8.465-15.676v-185.618a19.027,19.027,0,0,0-8.465-15.678v-1.254h45.465v1.254a18.751,18.751,0,0,0-8.153,15.678v176.525h82.777c6.583,0,12.541-3.135,14.736-7.839h1.567l-4.7,33.863H612.266Z\\\" fill=\\\"#116899\\\"\\\/>\\n      <path id=\\\"Tracciato_184\\\" data-name=\\\"Tracciato 184\\\" d=\\\"M717.3,10266.206c0-41.389,32.3-74.624,72.742-74.624s72.43,33.235,72.43,74.624c0,41.7-31.982,74.623-72.43,74.623S717.3,10307.906,717.3,10266.206Zm72.742,47.972c25.712,0,45.465-20.693,45.465-47.972s-19.753-47.66-45.465-47.66c-26.023,0-45.777,20.381-45.777,47.66S764.023,10314.178,790.046,10314.178Z\\\" fill=\\\"#116899\\\"\\\/>\\n    <\\\/g>\\n  <\\\/g>\\n<\\\/svg>\\n\",\"margin\":\"default\"}}]},{\"type\":\"column\",\"props\":{\"image_position\":\"center-center\",\"position_sticky_breakpoint\":\"m\",\"width_medium\":\"3-5\",\"width_small\":\"1-2\"},\"children\":[{\"type\":\"image\",\"props\":{\"css\":\".el-image{\\n\\ttransform: translatex(7%);\\n}\",\"image\":\"wp-content\\\/uploads\\\/2024\\\/08\\\/Panettone-excellence-5kg_Linea-Tamburelli_8002114010182.png\",\"image_svg_color\":\"emphasis\",\"margin\":\"default\"}}]}]}]},{\"type\":\"text\",\"props\":{\"column_breakpoint\":\"m\",\"content\":\"\n\n<p>Nous avons \\u00ab d\\u00e9poussi\\u00e9r\\u00e9 \\u00bb l'emballage qui contenait les <strong>premiers Panettoni de Vergani<\\\/strong> : le classique \\u00ab tamburello \\u00bb. Dans les ann\\u00e9es 1950, les Panettoni \\u00e9taient envoy\\u00e9s par courrier, et les paquets \\u00e9taient attach\\u00e9s avec de la ficelle. Envie de nostalgie pour le vintage ? Le \\u00ab tamburello \\u00bb est fait pour vous ! <br \\\/>Ingr\\u00e9dients de qualit\\u00e9 sup\\u00e9rieure : \\u00e9corces d'orange italiennes, vanille Bourbon de Madagascar, miel italien.<\\\/p>\",\"margin\":\"\",\"text_color\":\"primary\"}},{\"type\":\"fragment\",\"props\":{\"margin\":\"default\",\"margin_remove_top\":true},\"children\":[{\"type\":\"row\",\"props\":{\"layout\":\"1-2,1-2\",\"width\":\"small\"},\"children\":[{\"type\":\"column\",\"props\":{\"image_position\":\"center-center\",\"position_sticky_breakpoint\":\"m\",\"width_small\":\"1-2\"},\"children\":[{\"type\":\"image\",\"props\":{\"image\":\"wp-content\\\/uploads\\\/2024\\\/07\\\/vergani_tamburelli.png\",\"image_svg_color\":\"emphasis\",\"margin\":\"default\",\"text_align\":\"right\",\"text_align_breakpoint\":\"s\",\"text_align_fallback\":\"center\"}}]},{\"type\":\"column\",\"props\":{\"image_position\":\"center-center\",\"position_sticky_breakpoint\":\"m\",\"vertical_align\":\"middle\",\"width_small\":\"1-2\"},\"children\":[{\"type\":\"headline\",\"props\":{\"content\":\"<strong>Disponible en formats:<\\\/strong>\",\"css\":\".el-element{\\n\\ttext-transform: none;\\n}\\nstrong{\\n\\tfont-weight: 700;\\n}\",\"title_color\":\"primary\",\"title_element\":\"h2\",\"title_font_family\":\"primary\",\"title_style\":\"h4\"}},{\"type\":\"list\",\"props\":{\"column_breakpoint\":\"m\",\"css\":\"li{\\n\\tcolor: #116899;\\n}\",\"image_align\":\"left\",\"image_svg_color\":\"emphasis\",\"image_vertical_align\":true,\"list_element\":\"ul\",\"list_horizontal_separator\":\", \",\"list_marker\":\"disc\",\"list_marker_color\":\"primary\",\"list_type\":\"vertical\",\"show_image\":true,\"show_link\":true},\"children\":[{\"type\":\"list_item\",\"props\":{\"content\":\"Panettone Excellence 500g\"}},{\"type\":\"list_item\",\"props\":{\"content\":\"Panettone Excellence 1000g\"}},{\"type\":\"list_item\",\"props\":{\"content\":\" Panettone Excellence 3000g\\n\"}},{\"type\":\"list_item\",\"props\":{\"content\":\"Panettone Excellence 5000g\"}}]}]}]}]}]}],\"props\":{\"class\":\"prima-sezione-titolo\",\"css\":\".el-row{\\n\\tposition: relative;\\n}\",\"height\":\"pixels\",\"height_viewport\":400}}]}],\"version\":\"4.4.8\"} --><\/p>\n","protected":false},"excerpt":{"rendered":"<p>Nous avons \u00ab d\u00e9poussi\u00e9r\u00e9 \u00bb l&#8217;emballage qui contenait les premiers Panettoni de Vergani : le classique \u00ab tamburello \u00bb. Dans les ann\u00e9es 1950, les Panettoni \u00e9taient envoy\u00e9s par courrier, et les paquets \u00e9taient attach\u00e9s avec de la ficelle. Envie de nostalgie pour le vintage ? Le \u00ab tamburello \u00bb est fait pour vous ! Ingr\u00e9dients [&hellip;]<\/p>\n","protected":false},"author":2,"featured_media":0,"parent":3095,"menu_order":0,"comment_status":"closed","ping_status":"closed","template":"","meta":{"footnotes":""},"class_list":["post-3166","page","type-page","status-publish","hentry"],"_links":{"self":[{"href":"https:\/\/panettonevergani.com\/fr\/wp-json\/wp\/v2\/pages\/3166","targetHints":{"allow":["GET"]}}],"collection":[{"href":"https:\/\/panettonevergani.com\/fr\/wp-json\/wp\/v2\/pages"}],"about":[{"href":"https:\/\/panettonevergani.com\/fr\/wp-json\/wp\/v2\/types\/page"}],"author":[{"embeddable":true,"href":"https:\/\/panettonevergani.com\/fr\/wp-json\/wp\/v2\/users\/2"}],"replies":[{"embeddable":true,"href":"https:\/\/panettonevergani.com\/fr\/wp-json\/wp\/v2\/comments?post=3166"}],"version-history":[{"count":3,"href":"https:\/\/panettonevergani.com\/fr\/wp-json\/wp\/v2\/pages\/3166\/revisions"}],"predecessor-version":[{"id":4229,"href":"https:\/\/panettonevergani.com\/fr\/wp-json\/wp\/v2\/pages\/3166\/revisions\/4229"}],"up":[{"embeddable":true,"href":"https:\/\/panettonevergani.com\/fr\/wp-json\/wp\/v2\/pages\/3095"}],"wp:attachment":[{"href":"https:\/\/panettonevergani.com\/fr\/wp-json\/wp\/v2\/media?parent=3166"}],"curies":[{"name":"wp","href":"https:\/\/api.w.org\/{rel}","templated":true}]}}